{"id":580,"date":"2023-02-15T10:53:58","date_gmt":"2023-02-15T09:53:58","guid":{"rendered":"https:\/\/www.humbach.de\/?page_id=580"},"modified":"2024-06-13T15:20:55","modified_gmt":"2024-06-13T13:20:55","slug":"%e8%b4%a8%e9%87%8f","status":"publish","type":"page","link":"https:\/\/www.humbach.de\/zh\/unternehmen\/qualitaet\/","title":{"rendered":"\u8d28\u91cf"},"content":{"rendered":"<div data-elementor-type=\"wp-page\" data-elementor-id=\"580\" class=\"elementor elementor-580\" data-elementor-post-type=\"page\">\n\t\t\t\t<div class=\"elementor-element elementor-element-3b3d4ed3 e-flex e-con-boxed e-con e-parent\" data-id=\"3b3d4ed3\" data-element_type=\"container\" data-e-type=\"container\" data-settings=\"{&quot;background_background&quot;:&quot;classic&quot;}\">\n\t\t\t\t\t<div class=\"e-con-inner\">\n\t\t<div class=\"elementor-element elementor-element-313e8ea8 e-flex e-con-boxed e-con e-child\" data-id=\"313e8ea8\" data-element_type=\"container\" data-e-type=\"container\">\n\t\t\t\t\t<div class=\"e-con-inner\">\n\t\t\t\t\t<\/div>\n\t\t\t\t<\/div>\n\t\t\t\t\t<\/div>\n\t\t\t\t<\/div>\n\t\t<div class=\"elementor-element elementor-element-da8d209 e-flex e-con-boxed e-con e-parent\" data-id=\"da8d209\" data-element_type=\"container\" data-e-type=\"container\">\n\t\t\t\t\t<div class=\"e-con-inner\">\n\t\t<div class=\"elementor-element elementor-element-adcd7d3 e-flex e-con-boxed e-con e-child\" data-id=\"adcd7d3\" data-element_type=\"container\" data-e-type=\"container\">\n\t\t\t\t\t<div class=\"e-con-inner\">\n\t\t\t\t<div class=\"elementor-element elementor-element-289edb8 elementor-widget elementor-widget-heading\" data-id=\"289edb8\" data-element_type=\"widget\" data-e-type=\"widget\" data-widget_type=\"heading.default\">\n\t\t\t\t<div class=\"elementor-widget-container\">\n\t\t\t\t\t<h2 class=\"elementor-heading-title elementor-size-default\">\u5bf9\u5168\u9762\u6027\u80fd\u7684\u9ad8\u8981\u6c42<\/h2>\t\t\t\t<\/div>\n\t\t\t\t<\/div>\n\t\t\t\t<div class=\"elementor-element elementor-element-d6acd59 elementor-widget elementor-widget-text-editor\" data-id=\"d6acd59\" data-element_type=\"widget\" data-e-type=\"widget\" data-widget_type=\"text-editor.default\">\n\t\t\t\t<div class=\"elementor-widget-container\">\n\t\t\t\t\t\t\t\t\t<p>\u6211\u4eec\u627f\u8bfa\u9ad8\u8d28\u91cf\uff0c\u5e76\u4e0d\u662f\u4e3a\u4e86\u81ea\u6211\u63a8\u9500\u3002\u6211\u4eec\u5e0c\u671b\u4e3a\u60a8\u63d0\u4f9b\u503c\u5f97\u4fe1\u8d56\u7684\u4ea7\u54c1\uff0c\u8ba9\u60a8\u5728\u4f7f\u7528\u8fc7\u7a0b\u4e2d\u83b7\u5f97\u771f\u6b63\u7684\u9644\u52a0\u503c\u3002\u56e0\u6b64\uff0c\u6211\u4eec\u7684\u9ad8\u8d28\u91cf\u6807\u51c6\u8d2f\u7a7f\u6574\u4e2a\u516c\u53f8\uff1a\u4f8b\u5982\uff0c\u6211\u4eec\u8fd8\u5bf9\u5458\u5de5\u8fdb\u884c\u6301\u7eed\u7684\u57f9\u8bad\uff0c\u6216\u5728\u4e0e\u5408\u4f5c\u4f19\u4f34\u7684\u5408\u4f5c\u4e2d\u6700\u5927\u9650\u5ea6\u5730\u53d1\u6325\u4e13\u4e1a\u7cbe\u795e\u3002\u6211\u4eec\u6309\u7167\u6c7d\u8f66\u6807\u51c6\u4e3a\u5404\u884c\u5404\u4e1a\u751f\u4ea7\u96f6\u90e8\u4ef6\uff0c\u5e76\u5728\u7ecf\u8fc7\u8ba4\u8bc1\u7684\u8d28\u91cf\u7ba1\u7406\u4f53\u7cfb\u7684\u5e2e\u52a9\u4e0b\u8fbe\u5230\u6700\u9ad8\u6807\u51c6\u3002\u901a\u8fc7 100% \u68c0\u9a8c\uff08\u4f8b\u5982\u5bc6\u5c01\u6027\u68c0\u9a8c\uff09\u3001\u4f18\u5316\u4ed3\u50a8\u548c\u9884\u5236\u6837\u54c1\u4ee5\u53ca\u521d\u59cb\u6837\u54c1\u6d4b\u8bd5\u62a5\u544a\u7b49\u670d\u52a1\uff0c\u6211\u4eec\u53ef\u4ee5\u907f\u514d\u9000\u8d27\u5e76\u4fdd\u8bc1\u60a8\u7684\u4ea7\u54c1\u6027\u80fd\u3002<\/p><p>\u6211\u4eec\u7684\u8d28\u91cf\u503c\u5f97\u9a84\u50b2--\u767d\u7eb8\u9ed1\u5b57\u5199\u660e\uff1aHumbach \u662f\u4e00\u5bb6\u901a\u8fc7\u591a\u91cd\u8ba4\u8bc1\u7684\u516c\u53f8\uff0c\u6211\u4eec\u751a\u81f3\u80fd\u591f\u6ee1\u8db3\u6700\u82db\u523b\u7684\u6807\u51c6\u3002<\/p>\t\t\t\t\t\t\t\t<\/div>\n\t\t\t\t<\/div>\n\t\t\t\t\t<\/div>\n\t\t\t\t<\/div>\n\t\t<div class=\"elementor-element elementor-element-b3abda2 e-flex e-con-boxed e-con e-child\" data-id=\"b3abda2\" data-element_type=\"container\" data-e-type=\"container\">\n\t\t\t\t\t<div class=\"e-con-inner\">\n\t\t\t\t<div class=\"elementor-element elementor-element-b2c257a elementor-widget elementor-widget-heading\" data-id=\"b2c257a\" data-element_type=\"widget\" data-e-type=\"widget\" data-widget_type=\"heading.default\">\n\t\t\t\t<div class=\"elementor-widget-container\">\n\t\t\t\t\t<h2 class=\"elementor-heading-title elementor-size-default\">\u5bf9\u5168\u9762\u6027\u80fd\u7684\u9ad8\u8981\u6c42<\/h2>\t\t\t\t<\/div>\n\t\t\t\t<\/div>\n\t\t\t\t<div class=\"elementor-element elementor-element-480df49 elementor-widget elementor-widget-text-editor\" data-id=\"480df49\" data-element_type=\"widget\" data-e-type=\"widget\" data-widget_type=\"text-editor.default\">\n\t\t\t\t<div class=\"elementor-widget-container\">\n\t\t\t\t\t\t\t\t\t<p>\u6211\u4eec\u627f\u8bfa\u9ad8\u8d28\u91cf\uff0c\u5e76\u4e0d\u662f\u4e3a\u4e86\u81ea\u6211\u63a8\u9500\u3002\u6211\u4eec\u5e0c\u671b\u4e3a\u60a8\u63d0\u4f9b\u503c\u5f97\u4fe1\u8d56\u7684\u4ea7\u54c1\uff0c\u8ba9\u60a8\u5728\u4f7f\u7528\u8fc7\u7a0b\u4e2d\u83b7\u5f97\u771f\u6b63\u7684\u9644\u52a0\u503c\u3002\u56e0\u6b64\uff0c\u6211\u4eec\u7684\u9ad8\u8d28\u91cf\u6807\u51c6\u8d2f\u7a7f\u6574\u4e2a\u516c\u53f8\uff1a\u4f8b\u5982\uff0c\u6211\u4eec\u8fd8\u5bf9\u5458\u5de5\u8fdb\u884c\u6301\u7eed\u7684\u57f9\u8bad\uff0c\u6216\u5728\u4e0e\u5408\u4f5c\u4f19\u4f34\u7684\u5408\u4f5c\u4e2d\u6700\u5927\u9650\u5ea6\u5730\u53d1\u6325\u4e13\u4e1a\u7cbe\u795e\u3002\u6211\u4eec\u6309\u7167\u6c7d\u8f66\u6807\u51c6\u4e3a\u5404\u884c\u5404\u4e1a\u751f\u4ea7\u96f6\u90e8\u4ef6\uff0c\u5e76\u5728\u7ecf\u8fc7\u8ba4\u8bc1\u7684\u8d28\u91cf\u7ba1\u7406\u4f53\u7cfb\u7684\u5e2e\u52a9\u4e0b\u8fbe\u5230\u6700\u9ad8\u6807\u51c6\u3002\u901a\u8fc7 100% \u68c0\u9a8c\uff08\u4f8b\u5982\u5bc6\u5c01\u6027\u68c0\u9a8c\uff09\u3001\u4f18\u5316\u4ed3\u50a8\u548c\u9884\u5236\u6837\u54c1\u4ee5\u53ca\u521d\u59cb\u6837\u54c1\u6d4b\u8bd5\u62a5\u544a\u7b49\u670d\u52a1\uff0c\u6211\u4eec\u53ef\u4ee5\u907f\u514d\u9000\u8d27\u5e76\u4fdd\u8bc1\u60a8\u7684\u4ea7\u54c1\u6027\u80fd\u3002<\/p><p>\u6211\u4eec\u7684\u8d28\u91cf\u503c\u5f97\u9a84\u50b2--\u767d\u7eb8\u9ed1\u5b57\u5199\u660e\uff1aHumbach \u662f\u4e00\u5bb6\u901a\u8fc7\u591a\u91cd\u8ba4\u8bc1\u7684\u516c\u53f8\uff0c\u6211\u4eec\u751a\u81f3\u80fd\u591f\u6ee1\u8db3\u6700\u82db\u523b\u7684\u6807\u51c6\u3002<\/p>\t\t\t\t\t\t\t\t<\/div>\n\t\t\t\t<\/div>\n\t\t\t\t\t<\/div>\n\t\t\t\t<\/div>\n\t\t\t\t\t<\/div>\n\t\t\t\t<\/div>\n\t\t<div class=\"elementor-element elementor-element-f36480a e-flex e-con-boxed e-con e-parent\" data-id=\"f36480a\" data-element_type=\"container\" data-e-type=\"container\" data-settings=\"{&quot;background_background&quot;:&quot;classic&quot;}\">\n\t\t\t\t\t<div class=\"e-con-inner\">\n\t\t<div class=\"elementor-element elementor-element-ae477ea e-con-full e-flex elementor-invisible e-con e-child\" data-id=\"ae477ea\" data-element_type=\"container\" data-e-type=\"container\" data-settings=\"{&quot;background_background&quot;:&quot;classic&quot;,&quot;animation&quot;:&quot;fadeInUp&quot;}\">\n\t\t\t\t<div class=\"elementor-element elementor-element-9eb5a88 elementor-widget elementor-widget-image\" data-id=\"9eb5a88\" data-element_type=\"widget\" data-e-type=\"widget\" data-widget_type=\"image.default\">\n\t\t\t\t<div class=\"elementor-widget-container\">\n\t\t\t\t\t\t\t\t\t\t\t\t\t\t\t\t<a href=\"https:\/\/www.humbach.de\/wp-content\/uploads\/2024\/06\/9001_Humbach_deu.pdf\" target=\"_blank\">\n\t\t\t\t\t\t\t<img decoding=\"async\" width=\"198\" height=\"156\" src=\"https:\/\/www.humbach.de\/wp-content\/uploads\/2023\/02\/zertifikat1.png\" class=\"attachment-medium size-medium wp-image-892\" alt=\"\" srcset=\"https:\/\/www.humbach.de\/wp-content\/uploads\/2023\/02\/zertifikat1.png 198w, https:\/\/www.humbach.de\/wp-content\/uploads\/2023\/02\/zertifikat1-15x12.png 15w\" sizes=\"(max-width: 198px) 100vw, 198px\" \/>\t\t\t\t\t\t\t\t<\/a>\n\t\t\t\t\t\t\t\t\t\t\t\t\t\t\t<\/div>\n\t\t\t\t<\/div>\n\t\t\t\t<div class=\"elementor-element elementor-element-47c3f1f elementor-widget elementor-widget-heading\" data-id=\"47c3f1f\" data-element_type=\"widget\" data-e-type=\"widget\" data-widget_type=\"heading.default\">\n\t\t\t\t<div class=\"elementor-widget-container\">\n\t\t\t\t\t<p class=\"elementor-heading-title elementor-size-default\"><a href=\"https:\/\/www.humbach.de\/wp-content\/uploads\/2024\/06\/9001_Humbach_deu.pdf\" target=\"_blank\">DIN EN ISO 9001:2015<\/a><\/p>\t\t\t\t<\/div>\n\t\t\t\t<\/div>\n\t\t\t\t<\/div>\n\t\t<div class=\"elementor-element elementor-element-0cfc0ca e-con-full e-flex elementor-invisible e-con e-child\" data-id=\"0cfc0ca\" data-element_type=\"container\" data-e-type=\"container\" data-settings=\"{&quot;background_background&quot;:&quot;classic&quot;,&quot;animation&quot;:&quot;fadeInUp&quot;,&quot;animation_delay&quot;:200}\">\n\t\t\t\t<div class=\"elementor-element elementor-element-2180c09 elementor-widget elementor-widget-image\" data-id=\"2180c09\" data-element_type=\"widget\" data-e-type=\"widget\" data-widget_type=\"image.default\">\n\t\t\t\t<div class=\"elementor-widget-container\">\n\t\t\t\t\t\t\t\t\t\t\t\t\t\t\t\t<a href=\"https:\/\/www.humbach.de\/wp-content\/uploads\/2023\/02\/SZI_Zertifikat_16949_2016_deutsch.pdf\" target=\"_blank\">\n\t\t\t\t\t\t\t<img decoding=\"async\" width=\"201\" height=\"162\" src=\"https:\/\/www.humbach.de\/wp-content\/uploads\/2023\/02\/zertifikat.png\" class=\"attachment-medium size-medium wp-image-891\" alt=\"\" srcset=\"https:\/\/www.humbach.de\/wp-content\/uploads\/2023\/02\/zertifikat.png 201w, https:\/\/www.humbach.de\/wp-content\/uploads\/2023\/02\/zertifikat-15x12.png 15w\" sizes=\"(max-width: 201px) 100vw, 201px\" \/>\t\t\t\t\t\t\t\t<\/a>\n\t\t\t\t\t\t\t\t\t\t\t\t\t\t\t<\/div>\n\t\t\t\t<\/div>\n\t\t\t\t<div class=\"elementor-element elementor-element-e9f8439 elementor-widget elementor-widget-heading\" data-id=\"e9f8439\" data-element_type=\"widget\" data-e-type=\"widget\" data-widget_type=\"heading.default\">\n\t\t\t\t<div class=\"elementor-widget-container\">\n\t\t\t\t\t<p class=\"elementor-heading-title elementor-size-default\"><a href=\"https:\/\/www.humbach.de\/wp-content\/uploads\/2023\/02\/SZI_Zertifikat_16949_2016_deutsch.pdf\" target=\"_blank\">IATF 16949:2016\n<br><\/a><\/p>\t\t\t\t<\/div>\n\t\t\t\t<\/div>\n\t\t\t\t<div class=\"elementor-element elementor-element-28c0f63 elementor-widget elementor-widget-heading\" data-id=\"28c0f63\" data-element_type=\"widget\" data-e-type=\"widget\" data-widget_type=\"heading.default\">\n\t\t\t\t<div class=\"elementor-widget-container\">\n\t\t\t\t\t<p class=\"elementor-heading-title elementor-size-default\"><a href=\"https:\/\/www.humbach.de\/wp-content\/uploads\/2023\/02\/SZI_Zertifikat_16949_2016_deutsch.pdf\" target=\"_blank\">Wir wenden die Regeln und Standards der International Automotive Task Force (IATF) in unserem Unternehmen an, \num sicherzustellen, dass unsere Prozesse und Produkte den branchenweit anerkannten Qualit\u00e4tsstandards entsprechen. \nWir haben uns jedoch entschieden, derzeit keine Zertifizierung gem\u00e4\u00df den IATF-Standards zu beantragen.\n<\/a><\/p>\t\t\t\t<\/div>\n\t\t\t\t<\/div>\n\t\t\t\t<\/div>\n\t\t\t\t\t<\/div>\n\t\t\t\t<\/div>\n\t\t<div class=\"elementor-element elementor-element-9b851f4 e-flex e-con-boxed e-con e-parent\" data-id=\"9b851f4\" data-element_type=\"container\" data-e-type=\"container\">\n\t\t\t\t\t<div class=\"e-con-inner\">\n\t\t\t\t\t<\/div>\n\t\t\t\t<\/div>\n\t\t\t\t<\/div>","protected":false},"excerpt":{"rendered":"<p>Hohe Anspr\u00fcche f\u00fcr volle Leistung Wenn wir hohe Qualit\u00e4t versprechen, geht es uns nicht um Selbstdarstellung. Wir m\u00f6chten Ihnen Produkte liefern, auf die Sie sich verlassen und die Sie mit echtem Mehrwert einsetzen k\u00f6nnen. Deshalb zieht sich unser hoher Qualit\u00e4tsanspruch durchs gesamte Unternehmen: Diesen setzen wir zum Beispiel auch in Form von st\u00e4ndigen Weiterbildungen f\u00fcr [&hellip;]<\/p>\n","protected":false},"author":2,"featured_media":0,"parent":55,"menu_order":0,"comment_status":"closed","ping_status":"closed","template":"","meta":{"site-sidebar-layout":"no-sidebar","site-content-layout":"page-builder","ast-site-content-layout":"","site-content-style":"default","site-sidebar-style":"default","ast-global-header-display":"","ast-banner-title-visibility":"","ast-main-header-display":"","ast-hfb-above-header-display":"","ast-hfb-below-header-display":"","ast-hfb-mobile-header-display":"","site-post-title":"disabled","ast-breadcrumbs-content":"","ast-featured-img":"disabled","footer-sml-layout":"","theme-transparent-header-meta":"","adv-header-id-meta":"","stick-header-meta":"","header-above-stick-meta":"","header-main-stick-meta":"","header-below-stick-meta":"","astra-migrate-meta-layouts":"default","ast-page-background-enabled":"default","ast-page-background-meta":{"desktop":{"background-color":"var(--ast-global-color-4)","background-image":"","background-repeat":"repeat","background-position":"center center","background-size":"auto","background-attachment":"scroll","background-type":"","background-media":"","overlay-type":"","overlay-color":"","overlay-opacity":"","overlay-gradient":""},"tablet":{"background-color":"","background-image":"","background-repeat":"repeat","background-position":"center center","background-size":"auto","background-attachment":"scroll","background-type":"","background-media":"","overlay-type":"","overlay-color":"","overlay-opacity":"","overlay-gradient":""},"mobile":{"background-color":"","background-image":"","background-repeat":"repeat","background-position":"center center","background-size":"auto","background-attachment":"scroll","background-type":"","background-media":"","overlay-type":"","overlay-color":"","overlay-opacity":"","overlay-gradient":""}},"ast-content-background-meta":{"desktop":{"background-color":"var(--ast-global-color-5)","background-image":"","background-repeat":"repeat","background-position":"center center","background-size":"auto","background-attachment":"scroll","background-type":"","background-media":"","overlay-type":"","overlay-color":"","overlay-opacity":"","overlay-gradient":""},"tablet":{"background-color":"var(--ast-global-color-5)","background-image":"","background-repeat":"repeat","background-position":"center center","background-size":"auto","background-attachment":"scroll","background-type":"","background-media":"","overlay-type":"","overlay-color":"","overlay-opacity":"","overlay-gradient":""},"mobile":{"background-color":"var(--ast-global-color-5)","background-image":"","background-repeat":"repeat","background-position":"center center","background-size":"auto","background-attachment":"scroll","background-type":"","background-media":"","overlay-type":"","overlay-color":"","overlay-opacity":"","overlay-gradient":""}},"footnotes":""},"class_list":["post-580","page","type-page","status-publish","hentry"],"yoast_head":"<!-- This site is optimized with the Yoast SEO plugin v27.2 - https:\/\/yoast.com\/product\/yoast-seo-wordpress\/ -->\n<title>Qualit\u00e4t | Humbach Group<\/title>\n<meta name=\"robots\" content=\"index, follow, max-snippet:-1, max-image-preview:large, max-video-preview:-1\" \/>\n<link rel=\"canonical\" href=\"https:\/\/www.humbach.de\/zh\/\u516c\u53f8\/\u8d28\u91cf\/\" \/>\n<meta property=\"og:locale\" content=\"zh_CN\" \/>\n<meta property=\"og:type\" content=\"article\" \/>\n<meta property=\"og:title\" content=\"Qualit\u00e4t | Humbach Group\" \/>\n<meta property=\"og:description\" content=\"Hohe Anspr\u00fcche f\u00fcr volle Leistung Wenn wir hohe Qualit\u00e4t versprechen, geht es uns nicht um Selbstdarstellung. Wir m\u00f6chten Ihnen Produkte liefern, auf die Sie sich verlassen und die Sie mit echtem Mehrwert einsetzen k\u00f6nnen. Deshalb zieht sich unser hoher Qualit\u00e4tsanspruch durchs gesamte Unternehmen: Diesen setzen wir zum Beispiel auch in Form von st\u00e4ndigen Weiterbildungen f\u00fcr [&hellip;]\" \/>\n<meta property=\"og:url\" content=\"https:\/\/www.humbach.de\/zh\/\u516c\u53f8\/\u8d28\u91cf\/\" \/>\n<meta property=\"og:site_name\" content=\"Humbach Group\" \/>\n<meta property=\"article:publisher\" content=\"https:\/\/www.facebook.com\/people\/Humbach-GmbH-Co-KG\/100090408339232\/\" \/>\n<meta property=\"article:modified_time\" content=\"2024-06-13T13:20:55+00:00\" \/>\n<meta property=\"og:image\" content=\"https:\/\/www.humbach.de\/wp-content\/uploads\/2023\/02\/zertifikat1.png\" \/>\n<meta name=\"twitter:card\" content=\"summary_large_image\" \/>\n<meta name=\"twitter:label1\" content=\"\u9884\u8ba1\u9605\u8bfb\u65f6\u95f4\" \/>\n\t<meta name=\"twitter:data1\" content=\"3 \u5206\" \/>\n<script type=\"application\/ld+json\" class=\"yoast-schema-graph\">{\"@context\":\"https:\/\/schema.org\",\"@graph\":[{\"@type\":\"WebPage\",\"@id\":\"https:\/\/www.humbach.de\/unternehmen\/qualitaet\/\",\"url\":\"https:\/\/www.humbach.de\/unternehmen\/qualitaet\/\",\"name\":\"Qualit\u00e4t | Humbach Group\",\"isPartOf\":{\"@id\":\"https:\/\/www.humbach.de\/#website\"},\"primaryImageOfPage\":{\"@id\":\"https:\/\/www.humbach.de\/unternehmen\/qualitaet\/#primaryimage\"},\"image\":{\"@id\":\"https:\/\/www.humbach.de\/unternehmen\/qualitaet\/#primaryimage\"},\"thumbnailUrl\":\"https:\/\/www.humbach.de\/wp-content\/uploads\/2023\/02\/zertifikat1.png\",\"datePublished\":\"2023-02-15T09:53:58+00:00\",\"dateModified\":\"2024-06-13T13:20:55+00:00\",\"breadcrumb\":{\"@id\":\"https:\/\/www.humbach.de\/unternehmen\/qualitaet\/#breadcrumb\"},\"inLanguage\":\"zh-Hans\",\"potentialAction\":[{\"@type\":\"ReadAction\",\"target\":[\"https:\/\/www.humbach.de\/unternehmen\/qualitaet\/\"]}]},{\"@type\":\"ImageObject\",\"inLanguage\":\"zh-Hans\",\"@id\":\"https:\/\/www.humbach.de\/unternehmen\/qualitaet\/#primaryimage\",\"url\":\"https:\/\/www.humbach.de\/wp-content\/uploads\/2023\/02\/zertifikat1.png\",\"contentUrl\":\"https:\/\/www.humbach.de\/wp-content\/uploads\/2023\/02\/zertifikat1.png\"},{\"@type\":\"BreadcrumbList\",\"@id\":\"https:\/\/www.humbach.de\/unternehmen\/qualitaet\/#breadcrumb\",\"itemListElement\":[{\"@type\":\"ListItem\",\"position\":1,\"name\":\"Home\",\"item\":\"https:\/\/www.humbach.de\/\"},{\"@type\":\"ListItem\",\"position\":2,\"name\":\"Unternehmen\",\"item\":\"https:\/\/www.humbach.de\/unternehmen\/\"},{\"@type\":\"ListItem\",\"position\":3,\"name\":\"Qualit\u00e4t\"}]},{\"@type\":\"WebSite\",\"@id\":\"https:\/\/www.humbach.de\/#website\",\"url\":\"https:\/\/www.humbach.de\/\",\"name\":\"Humbach GmbH & Co. KG\",\"description\":\"Schl\u00fcsselkomponenten f\u00fcr Ihre Produkte\",\"publisher\":{\"@id\":\"https:\/\/www.humbach.de\/#organization\"},\"potentialAction\":[{\"@type\":\"SearchAction\",\"target\":{\"@type\":\"EntryPoint\",\"urlTemplate\":\"https:\/\/www.humbach.de\/?s={search_term_string}\"},\"query-input\":{\"@type\":\"PropertyValueSpecification\",\"valueRequired\":true,\"valueName\":\"search_term_string\"}}],\"inLanguage\":\"zh-Hans\"},{\"@type\":\"Organization\",\"@id\":\"https:\/\/www.humbach.de\/#organization\",\"name\":\"Humbach GmbH & Co. KG\",\"url\":\"https:\/\/www.humbach.de\/\",\"logo\":{\"@type\":\"ImageObject\",\"inLanguage\":\"zh-Hans\",\"@id\":\"https:\/\/www.humbach.de\/#\/schema\/logo\/image\/\",\"url\":\"https:\/\/www.humbach.de\/wp-content\/uploads\/2023\/02\/2023-02-15_LOGOS_HUMBACH-grau.png\",\"contentUrl\":\"https:\/\/www.humbach.de\/wp-content\/uploads\/2023\/02\/2023-02-15_LOGOS_HUMBACH-grau.png\",\"width\":600,\"height\":270,\"caption\":\"Humbach GmbH & Co. KG\"},\"image\":{\"@id\":\"https:\/\/www.humbach.de\/#\/schema\/logo\/image\/\"},\"sameAs\":[\"https:\/\/www.facebook.com\/people\/Humbach-GmbH-Co-KG\/100090408339232\/\",\"https:\/\/www.instagram.com\/humbach.group\/\",\"https:\/\/www.linkedin.com\/company\/humbach\/\"]}]}<\/script>\n<!-- \/ Yoast SEO plugin. -->","yoast_head_json":{"title":"\u8d28\u91cf","robots":{"index":"index","follow":"follow","max-snippet":"max-snippet:-1","max-image-preview":"max-image-preview:large","max-video-preview":"max-video-preview:-1"},"canonical":"https:\/\/www.humbach.de\/zh\/\u516c\u53f8\/\u8d28\u91cf\/","og_locale":"zh_CN","og_type":"article","og_title":"Qualit\u00e4t | Humbach Group","og_description":"Hohe Anspr\u00fcche f\u00fcr volle Leistung Wenn wir hohe Qualit\u00e4t versprechen, geht es uns nicht um Selbstdarstellung. Wir m\u00f6chten Ihnen Produkte liefern, auf die Sie sich verlassen und die Sie mit echtem Mehrwert einsetzen k\u00f6nnen. Deshalb zieht sich unser hoher Qualit\u00e4tsanspruch durchs gesamte Unternehmen: Diesen setzen wir zum Beispiel auch in Form von st\u00e4ndigen Weiterbildungen f\u00fcr [&hellip;]","og_url":"https:\/\/www.humbach.de\/zh\/\u516c\u53f8\/\u8d28\u91cf\/","og_site_name":"Humbach Group","article_publisher":"https:\/\/www.facebook.com\/people\/Humbach-GmbH-Co-KG\/100090408339232\/","article_modified_time":"2024-06-13T13:20:55+00:00","og_image":[{"url":"https:\/\/www.humbach.de\/wp-content\/uploads\/2023\/02\/zertifikat1.png","type":"","width":"","height":""}],"twitter_card":"summary_large_image","twitter_misc":{"\u9884\u8ba1\u9605\u8bfb\u65f6\u95f4":"3 \u5206"},"schema":{"@context":"https:\/\/schema.org","@graph":[{"@type":"WebPage","@id":"https:\/\/www.humbach.de\/unternehmen\/qualitaet\/","url":"https:\/\/www.humbach.de\/unternehmen\/qualitaet\/","name":"\u8d28\u91cf","isPartOf":{"@id":"https:\/\/www.humbach.de\/#website"},"primaryImageOfPage":{"@id":"https:\/\/www.humbach.de\/unternehmen\/qualitaet\/#primaryimage"},"image":{"@id":"https:\/\/www.humbach.de\/unternehmen\/qualitaet\/#primaryimage"},"thumbnailUrl":"https:\/\/www.humbach.de\/wp-content\/uploads\/2023\/02\/zertifikat1.png","datePublished":"2023-02-15T09:53:58+00:00","dateModified":"2024-06-13T13:20:55+00:00","breadcrumb":{"@id":"https:\/\/www.humbach.de\/unternehmen\/qualitaet\/#breadcrumb"},"inLanguage":"zh-Hans","potentialAction":[{"@type":"ReadAction","target":["https:\/\/www.humbach.de\/unternehmen\/qualitaet\/"]}]},{"@type":"ImageObject","inLanguage":"zh-Hans","@id":"https:\/\/www.humbach.de\/unternehmen\/qualitaet\/#primaryimage","url":"https:\/\/www.humbach.de\/wp-content\/uploads\/2023\/02\/zertifikat1.png","contentUrl":"https:\/\/www.humbach.de\/wp-content\/uploads\/2023\/02\/zertifikat1.png"},{"@type":"BreadcrumbList","@id":"https:\/\/www.humbach.de\/unternehmen\/qualitaet\/#breadcrumb","itemListElement":[{"@type":"ListItem","position":1,"name":"Home","item":"https:\/\/www.humbach.de\/"},{"@type":"ListItem","position":2,"name":"Unternehmen","item":"https:\/\/www.humbach.de\/unternehmen\/"},{"@type":"ListItem","position":3,"name":"Qualit\u00e4t"}]},{"@type":"WebSite","@id":"https:\/\/www.humbach.de\/#website","url":"https:\/\/www.humbach.de\/","name":"Humbach GmbH &amp; Co.KG","description":"\u4ea7\u54c1\u7684\u5173\u952e\u90e8\u4ef6","publisher":{"@id":"https:\/\/www.humbach.de\/#organization"},"potentialAction":[{"@type":"SearchAction","target":{"@type":"EntryPoint","urlTemplate":"https:\/\/www.humbach.de\/?s={search_term_string}"},"query-input":{"@type":"PropertyValueSpecification","valueRequired":true,"valueName":"search_term_string"}}],"inLanguage":"zh-Hans"},{"@type":"Organization","@id":"https:\/\/www.humbach.de\/#organization","name":"Humbach GmbH &amp; Co.KG","url":"https:\/\/www.humbach.de\/","logo":{"@type":"ImageObject","inLanguage":"zh-Hans","@id":"https:\/\/www.humbach.de\/#\/schema\/logo\/image\/","url":"https:\/\/www.humbach.de\/wp-content\/uploads\/2023\/02\/2023-02-15_LOGOS_HUMBACH-grau.png","contentUrl":"https:\/\/www.humbach.de\/wp-content\/uploads\/2023\/02\/2023-02-15_LOGOS_HUMBACH-grau.png","width":600,"height":270,"caption":"Humbach GmbH & Co. KG"},"image":{"@id":"https:\/\/www.humbach.de\/#\/schema\/logo\/image\/"},"sameAs":["https:\/\/www.facebook.com\/people\/Humbach-GmbH-Co-KG\/100090408339232\/","https:\/\/www.instagram.com\/humbach.group\/","https:\/\/www.linkedin.com\/company\/humbach\/"]}]}},"_links":{"self":[{"href":"https:\/\/www.humbach.de\/zh\/wp-json\/wp\/v2\/pages\/580","targetHints":{"allow":["GET"]}}],"collection":[{"href":"https:\/\/www.humbach.de\/zh\/wp-json\/wp\/v2\/pages"}],"about":[{"href":"https:\/\/www.humbach.de\/zh\/wp-json\/wp\/v2\/types\/page"}],"author":[{"embeddable":true,"href":"https:\/\/www.humbach.de\/zh\/wp-json\/wp\/v2\/users\/2"}],"replies":[{"embeddable":true,"href":"https:\/\/www.humbach.de\/zh\/wp-json\/wp\/v2\/comments?post=580"}],"version-history":[{"count":55,"href":"https:\/\/www.humbach.de\/zh\/wp-json\/wp\/v2\/pages\/580\/revisions"}],"predecessor-version":[{"id":2158,"href":"https:\/\/www.humbach.de\/zh\/wp-json\/wp\/v2\/pages\/580\/revisions\/2158"}],"up":[{"embeddable":true,"href":"https:\/\/www.humbach.de\/zh\/wp-json\/wp\/v2\/pages\/55"}],"wp:attachment":[{"href":"https:\/\/www.humbach.de\/zh\/wp-json\/wp\/v2\/media?parent=580"}],"curies":[{"name":"wp","href":"https:\/\/api.w.org\/{rel}","templated":true}]}}