{"id":147,"date":"2023-02-08T16:38:20","date_gmt":"2023-02-08T15:38:20","guid":{"rendered":"https:\/\/www.humbach.de\/?page_id=147"},"modified":"2023-03-06T10:52:19","modified_gmt":"2023-03-06T09:52:19","slug":"%e8%b4%ad%e4%b9%b0%e6%9d%a1%e4%bb%b6","status":"publish","type":"page","link":"https:\/\/www.humbach.de\/zh\/einkaufsbedingungen\/","title":{"rendered":"\u8d2d\u4e70\u6761\u6b3e\u548c\u6761\u4ef6"},"content":{"rendered":"<div data-elementor-type=\"wp-page\" data-elementor-id=\"147\" class=\"elementor elementor-147\" data-elementor-post-type=\"page\">\n\t\t\t\t<div class=\"elementor-element elementor-element-42a62f7 e-flex e-con-boxed e-con e-parent\" data-id=\"42a62f7\" data-element_type=\"container\" data-e-type=\"container\" data-settings=\"{&quot;background_background&quot;:&quot;classic&quot;}\">\n\t\t\t\t\t<div class=\"e-con-inner\">\n\t\t<div class=\"elementor-element elementor-element-719a79a e-flex e-con-boxed e-con e-child\" data-id=\"719a79a\" data-element_type=\"container\" data-e-type=\"container\">\n\t\t\t\t\t<div class=\"e-con-inner\">\n\t\t\t\t<div class=\"elementor-element elementor-element-fd05739 elementor-widget elementor-widget-heading\" data-id=\"fd05739\" data-element_type=\"widget\" data-e-type=\"widget\" data-widget_type=\"heading.default\">\n\t\t\t\t<div class=\"elementor-widget-container\">\n\t\t\t\t\t<h1 class=\"elementor-heading-title elementor-size-default\">Einkaufs&amp;shybedingungen<\/h1>\t\t\t\t<\/div>\n\t\t\t\t<\/div>\n\t\t\t\t<div class=\"elementor-element elementor-element-694a03c elementor-widget elementor-widget-text-editor\" data-id=\"694a03c\" data-element_type=\"widget\" data-e-type=\"widget\" data-widget_type=\"text-editor.default\">\n\t\t\t\t<div class=\"elementor-widget-container\">\n\t\t\t\t\t\t\t\t\t<p><span style=\"color: #ffffff;\"><a style=\"color: #ffffff;\" href=\"https:\/\/www.humbach.de\/wp-content\/uploads\/2023\/02\/Humbach_EKB.pdf\" target=\"_blank\" rel=\"noopener\">PDF \u683c\u5f0f\u6587\u4ef6<\/a><\/span><\/p>\t\t\t\t\t\t\t\t<\/div>\n\t\t\t\t<\/div>\n\t\t\t\t\t<\/div>\n\t\t\t\t<\/div>\n\t\t\t\t\t<\/div>\n\t\t\t\t<\/div>\n\t\t<div class=\"elementor-element elementor-element-24a8f04 e-flex e-con-boxed e-con e-parent\" data-id=\"24a8f04\" data-element_type=\"container\" data-e-type=\"container\" data-settings=\"{&quot;background_background&quot;:&quot;classic&quot;}\">\n\t\t\t\t\t<div class=\"e-con-inner\">\n\t\t<div class=\"elementor-element elementor-element-d00d6a3 e-flex e-con-boxed e-con e-child\" data-id=\"d00d6a3\" data-element_type=\"container\" data-e-type=\"container\">\n\t\t\t\t\t<div class=\"e-con-inner\">\n\t\t\t\t<div class=\"elementor-element elementor-element-99d1fcd elementor-widget elementor-widget-text-editor\" data-id=\"99d1fcd\" data-element_type=\"widget\" data-e-type=\"widget\" data-widget_type=\"text-editor.default\">\n\t\t\t\t<div class=\"elementor-widget-container\">\n\t\t\t\t\t\t\t\t\t<p><strong>1. \u6570\u91cf<\/strong><br \/>\u6240\u5217\u6570\u91cf\u4e0e\u6846\u67b6\u534f\u8bae\u89c4\u5b9a\u671f\u9650\u5185\u7684\u9700\u6c42\u91cf\u4e00\u81f4\u3002\u8fd9\u4e9b\u90fd\u662f\u8fd1\u4f3c\u503c\uff0c\u53ef\u80fd\u4f1a\u53d7\u5230\u6b63\u5e38\u5e02\u573a\u6ce2\u52a8\u7684\u5f71\u54cd\u3002\u5982\u679c\u5230\u671f\u9650\u7ed3\u675f\u65f6\u4f7f\u7528\u7684\u6570\u91cf\u5c11\u4e8e 90%\uff0c\u5c06\u6839\u636e\u7b2c 11 \u70b9\u8fbe\u6210\u534f\u8bae\u3002\u4e0d\u8db3 10% \u7684\u5269\u4f59\u6570\u91cf\u5c06\u5230\u671f\u3002<\/p><p><strong>2. \u5956\u54c1<\/strong><br \/>\u62a5\u4ef7\u4e3a\u56fa\u5b9a\u4ef7\u683c\uff0c\u5728\u5546\u5b9a\u7684\u5408\u540c\u671f\u5185\u6709\u6548\u3002<\/p><p><strong>3. \u5408\u540c\u671f\u9650<\/strong><br \/>\u672c\u5408\u540c\u5728\u76f8\u5173\u6846\u67b6\u534f\u8bae\u89c4\u5b9a\u7684\u671f\u9650\u5185\u6709\u6548<\/p><p><strong>4. \u5ef6\u671f\u4ea4\u8d27<\/strong><br \/>\u5728\u5546\u5b9a\u7684\u6279\u91cf\u8303\u56f4\u5185\uff0c\u5e94\u4ee5\u4e66\u9762\u8ba2\u5355\u7684\u5f62\u5f0f\u8fdb\u884c\u5355\u4e2a\u8ba2\u8d2d\uff0c\u8ba2\u5355\u5e94\u63d0\u53ca\u672c\u6846\u67b6\u534f\u8bae\u3002<\/p><p><strong>5. \u6279\u91cf\u5927\u5c0f<\/strong><br \/>\u5728\u76f8\u5e94\u7684\u6846\u67b6\u534f\u8bae\u4e2d\u89c4\u5b9a\u7684\u4ea4\u8d27\u6279\u91cf\u662f\u9488\u5bf9\u76f8\u5e94\u4ea7\u54c1\u7684\u3002\u4e0e\u751f\u4ea7\u76f8\u5173\u7684\u6570\u91cf\u504f\u5dee\u53ea\u5141\u8bb8\u5728\u8d1f 5% \u6216\u6b63 10% \u7684\u8303\u56f4\u5185\u3002<\/p><p><strong>6. \u90e8\u5206\u4ea4\u8d27<\/strong><br \/>\u53ea\u6709\u5728\u83b7\u5f97 HUMBACH \u516c\u53f8\u7684\u6279\u51c6\u540e\uff0c\u65b9\u53ef\u8fdb\u884c\u4e0e\u7ea6\u5b9a\u7684\u4ea4\u8d27\u6279\u91cf\u4e0d\u540c\u7684\u90e8\u5206\u4ea4\u8d27\u3002\u56e0\u90e8\u5206\u4ea4\u8d27\u800c\u4ea7\u751f\u7684\u4efb\u4f55\u989d\u5916\u8d39\u7528\uff08\u8fd0\u8f93\u8d39\u7528\u7b49\uff09\u5e94\u7531\u4f9b\u8d27\u65b9\u627f\u62c5\u3002<\/p><p><strong>7. \u4ea4\u6362\u673a\u6784\/\u5305\u88c5<\/strong><br \/>\u5982\u679c\u6846\u67b6\u534f\u8bae\u4e2d\u6ca1\u6709\u8bf4\u660e\u5176\u4ed6\u5305\u88c5\uff0c\u4f9b\u5e94\u5546\u5fc5\u987b\u4f7f\u7528\u5408\u9002\u7684\u5305\u88c5\u3002 \u5982\u679c HUMBACH \u6307\u5b9a\u4e86\u4ea4\u6362\u4f53\uff0c\u5219\u53ea\u80fd\u4f7f\u7528\u8fd9\u4e9b\u5bb9\u5668\u3002\u4f9b\u8d27\u5546\u5e94\u5728\u4ea4\u8d27\u524d\u53ca\u65f6\u901a\u77e5HUMBACH\u6240\u9700\u7684\u5bb9\u5668\u3002\u53ea\u6709\u5728HUMBACH\u516c\u53f8\u540c\u610f\u7684\u60c5\u51b5\u4e0b\uff0c\u624d\u53ef\u4ee5\u4f7f\u7528\u4e0d\u540c\u7684\u5305\u88c5\uff1b\u5982\u679c\u4f9b\u5e94\u5546\u6709\u8d23\u4efb\uff0c\u7531\u4e8e\u4e0d\u7b26\u5408\u8981\u6c42\u800c\u4ea7\u751f\u7684\u989d\u5916\u8d39\u7528\u5c06\u7531\u4f9b\u5e94\u5546\u627f\u62c5\u6216\u4ece\u53d1\u7968\u91d1\u989d\u4e2d\u6263\u9664\u3002\u4f9b\u5e94\u5546\u5c06\u4fdd\u7559\u96c6\u88c5\u7bb1\u8d26\u76ee\uff0c\u5e76\u6839\u636e\u8981\u6c42\u53d1\u9001\u7ed9HUMBACH\u516c\u53f8\u3002<\/p><p><strong>8. \u4ea4\u8d27\u65f6\u95f4<\/strong><br \/>\u4ece\u50ac\u6536\uff08\u8ba2\u5355\uff09\u5f53\u65e5\u5230\u4ea4\u8d27\u7684\u4ea4\u8d27\u671f\u4e3a\u9879\u76ee\u8bf4\u660e\u4e2d\u89c4\u5b9a\u7684\u671f\u9650\u3002\u50ac\u6536\uff08\u8ba2\u5355\uff09\u603b\u662f\u5728\u4e00\u4e2a\u56fa\u5b9a\u7684\u65e5\u671f\u8fdb\u884c\u3002\u8be5\u65e5\u671f\u5177\u6709\u7ea6\u675f\u529b\u3002\u5982\u679c\u8d85\u8fc7\u6700\u540e\u671f\u9650\uff0c\u4f9b\u5e94\u5546\u5e94\u4ece\u7b2c\u4e00\u5929\u8d77\u8fdd\u7ea6\u4ea4\u8d27\u3002HUMBACH \u516c\u53f8\u53ef\u80fd\u4f1a\u5c06\u56e0\u8d85\u8fc7\u4ea4\u8d27\u65e5\u671f\u800c\u4ea7\u751f\u7684\u4efb\u4f55\u989d\u5916\u8d39\u7528\u8f6c\u5ac1\u7ed9\u4f9b\u8d27\u5546\uff08\u4f8b\u5982\uff0c\u5f25\u8865\u91c7\u8d2d\u3001\u91cd\u65b0\u52a0\u5de5\u5176\u4ed6\u9879\u76ee\u7b49\uff09\u3002<\/p><p><strong>9. \u751f\u4ea7\u53d1\u5e03<\/strong><br \/>\u5bf9\u4e8e\u9996\u6b21\u4f9b\u5e94\u7684\u90e8\u4ef6\uff0c\u9700\u8981\u7531 HUMBACH \u516c\u53f8\u51fa\u5177\u4e66\u9762\u53d1\u8d27\u5355 (TL)\u3002<\/p><p><strong>10. \u5f00\u5177\u53d1\u7968<\/strong><br \/>\u6211\u4eec\u8981\u6c42\u63d0\u4f9b\u5355\u5f20\u53d1\u7968\uff08\u539f\u4ef6\uff09\u3002\u6211\u4eec\u8981\u6c42\u4e3a\u6bcf\u4e2a\u8ba2\u5355\u53f7\u63d0\u4f9b\u5355\u72ec\u7684\u53d1\u7968\u3001\u9001\u8d27\u5355\u7b49\u3002\u65e0\u96c6\u4f53\u6587\u4ef6\uff01<\/p><p><strong>11. \u8bbe\u8ba1\u53d8\u66f4\/\u6807\u51c6<\/strong><br \/>\u5728\u5408\u540c\u671f\u5185\uff0c\u4f9b\u8d27\u65b9\u53ea\u6709\u5728\u4e0eHUMBACH\u516c\u53f8\u534f\u5546\u5e76\u83b7\u5f97\u4e66\u9762\u6388\u6743\u540e\uff0c\u624d\u53ef\u4ee5\u8fdb\u884c\u4efb\u4f55\u5f62\u5f0f\u7684\u8d28\u91cf\u548c\u8bbe\u8ba1\u53d8\u66f4\u3002\u5728\u6307\u5b9a\u6807\u51c6\u7684\u60c5\u51b5\u4e0b\uff0c\u5e94\u4ee5\u6700\u65b0\u6709\u6548\u7248\u672c\u4e3a\u51c6\u3002\u5982\u679cHUMBACH\u516c\u53f8\u5bf9\u56fe\u7eb8\u6216\u89c4\u5b9a\u8fdb\u884c\u66f4\u6539\uff0c\u5219\u4fdd\u8bc1\u5728\u6709\u7ea6\u675f\u529b\u7684\u57fa\u7840\u4e0a\u63a5\u53d7\u65e7\u7248\u672c\u7684\u4efb\u4f55\u5269\u4f59\u5e93\u5b58\uff0c\u6700\u591a\u4e0d\u8d85\u8fc73\u4e2a\u6279\u91cf\uff08\u89c1\u7b2c5\u70b9\uff09\uff0c\u4f46\u4ec5\u9650\u4e8e\u6846\u67b6\u534f\u8bae\u4e2d\u89c4\u5b9a\u7684\u603b\u6570\u91cf\u51cf\u53bb\u5df2\u4f9b\u5e94\u90e8\u4ef6\u7684\u6570\u91cf\u3002<\/p><p><strong>12. \u5de5\u5177\u66f4\u65b0<\/strong><br \/>\u5728\u67d0\u4e9b\u60c5\u51b5\u4e0b\uff0c\u5de5\u5177\u88ab\u7528\u4e8e\u751f\u4ea7\u4ea4\u4ed8\u7ed9HUMBACH\u516c\u53f8\u7684\u7279\u6b8a\u4ea7\u54c1\uff08\u51b2\u538b\u5de5\u5177\u3001\u6a21\u5177\u7b49\uff09\u3002\u5982\u679c\u9700\u8981\u66f4\u6362\u8fd9\u4e9b\u5de5\u5177\uff0c\u5e94\u53ca\u65f6\u901a\u77e5\u4f9b\u8d27\u5546\uff0c\u4ee5\u4fbf\u5728\u65b0\u7684\u5de5\u5177\u751f\u4ea7\u4e2d\u5bf9\u4f9b\u8d27\u9879\u76ee\u8fdb\u884c\u5fc5\u8981\u7684\u66f4\u6539\u3002<\/p><p><strong>13. \u8bc1\u4e66<\/strong><br \/>\u5982\u679c\u540c\u610f\u51fa\u5177\u65bd\u5de5\u8bc1\u4e66\uff0c\u5219\u8fd9\u4e9b\u8bc1\u4e66\u5fc5\u987b\u4e0e\u8d27\u7269\u4e00\u8d77\u53d1\u9001\u3002\u5982\u679c\u6536\u8d27\u65f6\u65e0\u6cd5\u63d0\u4f9b\u8bc1\u4e66\uff0c\u6211\u65b9\u4fdd\u7559\u62d2\u6536\u8d27\u7269\u7684\u6743\u5229\u3002\u5982\u679c\u4ecd\u63a5\u53d7\u8d27\u7269\uff0c\u5219\u5e94\u4fdd\u7559\u8fd9\u4e00\u6743\u5229\u3002\u7136\u540e\u5fc5\u987b\u5728\u4e09\u4e2a\u5de5\u4f5c\u65e5\u5185\u4ea4\u4ed8\u65bd\u5de5\u8bc1\u4e66\u3002\u5982\u679c\u6ca1\u6709\u505a\u5230\u8fd9\u4e00\u70b9\uff0cHUMBACH \u516c\u53f8\u4fdd\u7559\u7531\u4f9b\u8d27\u5546\u627f\u62c5\u8d39\u7528\u51fa\u5177\u8bc1\u4e66\u7684\u6743\u5229\u3002<\/p><p><strong>14 \u8f9e\u804c\/\u53d6\u6d88<\/strong><br \/>HUMBACH \u516c\u53f8\u53ef\u56e0\u4ee5\u4e0b\u539f\u56e0\u53d6\u6d88\u672c\u6846\u67b6\u534f\u8bae\uff1a a) \u8d28\u91cf\u4e0d\u5408\u683c\uff0c\u5373\u4f9b\u5e94\u5546\u5728\u6536\u5230\u7f3a\u9677\u4ea4\u8d27\u8b66\u544a\u540e\u518d\u6b21\u4ea4\u4ed8\u6709\u7f3a\u9677\u7684\u8d27\u7269\uff1b b) \u8d85\u8fc7\u7ea6\u5b9a\u7684\u4ea4\u8d27\u671f\u9650\uff0c\u4e14\u4f9b\u5e94\u5546\u5bf9\u8d85\u8fc7\u671f\u9650\u8d1f\u6709\u8d23\u4efb\u3002\u5982\u679c\u5728\u672c\u6846\u67b6\u534f\u8bae\u671f\u9650\u5185\uff0c\u89c4\u5b9a\u7684\u4ea4\u8d27\u65e5\u671f\u8d85\u51fa\u4e09\u4e2a\u5de5\u4f5c\u65e5\u4ee5\u4e0a\uff0c\u6216\u4e09\u6b21\u4ea4\u8d27\u5747\u63d0\u524d 5 \u5929\u4ea4\u8d27\uff0c\u5219\u5c5e\u4e8e\u8fd9\u79cd\u60c5\u51b5\u3002\u5982\u679c\u4f9b\u5e94\u5546\u4ea4\u4ed8\u4e86\u66f4\u591a\u7684\u4ea7\u54c1\uff0c\u5e76\u4e14\u4e5f\u8d85\u51fa\u4e86\u4ea4\u8d27\u671f\u9650\uff0c\u5982\u679c\u4f9b\u5e94\u5546\u5728\u4e00\u4e2a\u65e5\u5386\u5e74\u5185\u603b\u5171\u5341\u6b21\u8d85\u51fa\u6240\u6709\u4ea7\u54c1\u7684\u89c4\u5b9a\u4ea4\u8d27\u65e5\u671f\u4e09\u5929\u6216\u4e0d\u8db3\u4e94\u5929\uff0c\u5219HUMBACH\u516c\u53f8\u4e5f\u6709\u6743\u9000\u51fa\u672c\u6846\u67b6\u534f\u8bae\u3002c) \u5982\u679c\u5bf9\u4ea7\u54c1\u8bbe\u8ba1\u7684\u66f4\u6539\u672a\u80fd\u5728\u5408\u540c\u53cc\u65b9\u4e4b\u95f4\u8fbe\u6210\u4e00\u81f4\u3002 d) \u5982\u679c\u7531\u4e8e\u6280\u672f\u6216\u5546\u4e1a\u539f\u56e0\uff0cHUMBACH \u516c\u53f8\u4e0d\u518d\u9700\u8981\u8be5\u4ea7\u54c1\u3002\u5173\u4e8ec)\u548cd)\u70b9\uff0cHUMBACH\u516c\u53f8\u627f\u8bfa\u6839\u636e\u7b2c11\u70b9\u7684\u89c4\u5b9a\u63a5\u53d7\u4efb\u4f55\u5269\u4f59\u6570\u91cf\u3002<\/p><p><strong>15. \u8d28\u91cf\u534f\u8bae<\/strong><br \/>\u4f9b\u5e94\u5546\u4fdd\u8bc1\u4f7f\u7528\u6307\u5b9a\u6216\u6700\u5408\u9002\u3001\u6700\u6210\u719f\u7684\u6750\u6599\uff0c\u786e\u4fdd\u8d28\u91cf\u7edd\u5bf9\u5b8c\u7f8e\u65e0\u7455\u3002\u8bbe\u8ba1\u5fc5\u987b\u7b26\u5408\u6211\u4eec\u76f8\u5e94\u7684\u4f9b\u8d27\u89c4\u683c\u548c\u56fe\u7eb8\u3002\u6240\u63d0\u4f9b\u7684\u90e8\u4ef6\u662f\u627f\u53d7\u9ad8\u5e94\u529b\u7684\u5b89\u5168\u90e8\u4ef6\u3002\u5982\u679c\u540c\u610f\uff0c\u5fc5\u987b\u51fa\u5177\u76f8\u5e94\u7684\u8bc1\u4e66\uff08\u89c1\u7b2c 13 \u70b9\uff09\u3002\u5982\u679c\u4f9b\u8d27\u5546\u5728\u5176\u6d3b\u52a8\u8fc7\u7a0b\u4e2d\u53d1\u73b0\u4ea7\u54c1\u7684\u4efb\u4f55\u7279\u6027\u4e0e\u5b89\u5168\u548c\u6b63\u786e\u4f7f\u7528\u76f8\u6096\uff0c\u5219\u5fc5\u987b\u7acb\u5373\u901a\u77e5\u5ba2\u6237\u3002<\/p><p><strong>16. \u8d28\u91cf\u7f3a\u9677<\/strong><br \/>\u4f9b\u5e94\u5546\u627f\u8bfa\u6536\u56de\u4e0d\u7b26\u5408 HUMBACH \u8981\u6c42\u7684\u90e8\u4ef6\u3002 \u4f9b\u5e94\u5546\u5e94\u6536\u5230\u6709\u5173\u8d28\u91cf\u7f3a\u9677\u7684\u8d28\u91cf\u504f\u5dee\u62a5\u544a\u3002\u6211\u4eec\u5e0c\u671b\u5728\u4e94\u4e2a\u5de5\u4f5c\u65e5\u5185\u6536\u5230\u76f8\u5e94\u7684\u58f0\u660e\u3002\u5728\u9000\u8d27\u7684\u60c5\u51b5\u4e0b\uff0c\u4f9b\u8d27\u65b9\u5e94\u6709\u673a\u4f1a\u81ea\u8d39\u8865\u8d27\u3002\u5982\u679c\u51fa\u73b0\u65f6\u95f4\u5b89\u6392\u4e0a\u7684\u56f0\u96be\uff0cHUMBACH \u516c\u53f8\u4fdd\u7559\u5728\u4e0e\u4f9b\u8d27\u5546\u534f\u5546\u540e\u8fdb\u884c\u90e8\u4ef6\u8fd4\u5de5\u7684\u6743\u5229\uff0c\u8d39\u7528\u7531\u4f9b\u8d27\u5546\u627f\u62c5\u3002<\/p><p><strong>17. \u4ea7\u54c1\u4f18\u5316<\/strong><br \/>\u4f9b\u5e94\u5546\u6709\u4e49\u52a1\u5728\u672a\u88ab\u8981\u6c42\u7684\u60c5\u51b5\u4e0b\u544a\u77e5\u91c7\u8d2d\u5546\u6240\u4ea4\u4ed8\u4ea7\u54c1\u7684\u4efb\u4f55\u4f18\u5316\u53ef\u80fd\u6027\u3002<\/p><p><strong>18. \u4fdd\u5bc6\u534f\u8bae<\/strong><br \/>\u4f9b\u5e94\u5546\u627f\u8bfa\u5c06\u5728\u4e0e\u4e70\u65b9\u7684\u4e1a\u52a1\u5173\u7cfb\u4e2d\u83b7\u5f97\u7684\u6240\u6709\u77e5\u8bc6\uff08\u5305\u62ec\u6280\u672f\u548c\u5546\u4e1a\u77e5\u8bc6\uff09\u4ec5\u7528\u4e8e\u5c65\u884c\u4e0e HUMBACH \u7b7e\u8ba2\u7684\u5408\u540c\uff0c\u800c\u4e0d\u4f1a\u5c06\u5176\u4f20\u9012\u7ed9\u7b2c\u4e09\u65b9\u3002\u672c\u534f\u8bae\u5728\u672c\u6846\u67b6\u534f\u8bae\u6709\u6548\u671f\u5185\u7ee7\u7eed\u6709\u6548\u3002\u5982\u6709\u8fdd\u53cd\uff0c\u4f9b\u5e94\u5546\u53ef\u80fd\u8981\u627f\u62c5\u635f\u5bb3\u8d54\u507f\u8d23\u4efb\u3002<\/p><p><strong>19. \u53ef\u5206\u5272\u6027\u6761\u6b3e<\/strong><br \/>\u5982\u679c\u4e0a\u8ff0\u67d0\u4e00\u70b9\u88ab\u8bc1\u660e\u65e0\u6548\uff0c\u5219\u4e0d\u5f71\u54cd\u6574\u4e2a\u5408\u540c\u3002\u53cc\u65b9\u5728\u6b64\u627f\u8bfa\uff0c\u5c06\u7528\u4e0e\u65e0\u6548\u70b9\u542b\u4e49\u76f8\u5e94\u7684\u65b0\u8868\u8ff0\u53d6\u4ee3\u4efb\u4f55\u65e0\u6548\u70b9\u3002 20. \u4e66\u9762\u5f62\u5f0f \u4e0e\u6846\u67b6\u534f\u8bae\u6709\u5173\u7684\u534f\u8bae\u548c\u8865\u5145\u5fc5\u987b\u4ee5\u4e66\u9762\u5f62\u5f0f\u8fdb\u884c\u3002<\/p>\t\t\t\t\t\t\t\t<\/div>\n\t\t\t\t<\/div>\n\t\t\t\t\t<\/div>\n\t\t\t\t<\/div>\n\t\t\t\t\t<\/div>\n\t\t\t\t<\/div>\n\t\t\t\t<\/div>","protected":false},"excerpt":{"rendered":"<p>Einkaufs&#038;shybedingungen Dokument als PDF 1. MengenDie genannten Mengen entsprechen dem Bedarf f\u00fcr den im Rahmenvertrag genannten Zeitraum. Es handelt sich um Circa-Angaben, die markt\u00fcblichen Schwankungen unterliegen k\u00f6nnen. Sollten Mengen zum Laufzeitende zu weniger als 90% ausgesch\u00f6pft sein, so werden hier\u00fcber Vereinbarungen getroffen, die sich an Punkt 11 orientieren. Restmengen kleiner 10% verfallen. 2. PreiseDie angegebenen [&hellip;]<\/p>\n","protected":false},"author":2,"featured_media":0,"parent":0,"menu_order":0,"comment_status":"closed","ping_status":"closed","template":"","meta":{"site-sidebar-layout":"no-sidebar","site-content-layout":"page-builder","ast-site-content-layout":"","site-content-style":"default","site-sidebar-style":"default","ast-global-header-display":"","ast-banner-title-visibility":"","ast-main-header-display":"","ast-hfb-above-header-display":"","ast-hfb-below-header-display":"","ast-hfb-mobile-header-display":"","site-post-title":"disabled","ast-breadcrumbs-content":"","ast-featured-img":"disabled","footer-sml-layout":"","theme-transparent-header-meta":"","adv-header-id-meta":"","stick-header-meta":"","header-above-stick-meta":"","header-main-stick-meta":"","header-below-stick-meta":"","astra-migrate-meta-layouts":"default","ast-page-background-enabled":"default","ast-page-background-meta":{"desktop":{"background-color":"var(--ast-global-color-4)","background-image":"","background-repeat":"repeat","background-position":"center center","background-size":"auto","background-attachment":"scroll","background-type":"","background-media":"","overlay-type":"","overlay-color":"","overlay-opacity":"","overlay-gradient":""},"tablet":{"background-color":"","background-image":"","background-repeat":"repeat","background-position":"center center","background-size":"auto","background-attachment":"scroll","background-type":"","background-media":"","overlay-type":"","overlay-color":"","overlay-opacity":"","overlay-gradient":""},"mobile":{"background-color":"","background-image":"","background-repeat":"repeat","background-position":"center center","background-size":"auto","background-attachment":"scroll","background-type":"","background-media":"","overlay-type":"","overlay-color":"","overlay-opacity":"","overlay-gradient":""}},"ast-content-background-meta":{"desktop":{"background-color":"var(--ast-global-color-5)","background-image":"","background-repeat":"repeat","background-position":"center center","background-size":"auto","background-attachment":"scroll","background-type":"","background-media":"","overlay-type":"","overlay-color":"","overlay-opacity":"","overlay-gradient":""},"tablet":{"background-color":"var(--ast-global-color-5)","background-image":"","background-repeat":"repeat","background-position":"center center","background-size":"auto","background-attachment":"scroll","background-type":"","background-media":"","overlay-type":"","overlay-color":"","overlay-opacity":"","overlay-gradient":""},"mobile":{"background-color":"var(--ast-global-color-5)","background-image":"","background-repeat":"repeat","background-position":"center center","background-size":"auto","background-attachment":"scroll","background-type":"","background-media":"","overlay-type":"","overlay-color":"","overlay-opacity":"","overlay-gradient":""}},"footnotes":""},"class_list":["post-147","page","type-page","status-publish","hentry"],"yoast_head":"<!-- This site is optimized with the Yoast SEO plugin v27.2 - https:\/\/yoast.com\/product\/yoast-seo-wordpress\/ -->\n<title>Einkaufsbedingungen | Humbach Group<\/title>\n<meta name=\"robots\" content=\"index, follow, max-snippet:-1, max-image-preview:large, max-video-preview:-1\" \/>\n<link rel=\"canonical\" href=\"https:\/\/www.humbach.de\/zh\/\u8d2d\u4e70\u6761\u4ef6\/\" \/>\n<meta property=\"og:locale\" content=\"zh_CN\" \/>\n<meta property=\"og:type\" content=\"article\" \/>\n<meta property=\"og:title\" content=\"Einkaufsbedingungen | Humbach Group\" \/>\n<meta property=\"og:description\" content=\"Einkaufs&#038;shybedingungen Dokument als PDF 1. MengenDie genannten Mengen entsprechen dem Bedarf f\u00fcr den im Rahmenvertrag genannten Zeitraum. Es handelt sich um Circa-Angaben, die markt\u00fcblichen Schwankungen unterliegen k\u00f6nnen. Sollten Mengen zum Laufzeitende zu weniger als 90% ausgesch\u00f6pft sein, so werden hier\u00fcber Vereinbarungen getroffen, die sich an Punkt 11 orientieren. Restmengen kleiner 10% verfallen. 2. PreiseDie angegebenen [&hellip;]\" \/>\n<meta property=\"og:url\" content=\"https:\/\/www.humbach.de\/zh\/\u8d2d\u4e70\u6761\u4ef6\/\" \/>\n<meta property=\"og:site_name\" content=\"Humbach Group\" \/>\n<meta property=\"article:publisher\" content=\"https:\/\/www.facebook.com\/people\/Humbach-GmbH-Co-KG\/100090408339232\/\" \/>\n<meta property=\"article:modified_time\" content=\"2023-03-06T09:52:19+00:00\" \/>\n<meta name=\"twitter:card\" content=\"summary_large_image\" \/>\n<meta name=\"twitter:label1\" content=\"\u9884\u8ba1\u9605\u8bfb\u65f6\u95f4\" \/>\n\t<meta name=\"twitter:data1\" content=\"6 \u5206\" \/>\n<script type=\"application\/ld+json\" class=\"yoast-schema-graph\">{\"@context\":\"https:\/\/schema.org\",\"@graph\":[{\"@type\":\"WebPage\",\"@id\":\"https:\/\/www.humbach.de\/einkaufsbedingungen\/\",\"url\":\"https:\/\/www.humbach.de\/einkaufsbedingungen\/\",\"name\":\"Einkaufsbedingungen | Humbach Group\",\"isPartOf\":{\"@id\":\"https:\/\/www.humbach.de\/#website\"},\"datePublished\":\"2023-02-08T15:38:20+00:00\",\"dateModified\":\"2023-03-06T09:52:19+00:00\",\"breadcrumb\":{\"@id\":\"https:\/\/www.humbach.de\/einkaufsbedingungen\/#breadcrumb\"},\"inLanguage\":\"zh-Hans\",\"potentialAction\":[{\"@type\":\"ReadAction\",\"target\":[\"https:\/\/www.humbach.de\/einkaufsbedingungen\/\"]}]},{\"@type\":\"BreadcrumbList\",\"@id\":\"https:\/\/www.humbach.de\/einkaufsbedingungen\/#breadcrumb\",\"itemListElement\":[{\"@type\":\"ListItem\",\"position\":1,\"name\":\"Home\",\"item\":\"https:\/\/www.humbach.de\/\"},{\"@type\":\"ListItem\",\"position\":2,\"name\":\"Einkaufsbedingungen\"}]},{\"@type\":\"WebSite\",\"@id\":\"https:\/\/www.humbach.de\/#website\",\"url\":\"https:\/\/www.humbach.de\/\",\"name\":\"Humbach GmbH & Co. KG\",\"description\":\"Schl\u00fcsselkomponenten f\u00fcr Ihre Produkte\",\"publisher\":{\"@id\":\"https:\/\/www.humbach.de\/#organization\"},\"potentialAction\":[{\"@type\":\"SearchAction\",\"target\":{\"@type\":\"EntryPoint\",\"urlTemplate\":\"https:\/\/www.humbach.de\/?s={search_term_string}\"},\"query-input\":{\"@type\":\"PropertyValueSpecification\",\"valueRequired\":true,\"valueName\":\"search_term_string\"}}],\"inLanguage\":\"zh-Hans\"},{\"@type\":\"Organization\",\"@id\":\"https:\/\/www.humbach.de\/#organization\",\"name\":\"Humbach GmbH & Co. KG\",\"url\":\"https:\/\/www.humbach.de\/\",\"logo\":{\"@type\":\"ImageObject\",\"inLanguage\":\"zh-Hans\",\"@id\":\"https:\/\/www.humbach.de\/#\/schema\/logo\/image\/\",\"url\":\"https:\/\/www.humbach.de\/wp-content\/uploads\/2023\/02\/2023-02-15_LOGOS_HUMBACH-grau.png\",\"contentUrl\":\"https:\/\/www.humbach.de\/wp-content\/uploads\/2023\/02\/2023-02-15_LOGOS_HUMBACH-grau.png\",\"width\":600,\"height\":270,\"caption\":\"Humbach GmbH & Co. KG\"},\"image\":{\"@id\":\"https:\/\/www.humbach.de\/#\/schema\/logo\/image\/\"},\"sameAs\":[\"https:\/\/www.facebook.com\/people\/Humbach-GmbH-Co-KG\/100090408339232\/\",\"https:\/\/www.instagram.com\/humbach.group\/\",\"https:\/\/www.linkedin.com\/company\/humbach\/\"]}]}<\/script>\n<!-- \/ Yoast SEO plugin. -->","yoast_head_json":{"title":"\u8d2d\u4e70\u6761\u4ef6 | \u6d2a\u5df4\u8d6b\u96c6\u56e2","robots":{"index":"index","follow":"follow","max-snippet":"max-snippet:-1","max-image-preview":"max-image-preview:large","max-video-preview":"max-video-preview:-1"},"canonical":"https:\/\/www.humbach.de\/zh\/\u8d2d\u4e70\u6761\u4ef6\/","og_locale":"zh_CN","og_type":"article","og_title":"Einkaufsbedingungen | Humbach Group","og_description":"Einkaufs&#038;shybedingungen Dokument als PDF 1. MengenDie genannten Mengen entsprechen dem Bedarf f\u00fcr den im Rahmenvertrag genannten Zeitraum. Es handelt sich um Circa-Angaben, die markt\u00fcblichen Schwankungen unterliegen k\u00f6nnen. Sollten Mengen zum Laufzeitende zu weniger als 90% ausgesch\u00f6pft sein, so werden hier\u00fcber Vereinbarungen getroffen, die sich an Punkt 11 orientieren. Restmengen kleiner 10% verfallen. 2. PreiseDie angegebenen [&hellip;]","og_url":"https:\/\/www.humbach.de\/zh\/\u8d2d\u4e70\u6761\u4ef6\/","og_site_name":"Humbach Group","article_publisher":"https:\/\/www.facebook.com\/people\/Humbach-GmbH-Co-KG\/100090408339232\/","article_modified_time":"2023-03-06T09:52:19+00:00","twitter_card":"summary_large_image","twitter_misc":{"\u9884\u8ba1\u9605\u8bfb\u65f6\u95f4":"6 \u5206"},"schema":{"@context":"https:\/\/schema.org","@graph":[{"@type":"WebPage","@id":"https:\/\/www.humbach.de\/einkaufsbedingungen\/","url":"https:\/\/www.humbach.de\/einkaufsbedingungen\/","name":"\u8d2d\u4e70\u6761\u4ef6 | \u6d2a\u5df4\u8d6b\u96c6\u56e2","isPartOf":{"@id":"https:\/\/www.humbach.de\/#website"},"datePublished":"2023-02-08T15:38:20+00:00","dateModified":"2023-03-06T09:52:19+00:00","breadcrumb":{"@id":"https:\/\/www.humbach.de\/einkaufsbedingungen\/#breadcrumb"},"inLanguage":"zh-Hans","potentialAction":[{"@type":"ReadAction","target":["https:\/\/www.humbach.de\/einkaufsbedingungen\/"]}]},{"@type":"BreadcrumbList","@id":"https:\/\/www.humbach.de\/einkaufsbedingungen\/#breadcrumb","itemListElement":[{"@type":"ListItem","position":1,"name":"Home","item":"https:\/\/www.humbach.de\/"},{"@type":"ListItem","position":2,"name":"Einkaufsbedingungen"}]},{"@type":"WebSite","@id":"https:\/\/www.humbach.de\/#website","url":"https:\/\/www.humbach.de\/","name":"Humbach GmbH &amp; Co.KG","description":"\u4ea7\u54c1\u7684\u5173\u952e\u90e8\u4ef6","publisher":{"@id":"https:\/\/www.humbach.de\/#organization"},"potentialAction":[{"@type":"SearchAction","target":{"@type":"EntryPoint","urlTemplate":"https:\/\/www.humbach.de\/?s={search_term_string}"},"query-input":{"@type":"PropertyValueSpecification","valueRequired":true,"valueName":"search_term_string"}}],"inLanguage":"zh-Hans"},{"@type":"Organization","@id":"https:\/\/www.humbach.de\/#organization","name":"Humbach GmbH &amp; Co.KG","url":"https:\/\/www.humbach.de\/","logo":{"@type":"ImageObject","inLanguage":"zh-Hans","@id":"https:\/\/www.humbach.de\/#\/schema\/logo\/image\/","url":"https:\/\/www.humbach.de\/wp-content\/uploads\/2023\/02\/2023-02-15_LOGOS_HUMBACH-grau.png","contentUrl":"https:\/\/www.humbach.de\/wp-content\/uploads\/2023\/02\/2023-02-15_LOGOS_HUMBACH-grau.png","width":600,"height":270,"caption":"Humbach GmbH & Co. KG"},"image":{"@id":"https:\/\/www.humbach.de\/#\/schema\/logo\/image\/"},"sameAs":["https:\/\/www.facebook.com\/people\/Humbach-GmbH-Co-KG\/100090408339232\/","https:\/\/www.instagram.com\/humbach.group\/","https:\/\/www.linkedin.com\/company\/humbach\/"]}]}},"_links":{"self":[{"href":"https:\/\/www.humbach.de\/zh\/wp-json\/wp\/v2\/pages\/147","targetHints":{"allow":["GET"]}}],"collection":[{"href":"https:\/\/www.humbach.de\/zh\/wp-json\/wp\/v2\/pages"}],"about":[{"href":"https:\/\/www.humbach.de\/zh\/wp-json\/wp\/v2\/types\/page"}],"author":[{"embeddable":true,"href":"https:\/\/www.humbach.de\/zh\/wp-json\/wp\/v2\/users\/2"}],"replies":[{"embeddable":true,"href":"https:\/\/www.humbach.de\/zh\/wp-json\/wp\/v2\/comments?post=147"}],"version-history":[{"count":19,"href":"https:\/\/www.humbach.de\/zh\/wp-json\/wp\/v2\/pages\/147\/revisions"}],"predecessor-version":[{"id":1967,"href":"https:\/\/www.humbach.de\/zh\/wp-json\/wp\/v2\/pages\/147\/revisions\/1967"}],"wp:attachment":[{"href":"https:\/\/www.humbach.de\/zh\/wp-json\/wp\/v2\/media?parent=147"}],"curies":[{"name":"wp","href":"https:\/\/api.w.org\/{rel}","templated":true}]}}