{"id":580,"date":"2023-02-15T10:53:58","date_gmt":"2023-02-15T09:53:58","guid":{"rendered":"https:\/\/www.humbach.de\/?page_id=580"},"modified":"2024-06-13T15:20:55","modified_gmt":"2024-06-13T13:20:55","slug":"kalite","status":"publish","type":"page","link":"https:\/\/www.humbach.de\/tr\/unternehmen\/qualitaet\/","title":{"rendered":"Kalite"},"content":{"rendered":"<div data-elementor-type=\"wp-page\" data-elementor-id=\"580\" class=\"elementor elementor-580\" data-elementor-post-type=\"page\">\n\t\t\t\t<div class=\"elementor-element elementor-element-3b3d4ed3 e-flex e-con-boxed e-con e-parent\" data-id=\"3b3d4ed3\" data-element_type=\"container\" data-e-type=\"container\" data-settings=\"{&quot;background_background&quot;:&quot;classic&quot;}\">\n\t\t\t\t\t<div class=\"e-con-inner\">\n\t\t<div class=\"elementor-element elementor-element-313e8ea8 e-flex e-con-boxed e-con e-child\" data-id=\"313e8ea8\" data-element_type=\"container\" data-e-type=\"container\">\n\t\t\t\t\t<div class=\"e-con-inner\">\n\t\t\t\t\t<\/div>\n\t\t\t\t<\/div>\n\t\t\t\t\t<\/div>\n\t\t\t\t<\/div>\n\t\t<div class=\"elementor-element elementor-element-da8d209 e-flex e-con-boxed e-con e-parent\" data-id=\"da8d209\" data-element_type=\"container\" data-e-type=\"container\">\n\t\t\t\t\t<div class=\"e-con-inner\">\n\t\t<div class=\"elementor-element elementor-element-adcd7d3 e-flex e-con-boxed e-con e-child\" data-id=\"adcd7d3\" data-element_type=\"container\" data-e-type=\"container\">\n\t\t\t\t\t<div class=\"e-con-inner\">\n\t\t\t\t<div class=\"elementor-element elementor-element-289edb8 elementor-widget elementor-widget-heading\" data-id=\"289edb8\" data-element_type=\"widget\" data-e-type=\"widget\" data-widget_type=\"heading.default\">\n\t\t\t\t<div class=\"elementor-widget-container\">\n\t\t\t\t\t<h2 class=\"elementor-heading-title elementor-size-default\">Tam performans i\u00e7in y\u00fcksek talepler<\/h2>\t\t\t\t<\/div>\n\t\t\t\t<\/div>\n\t\t\t\t<div class=\"elementor-element elementor-element-d6acd59 elementor-widget elementor-widget-text-editor\" data-id=\"d6acd59\" data-element_type=\"widget\" data-e-type=\"widget\" data-widget_type=\"text-editor.default\">\n\t\t\t\t<div class=\"elementor-widget-container\">\n\t\t\t\t\t\t\t\t\t<p>Y\u00fcksek kalite vaat etti\u011fimizde, kendi reklam\u0131m\u0131z\u0131 yapm\u0131yoruz. G\u00fcvenebilece\u011finiz ve ger\u00e7ek katma de\u011ferle kullanabilece\u011finiz \u00fcr\u00fcnler sunmak istiyoruz. Bu nedenle y\u00fcksek kalite standartlar\u0131m\u0131z \u015firketimizin tamam\u0131na yay\u0131lm\u0131\u015ft\u0131r: Bunu, \u00f6rne\u011fin \u00e7al\u0131\u015fanlar\u0131m\u0131z i\u00e7in s\u00fcrekli ileri e\u011fitim veya ortaklar\u0131m\u0131zla i\u015fbirli\u011finde maksimum profesyonellik \u015feklinde de uyguluyoruz. Her sekt\u00f6r i\u00e7in otomotiv standartlar\u0131na uygun bile\u015fenler \u00fcretiyor ve sertifikal\u0131 kalite y\u00f6netim sistemlerinin yard\u0131m\u0131yla en y\u00fcksek standartlar\u0131 kar\u015f\u0131l\u0131yoruz. 100% kontrolleri (\u00f6rne\u011fin s\u0131zd\u0131rmazl\u0131k i\u00e7in), optimum depolama ve \u00f6n numuneler art\u0131 ilk numune test raporu gibi hizmetlerle iadeleri \u00f6nl\u00fcyor ve \u00fcr\u00fcnlerinizin performans\u0131n\u0131 garanti ediyoruz.<\/p><p>Kalitemiz siyah beyaz gurur duyulacak bir \u015feydir: Humbach bir\u00e7ok sertifikaya sahip bir \u015firkettir ve en zorlu kriterleri bile kar\u015f\u0131l\u0131yoruz.<\/p>\t\t\t\t\t\t\t\t<\/div>\n\t\t\t\t<\/div>\n\t\t\t\t\t<\/div>\n\t\t\t\t<\/div>\n\t\t<div class=\"elementor-element elementor-element-b3abda2 e-flex e-con-boxed e-con e-child\" data-id=\"b3abda2\" data-element_type=\"container\" data-e-type=\"container\">\n\t\t\t\t\t<div class=\"e-con-inner\">\n\t\t\t\t<div class=\"elementor-element elementor-element-b2c257a elementor-widget elementor-widget-heading\" data-id=\"b2c257a\" data-element_type=\"widget\" data-e-type=\"widget\" data-widget_type=\"heading.default\">\n\t\t\t\t<div class=\"elementor-widget-container\">\n\t\t\t\t\t<h2 class=\"elementor-heading-title elementor-size-default\">Tam performans i\u00e7in y\u00fcksek talepler<\/h2>\t\t\t\t<\/div>\n\t\t\t\t<\/div>\n\t\t\t\t<div class=\"elementor-element elementor-element-480df49 elementor-widget elementor-widget-text-editor\" data-id=\"480df49\" data-element_type=\"widget\" data-e-type=\"widget\" data-widget_type=\"text-editor.default\">\n\t\t\t\t<div class=\"elementor-widget-container\">\n\t\t\t\t\t\t\t\t\t<p>Y\u00fcksek kalite vaat etti\u011fimizde, kendi reklam\u0131m\u0131z\u0131 yapm\u0131yoruz. G\u00fcvenebilece\u011finiz ve ger\u00e7ek katma de\u011ferle kullanabilece\u011finiz \u00fcr\u00fcnler sunmak istiyoruz. Bu nedenle y\u00fcksek kalite standartlar\u0131m\u0131z \u015firketimizin tamam\u0131na yay\u0131lm\u0131\u015ft\u0131r: Bunu, \u00f6rne\u011fin \u00e7al\u0131\u015fanlar\u0131m\u0131z i\u00e7in s\u00fcrekli ileri e\u011fitim veya ortaklar\u0131m\u0131zla i\u015fbirli\u011finde maksimum profesyonellik \u015feklinde de uyguluyoruz. Her sekt\u00f6r i\u00e7in otomotiv standartlar\u0131na uygun bile\u015fenler \u00fcretiyor ve sertifikal\u0131 kalite y\u00f6netim sistemlerinin yard\u0131m\u0131yla en y\u00fcksek standartlar\u0131 kar\u015f\u0131l\u0131yoruz. 100% kontrolleri (\u00f6rne\u011fin s\u0131zd\u0131rmazl\u0131k i\u00e7in), optimum depolama ve \u00f6n numuneler art\u0131 ilk numune test raporu gibi hizmetlerle iadeleri \u00f6nl\u00fcyor ve \u00fcr\u00fcnlerinizin performans\u0131n\u0131 garanti ediyoruz.<\/p><p>Kalitemiz siyah beyaz gurur duyulacak bir \u015feydir: Humbach bir\u00e7ok sertifikaya sahip bir \u015firkettir ve en zorlu kriterleri bile kar\u015f\u0131l\u0131yoruz.<\/p>\t\t\t\t\t\t\t\t<\/div>\n\t\t\t\t<\/div>\n\t\t\t\t\t<\/div>\n\t\t\t\t<\/div>\n\t\t\t\t\t<\/div>\n\t\t\t\t<\/div>\n\t\t<div class=\"elementor-element elementor-element-f36480a e-flex e-con-boxed e-con e-parent\" data-id=\"f36480a\" data-element_type=\"container\" data-e-type=\"container\" data-settings=\"{&quot;background_background&quot;:&quot;classic&quot;}\">\n\t\t\t\t\t<div class=\"e-con-inner\">\n\t\t<div class=\"elementor-element elementor-element-ae477ea e-con-full e-flex elementor-invisible e-con e-child\" data-id=\"ae477ea\" data-element_type=\"container\" data-e-type=\"container\" data-settings=\"{&quot;background_background&quot;:&quot;classic&quot;,&quot;animation&quot;:&quot;fadeInUp&quot;}\">\n\t\t\t\t<div class=\"elementor-element elementor-element-9eb5a88 elementor-widget elementor-widget-image\" data-id=\"9eb5a88\" data-element_type=\"widget\" data-e-type=\"widget\" data-widget_type=\"image.default\">\n\t\t\t\t<div class=\"elementor-widget-container\">\n\t\t\t\t\t\t\t\t\t\t\t\t\t\t\t\t<a href=\"https:\/\/www.humbach.de\/wp-content\/uploads\/2024\/06\/9001_Humbach_deu.pdf\" target=\"_blank\">\n\t\t\t\t\t\t\t<img decoding=\"async\" width=\"198\" height=\"156\" src=\"https:\/\/www.humbach.de\/wp-content\/uploads\/2023\/02\/zertifikat1.png\" class=\"attachment-medium size-medium wp-image-892\" alt=\"\" srcset=\"https:\/\/www.humbach.de\/wp-content\/uploads\/2023\/02\/zertifikat1.png 198w, https:\/\/www.humbach.de\/wp-content\/uploads\/2023\/02\/zertifikat1-15x12.png 15w\" sizes=\"(max-width: 198px) 100vw, 198px\" \/>\t\t\t\t\t\t\t\t<\/a>\n\t\t\t\t\t\t\t\t\t\t\t\t\t\t\t<\/div>\n\t\t\t\t<\/div>\n\t\t\t\t<div class=\"elementor-element elementor-element-47c3f1f elementor-widget elementor-widget-heading\" data-id=\"47c3f1f\" data-element_type=\"widget\" data-e-type=\"widget\" data-widget_type=\"heading.default\">\n\t\t\t\t<div class=\"elementor-widget-container\">\n\t\t\t\t\t<p class=\"elementor-heading-title elementor-size-default\"><a href=\"https:\/\/www.humbach.de\/wp-content\/uploads\/2024\/06\/9001_Humbach_deu.pdf\" target=\"_blank\">DIN EN ISO 9001:2015<\/a><\/p>\t\t\t\t<\/div>\n\t\t\t\t<\/div>\n\t\t\t\t<\/div>\n\t\t<div class=\"elementor-element elementor-element-0cfc0ca e-con-full e-flex elementor-invisible e-con e-child\" data-id=\"0cfc0ca\" data-element_type=\"container\" data-e-type=\"container\" data-settings=\"{&quot;background_background&quot;:&quot;classic&quot;,&quot;animation&quot;:&quot;fadeInUp&quot;,&quot;animation_delay&quot;:200}\">\n\t\t\t\t<div class=\"elementor-element elementor-element-2180c09 elementor-widget elementor-widget-image\" data-id=\"2180c09\" data-element_type=\"widget\" data-e-type=\"widget\" data-widget_type=\"image.default\">\n\t\t\t\t<div class=\"elementor-widget-container\">\n\t\t\t\t\t\t\t\t\t\t\t\t\t\t\t\t<a href=\"https:\/\/www.humbach.de\/wp-content\/uploads\/2023\/02\/SZI_Zertifikat_16949_2016_deutsch.pdf\" target=\"_blank\">\n\t\t\t\t\t\t\t<img decoding=\"async\" width=\"201\" height=\"162\" src=\"https:\/\/www.humbach.de\/wp-content\/uploads\/2023\/02\/zertifikat.png\" class=\"attachment-medium size-medium wp-image-891\" alt=\"\" srcset=\"https:\/\/www.humbach.de\/wp-content\/uploads\/2023\/02\/zertifikat.png 201w, https:\/\/www.humbach.de\/wp-content\/uploads\/2023\/02\/zertifikat-15x12.png 15w\" sizes=\"(max-width: 201px) 100vw, 201px\" \/>\t\t\t\t\t\t\t\t<\/a>\n\t\t\t\t\t\t\t\t\t\t\t\t\t\t\t<\/div>\n\t\t\t\t<\/div>\n\t\t\t\t<div class=\"elementor-element elementor-element-e9f8439 elementor-widget elementor-widget-heading\" data-id=\"e9f8439\" data-element_type=\"widget\" data-e-type=\"widget\" data-widget_type=\"heading.default\">\n\t\t\t\t<div class=\"elementor-widget-container\">\n\t\t\t\t\t<p class=\"elementor-heading-title elementor-size-default\"><a href=\"https:\/\/www.humbach.de\/wp-content\/uploads\/2023\/02\/SZI_Zertifikat_16949_2016_deutsch.pdf\" target=\"_blank\">IATF 16949:2016\n<br><\/a><\/p>\t\t\t\t<\/div>\n\t\t\t\t<\/div>\n\t\t\t\t<div class=\"elementor-element elementor-element-28c0f63 elementor-widget elementor-widget-heading\" data-id=\"28c0f63\" data-element_type=\"widget\" data-e-type=\"widget\" data-widget_type=\"heading.default\">\n\t\t\t\t<div class=\"elementor-widget-container\">\n\t\t\t\t\t<p class=\"elementor-heading-title elementor-size-default\"><a href=\"https:\/\/www.humbach.de\/wp-content\/uploads\/2023\/02\/SZI_Zertifikat_16949_2016_deutsch.pdf\" target=\"_blank\">Wir wenden die Regeln und Standards der International Automotive Task Force (IATF) in unserem Unternehmen an, \num sicherzustellen, dass unsere Prozesse und Produkte den branchenweit anerkannten Qualit\u00e4tsstandards entsprechen. \nWir haben uns jedoch entschieden, derzeit keine Zertifizierung gem\u00e4\u00df den IATF-Standards zu beantragen.\n<\/a><\/p>\t\t\t\t<\/div>\n\t\t\t\t<\/div>\n\t\t\t\t<\/div>\n\t\t\t\t\t<\/div>\n\t\t\t\t<\/div>\n\t\t<div class=\"elementor-element elementor-element-9b851f4 e-flex e-con-boxed e-con e-parent\" data-id=\"9b851f4\" data-element_type=\"container\" data-e-type=\"container\">\n\t\t\t\t\t<div class=\"e-con-inner\">\n\t\t\t\t\t<\/div>\n\t\t\t\t<\/div>\n\t\t\t\t<\/div>","protected":false},"excerpt":{"rendered":"<p>Hohe Anspr\u00fcche f\u00fcr volle Leistung Wenn wir hohe Qualit\u00e4t versprechen, geht es uns nicht um Selbstdarstellung. Wir m\u00f6chten Ihnen Produkte liefern, auf die Sie sich verlassen und die Sie mit echtem Mehrwert einsetzen k\u00f6nnen. Deshalb zieht sich unser hoher Qualit\u00e4tsanspruch durchs gesamte Unternehmen: Diesen setzen wir zum Beispiel auch in Form von st\u00e4ndigen Weiterbildungen f\u00fcr [&hellip;]<\/p>\n","protected":false},"author":2,"featured_media":0,"parent":55,"menu_order":0,"comment_status":"closed","ping_status":"closed","template":"","meta":{"site-sidebar-layout":"no-sidebar","site-content-layout":"page-builder","ast-site-content-layout":"","site-content-style":"default","site-sidebar-style":"default","ast-global-header-display":"","ast-banner-title-visibility":"","ast-main-header-display":"","ast-hfb-above-header-display":"","ast-hfb-below-header-display":"","ast-hfb-mobile-header-display":"","site-post-title":"disabled","ast-breadcrumbs-content":"","ast-featured-img":"disabled","footer-sml-layout":"","theme-transparent-header-meta":"","adv-header-id-meta":"","stick-header-meta":"","header-above-stick-meta":"","header-main-stick-meta":"","header-below-stick-meta":"","astra-migrate-meta-layouts":"default","ast-page-background-enabled":"default","ast-page-background-meta":{"desktop":{"background-color":"var(--ast-global-color-4)","background-image":"","background-repeat":"repeat","background-position":"center center","background-size":"auto","background-attachment":"scroll","background-type":"","background-media":"","overlay-type":"","overlay-color":"","overlay-opacity":"","overlay-gradient":""},"tablet":{"background-color":"","background-image":"","background-repeat":"repeat","background-position":"center center","background-size":"auto","background-attachment":"scroll","background-type":"","background-media":"","overlay-type":"","overlay-color":"","overlay-opacity":"","overlay-gradient":""},"mobile":{"background-color":"","background-image":"","background-repeat":"repeat","background-position":"center center","background-size":"auto","background-attachment":"scroll","background-type":"","background-media":"","overlay-type":"","overlay-color":"","overlay-opacity":"","overlay-gradient":""}},"ast-content-background-meta":{"desktop":{"background-color":"var(--ast-global-color-5)","background-image":"","background-repeat":"repeat","background-position":"center center","background-size":"auto","background-attachment":"scroll","background-type":"","background-media":"","overlay-type":"","overlay-color":"","overlay-opacity":"","overlay-gradient":""},"tablet":{"background-color":"var(--ast-global-color-5)","background-image":"","background-repeat":"repeat","background-position":"center center","background-size":"auto","background-attachment":"scroll","background-type":"","background-media":"","overlay-type":"","overlay-color":"","overlay-opacity":"","overlay-gradient":""},"mobile":{"background-color":"var(--ast-global-color-5)","background-image":"","background-repeat":"repeat","background-position":"center center","background-size":"auto","background-attachment":"scroll","background-type":"","background-media":"","overlay-type":"","overlay-color":"","overlay-opacity":"","overlay-gradient":""}},"footnotes":""},"class_list":["post-580","page","type-page","status-publish","hentry"],"yoast_head":"<!-- This site is optimized with the Yoast SEO plugin v27.2 - https:\/\/yoast.com\/product\/yoast-seo-wordpress\/ -->\n<title>Qualit\u00e4t | Humbach Group<\/title>\n<meta name=\"robots\" content=\"index, follow, max-snippet:-1, max-image-preview:large, max-video-preview:-1\" \/>\n<link rel=\"canonical\" href=\"https:\/\/www.humbach.de\/tr\/sirket\/kalite\/\" \/>\n<meta property=\"og:locale\" content=\"tr_TR\" \/>\n<meta property=\"og:type\" content=\"article\" \/>\n<meta property=\"og:title\" content=\"Qualit\u00e4t | Humbach Group\" \/>\n<meta property=\"og:description\" content=\"Hohe Anspr\u00fcche f\u00fcr volle Leistung Wenn wir hohe Qualit\u00e4t versprechen, geht es uns nicht um Selbstdarstellung. Wir m\u00f6chten Ihnen Produkte liefern, auf die Sie sich verlassen und die Sie mit echtem Mehrwert einsetzen k\u00f6nnen. Deshalb zieht sich unser hoher Qualit\u00e4tsanspruch durchs gesamte Unternehmen: Diesen setzen wir zum Beispiel auch in Form von st\u00e4ndigen Weiterbildungen f\u00fcr [&hellip;]\" \/>\n<meta property=\"og:url\" content=\"https:\/\/www.humbach.de\/tr\/sirket\/kalite\/\" \/>\n<meta property=\"og:site_name\" content=\"Humbach Group\" \/>\n<meta property=\"article:publisher\" content=\"https:\/\/www.facebook.com\/people\/Humbach-GmbH-Co-KG\/100090408339232\/\" \/>\n<meta property=\"article:modified_time\" content=\"2024-06-13T13:20:55+00:00\" \/>\n<meta property=\"og:image\" content=\"https:\/\/www.humbach.de\/wp-content\/uploads\/2023\/02\/zertifikat1.png\" \/>\n<meta name=\"twitter:card\" content=\"summary_large_image\" \/>\n<meta name=\"twitter:label1\" content=\"Tahmini okuma s\u00fcresi\" \/>\n\t<meta name=\"twitter:data1\" content=\"3 dakika\" \/>\n<script type=\"application\/ld+json\" class=\"yoast-schema-graph\">{\"@context\":\"https:\/\/schema.org\",\"@graph\":[{\"@type\":\"WebPage\",\"@id\":\"https:\/\/www.humbach.de\/unternehmen\/qualitaet\/\",\"url\":\"https:\/\/www.humbach.de\/unternehmen\/qualitaet\/\",\"name\":\"Qualit\u00e4t | Humbach Group\",\"isPartOf\":{\"@id\":\"https:\/\/www.humbach.de\/#website\"},\"primaryImageOfPage\":{\"@id\":\"https:\/\/www.humbach.de\/unternehmen\/qualitaet\/#primaryimage\"},\"image\":{\"@id\":\"https:\/\/www.humbach.de\/unternehmen\/qualitaet\/#primaryimage\"},\"thumbnailUrl\":\"https:\/\/www.humbach.de\/wp-content\/uploads\/2023\/02\/zertifikat1.png\",\"datePublished\":\"2023-02-15T09:53:58+00:00\",\"dateModified\":\"2024-06-13T13:20:55+00:00\",\"breadcrumb\":{\"@id\":\"https:\/\/www.humbach.de\/unternehmen\/qualitaet\/#breadcrumb\"},\"inLanguage\":\"tr\",\"potentialAction\":[{\"@type\":\"ReadAction\",\"target\":[\"https:\/\/www.humbach.de\/unternehmen\/qualitaet\/\"]}]},{\"@type\":\"ImageObject\",\"inLanguage\":\"tr\",\"@id\":\"https:\/\/www.humbach.de\/unternehmen\/qualitaet\/#primaryimage\",\"url\":\"https:\/\/www.humbach.de\/wp-content\/uploads\/2023\/02\/zertifikat1.png\",\"contentUrl\":\"https:\/\/www.humbach.de\/wp-content\/uploads\/2023\/02\/zertifikat1.png\"},{\"@type\":\"BreadcrumbList\",\"@id\":\"https:\/\/www.humbach.de\/unternehmen\/qualitaet\/#breadcrumb\",\"itemListElement\":[{\"@type\":\"ListItem\",\"position\":1,\"name\":\"Home\",\"item\":\"https:\/\/www.humbach.de\/\"},{\"@type\":\"ListItem\",\"position\":2,\"name\":\"Unternehmen\",\"item\":\"https:\/\/www.humbach.de\/unternehmen\/\"},{\"@type\":\"ListItem\",\"position\":3,\"name\":\"Qualit\u00e4t\"}]},{\"@type\":\"WebSite\",\"@id\":\"https:\/\/www.humbach.de\/#website\",\"url\":\"https:\/\/www.humbach.de\/\",\"name\":\"Humbach GmbH & Co. KG\",\"description\":\"Schl\u00fcsselkomponenten f\u00fcr Ihre Produkte\",\"publisher\":{\"@id\":\"https:\/\/www.humbach.de\/#organization\"},\"potentialAction\":[{\"@type\":\"SearchAction\",\"target\":{\"@type\":\"EntryPoint\",\"urlTemplate\":\"https:\/\/www.humbach.de\/?s={search_term_string}\"},\"query-input\":{\"@type\":\"PropertyValueSpecification\",\"valueRequired\":true,\"valueName\":\"search_term_string\"}}],\"inLanguage\":\"tr\"},{\"@type\":\"Organization\",\"@id\":\"https:\/\/www.humbach.de\/#organization\",\"name\":\"Humbach GmbH & Co. KG\",\"url\":\"https:\/\/www.humbach.de\/\",\"logo\":{\"@type\":\"ImageObject\",\"inLanguage\":\"tr\",\"@id\":\"https:\/\/www.humbach.de\/#\/schema\/logo\/image\/\",\"url\":\"https:\/\/www.humbach.de\/wp-content\/uploads\/2023\/02\/2023-02-15_LOGOS_HUMBACH-grau.png\",\"contentUrl\":\"https:\/\/www.humbach.de\/wp-content\/uploads\/2023\/02\/2023-02-15_LOGOS_HUMBACH-grau.png\",\"width\":600,\"height\":270,\"caption\":\"Humbach GmbH & Co. KG\"},\"image\":{\"@id\":\"https:\/\/www.humbach.de\/#\/schema\/logo\/image\/\"},\"sameAs\":[\"https:\/\/www.facebook.com\/people\/Humbach-GmbH-Co-KG\/100090408339232\/\",\"https:\/\/www.instagram.com\/humbach.group\/\",\"https:\/\/www.linkedin.com\/company\/humbach\/\"]}]}<\/script>\n<!-- \/ Yoast SEO plugin. -->","yoast_head_json":{"title":"Kalite | Humbach Group","robots":{"index":"index","follow":"follow","max-snippet":"max-snippet:-1","max-image-preview":"max-image-preview:large","max-video-preview":"max-video-preview:-1"},"canonical":"https:\/\/www.humbach.de\/tr\/sirket\/kalite\/","og_locale":"tr_TR","og_type":"article","og_title":"Qualit\u00e4t | Humbach Group","og_description":"Hohe Anspr\u00fcche f\u00fcr volle Leistung Wenn wir hohe Qualit\u00e4t versprechen, geht es uns nicht um Selbstdarstellung. Wir m\u00f6chten Ihnen Produkte liefern, auf die Sie sich verlassen und die Sie mit echtem Mehrwert einsetzen k\u00f6nnen. Deshalb zieht sich unser hoher Qualit\u00e4tsanspruch durchs gesamte Unternehmen: Diesen setzen wir zum Beispiel auch in Form von st\u00e4ndigen Weiterbildungen f\u00fcr [&hellip;]","og_url":"https:\/\/www.humbach.de\/tr\/sirket\/kalite\/","og_site_name":"Humbach Group","article_publisher":"https:\/\/www.facebook.com\/people\/Humbach-GmbH-Co-KG\/100090408339232\/","article_modified_time":"2024-06-13T13:20:55+00:00","og_image":[{"url":"https:\/\/www.humbach.de\/wp-content\/uploads\/2023\/02\/zertifikat1.png","type":"","width":"","height":""}],"twitter_card":"summary_large_image","twitter_misc":{"Tahmini okuma s\u00fcresi":"3 dakika"},"schema":{"@context":"https:\/\/schema.org","@graph":[{"@type":"WebPage","@id":"https:\/\/www.humbach.de\/unternehmen\/qualitaet\/","url":"https:\/\/www.humbach.de\/unternehmen\/qualitaet\/","name":"Kalite | Humbach Group","isPartOf":{"@id":"https:\/\/www.humbach.de\/#website"},"primaryImageOfPage":{"@id":"https:\/\/www.humbach.de\/unternehmen\/qualitaet\/#primaryimage"},"image":{"@id":"https:\/\/www.humbach.de\/unternehmen\/qualitaet\/#primaryimage"},"thumbnailUrl":"https:\/\/www.humbach.de\/wp-content\/uploads\/2023\/02\/zertifikat1.png","datePublished":"2023-02-15T09:53:58+00:00","dateModified":"2024-06-13T13:20:55+00:00","breadcrumb":{"@id":"https:\/\/www.humbach.de\/unternehmen\/qualitaet\/#breadcrumb"},"inLanguage":"tr","potentialAction":[{"@type":"ReadAction","target":["https:\/\/www.humbach.de\/unternehmen\/qualitaet\/"]}]},{"@type":"ImageObject","inLanguage":"tr","@id":"https:\/\/www.humbach.de\/unternehmen\/qualitaet\/#primaryimage","url":"https:\/\/www.humbach.de\/wp-content\/uploads\/2023\/02\/zertifikat1.png","contentUrl":"https:\/\/www.humbach.de\/wp-content\/uploads\/2023\/02\/zertifikat1.png"},{"@type":"BreadcrumbList","@id":"https:\/\/www.humbach.de\/unternehmen\/qualitaet\/#breadcrumb","itemListElement":[{"@type":"ListItem","position":1,"name":"Home","item":"https:\/\/www.humbach.de\/"},{"@type":"ListItem","position":2,"name":"Unternehmen","item":"https:\/\/www.humbach.de\/unternehmen\/"},{"@type":"ListItem","position":3,"name":"Qualit\u00e4t"}]},{"@type":"WebSite","@id":"https:\/\/www.humbach.de\/#website","url":"https:\/\/www.humbach.de\/","name":"Humbach GmbH &amp; Co. KG","description":"\u00dcr\u00fcnleriniz i\u00e7in temel bile\u015fenler","publisher":{"@id":"https:\/\/www.humbach.de\/#organization"},"potentialAction":[{"@type":"SearchAction","target":{"@type":"EntryPoint","urlTemplate":"https:\/\/www.humbach.de\/?s={search_term_string}"},"query-input":{"@type":"PropertyValueSpecification","valueRequired":true,"valueName":"search_term_string"}}],"inLanguage":"tr"},{"@type":"Organization","@id":"https:\/\/www.humbach.de\/#organization","name":"Humbach GmbH &amp; Co. KG","url":"https:\/\/www.humbach.de\/","logo":{"@type":"ImageObject","inLanguage":"tr","@id":"https:\/\/www.humbach.de\/#\/schema\/logo\/image\/","url":"https:\/\/www.humbach.de\/wp-content\/uploads\/2023\/02\/2023-02-15_LOGOS_HUMBACH-grau.png","contentUrl":"https:\/\/www.humbach.de\/wp-content\/uploads\/2023\/02\/2023-02-15_LOGOS_HUMBACH-grau.png","width":600,"height":270,"caption":"Humbach GmbH & Co. KG"},"image":{"@id":"https:\/\/www.humbach.de\/#\/schema\/logo\/image\/"},"sameAs":["https:\/\/www.facebook.com\/people\/Humbach-GmbH-Co-KG\/100090408339232\/","https:\/\/www.instagram.com\/humbach.group\/","https:\/\/www.linkedin.com\/company\/humbach\/"]}]}},"_links":{"self":[{"href":"https:\/\/www.humbach.de\/tr\/wp-json\/wp\/v2\/pages\/580","targetHints":{"allow":["GET"]}}],"collection":[{"href":"https:\/\/www.humbach.de\/tr\/wp-json\/wp\/v2\/pages"}],"about":[{"href":"https:\/\/www.humbach.de\/tr\/wp-json\/wp\/v2\/types\/page"}],"author":[{"embeddable":true,"href":"https:\/\/www.humbach.de\/tr\/wp-json\/wp\/v2\/users\/2"}],"replies":[{"embeddable":true,"href":"https:\/\/www.humbach.de\/tr\/wp-json\/wp\/v2\/comments?post=580"}],"version-history":[{"count":55,"href":"https:\/\/www.humbach.de\/tr\/wp-json\/wp\/v2\/pages\/580\/revisions"}],"predecessor-version":[{"id":2158,"href":"https:\/\/www.humbach.de\/tr\/wp-json\/wp\/v2\/pages\/580\/revisions\/2158"}],"up":[{"embeddable":true,"href":"https:\/\/www.humbach.de\/tr\/wp-json\/wp\/v2\/pages\/55"}],"wp:attachment":[{"href":"https:\/\/www.humbach.de\/tr\/wp-json\/wp\/v2\/media?parent=580"}],"curies":[{"name":"wp","href":"https:\/\/api.w.org\/{rel}","templated":true}]}}