{"id":147,"date":"2023-02-08T16:38:20","date_gmt":"2023-02-08T15:38:20","guid":{"rendered":"https:\/\/www.humbach.de\/?page_id=147"},"modified":"2023-03-06T10:52:19","modified_gmt":"2023-03-06T09:52:19","slug":"satin-alma-kosullari","status":"publish","type":"page","link":"https:\/\/www.humbach.de\/tr\/einkaufsbedingungen\/","title":{"rendered":"Sat\u0131n Alma Ko\u015fullar\u0131"},"content":{"rendered":"<div data-elementor-type=\"wp-page\" data-elementor-id=\"147\" class=\"elementor elementor-147\" data-elementor-post-type=\"page\">\n\t\t\t\t<div class=\"elementor-element elementor-element-42a62f7 e-flex e-con-boxed e-con e-parent\" data-id=\"42a62f7\" data-element_type=\"container\" data-e-type=\"container\" data-settings=\"{&quot;background_background&quot;:&quot;classic&quot;}\">\n\t\t\t\t\t<div class=\"e-con-inner\">\n\t\t<div class=\"elementor-element elementor-element-719a79a e-flex e-con-boxed e-con e-child\" data-id=\"719a79a\" data-element_type=\"container\" data-e-type=\"container\">\n\t\t\t\t\t<div class=\"e-con-inner\">\n\t\t\t\t<div class=\"elementor-element elementor-element-fd05739 elementor-widget elementor-widget-heading\" data-id=\"fd05739\" data-element_type=\"widget\" data-e-type=\"widget\" data-widget_type=\"heading.default\">\n\t\t\t\t<div class=\"elementor-widget-container\">\n\t\t\t\t\t<h1 class=\"elementor-heading-title elementor-size-default\">Einkaufs&amp;shybedingungen<\/h1>\t\t\t\t<\/div>\n\t\t\t\t<\/div>\n\t\t\t\t<div class=\"elementor-element elementor-element-694a03c elementor-widget elementor-widget-text-editor\" data-id=\"694a03c\" data-element_type=\"widget\" data-e-type=\"widget\" data-widget_type=\"text-editor.default\">\n\t\t\t\t<div class=\"elementor-widget-container\">\n\t\t\t\t\t\t\t\t\t<p><span style=\"color: #ffffff;\"><a style=\"color: #ffffff;\" href=\"https:\/\/www.humbach.de\/wp-content\/uploads\/2023\/02\/Humbach_EKB.pdf\" target=\"_blank\" rel=\"noopener\">PDF olarak belge<\/a><\/span><\/p>\t\t\t\t\t\t\t\t<\/div>\n\t\t\t\t<\/div>\n\t\t\t\t\t<\/div>\n\t\t\t\t<\/div>\n\t\t\t\t\t<\/div>\n\t\t\t\t<\/div>\n\t\t<div class=\"elementor-element elementor-element-24a8f04 e-flex e-con-boxed e-con e-parent\" data-id=\"24a8f04\" data-element_type=\"container\" data-e-type=\"container\" data-settings=\"{&quot;background_background&quot;:&quot;classic&quot;}\">\n\t\t\t\t\t<div class=\"e-con-inner\">\n\t\t<div class=\"elementor-element elementor-element-d00d6a3 e-flex e-con-boxed e-con e-child\" data-id=\"d00d6a3\" data-element_type=\"container\" data-e-type=\"container\">\n\t\t\t\t\t<div class=\"e-con-inner\">\n\t\t\t\t<div class=\"elementor-element elementor-element-99d1fcd elementor-widget elementor-widget-text-editor\" data-id=\"99d1fcd\" data-element_type=\"widget\" data-e-type=\"widget\" data-widget_type=\"text-editor.default\">\n\t\t\t\t<div class=\"elementor-widget-container\">\n\t\t\t\t\t\t\t\t\t<p><strong>1. Miktarlar<\/strong><br \/>Belirtilen miktarlar \u00e7er\u00e7eve anla\u015fmada belirtilen d\u00f6nem i\u00e7in talebe kar\u015f\u0131l\u0131k gelmektedir. Bunlar yakla\u015f\u0131k rakamlard\u0131r ve piyasada al\u0131\u015f\u0131lagelmi\u015f dalgalanmalara tabi olabilirler. D\u00f6nem sonunda 90%'den daha az miktarlar t\u00fckenirse, 11. maddeye dayanarak bu konuda anla\u015fmalar yap\u0131lacakt\u0131r. 10%'den az kalan miktarlar kaybedilecektir.<\/p><p><strong>2. Fiyatlar<\/strong><br \/>Belirtilen fiyatlar sabit fiyatlard\u0131r. kararla\u015ft\u0131r\u0131lan s\u00f6zle\u015fme s\u00fcresi i\u00e7in ge\u00e7erlidir.<\/p><p><strong>3. s\u00f6zle\u015fme s\u00fcresi<\/strong><br \/>Bu s\u00f6zle\u015fme, ilgili \u00e7er\u00e7eve s\u00f6zle\u015fmede belirtilen s\u00fcre boyunca ge\u00e7erlidir<\/p><p><strong>4. teslimat programlar\u0131<\/strong><br \/>Kararla\u015ft\u0131r\u0131lan parti b\u00fcy\u00fckl\u00fc\u011f\u00fcndeki m\u00fcnferit \u00e7a\u011fr\u0131lar, bu \u00e7er\u00e7eve anla\u015fmaya ili\u015fkin yaz\u0131l\u0131 sat\u0131n alma sipari\u015fleri \u015feklinde olacakt\u0131r.<\/p><p><strong>5. Arsa b\u00fcy\u00fckl\u00fc\u011f\u00fc<\/strong><br \/>\u0130lgili \u00e7er\u00e7eve anla\u015fmas\u0131nda belirtilen teslimat parti b\u00fcy\u00fckl\u00fc\u011f\u00fc, ilgili \u00fcr\u00fcn i\u00e7in kabul edilir. \u00dcretim teknolojisinden kaynaklanan miktar sapmalar\u0131na yaln\u0131zca eksi 5% veya art\u0131 10% boyutuna kadar izin verilir.<\/p><p><strong>6. k\u0131smi teslimatlar<\/strong><br \/>Kararla\u015ft\u0131r\u0131lan teslimat partisi b\u00fcy\u00fckl\u00fc\u011f\u00fcnden farkl\u0131 k\u0131smi teslimatlar genellikle sadece HUMBACH taraf\u0131ndan onayland\u0131ktan sonra m\u00fcmk\u00fcnd\u00fcr. K\u0131smi teslimatlardan kaynaklanan her t\u00fcrl\u00fc ek masraf (nakliye masraflar\u0131 vb.) tedarik\u00e7i taraf\u0131ndan kar\u015f\u0131lanacakt\u0131r.<\/p><p><strong>7. g\u00f6vde \/ ambalaj de\u011fi\u015fimi<\/strong><br \/>\u00c7er\u00e7eve s\u00f6zle\u015fmesinde ba\u015fka bir ambalaj tan\u0131mlanmam\u0131\u015fsa, tedarik\u00e7i uygun ambalajlar\u0131 kullanacakt\u0131r. HUMBACH'\u0131n de\u011fi\u015ftirilebilir kaplar \u00f6nermesi durumunda, yaln\u0131zca bu kaplar kullan\u0131lacakt\u0131r. Tedarik\u00e7i, kap ihtiyac\u0131n\u0131 teslimattan \u00f6nce HUMBACH'a zaman\u0131nda bildirmelidir. Ambalaj\u0131n de\u011fi\u015ftirilmesi sadece HUMBACH'\u0131n onay\u0131 ile m\u00fcmk\u00fcnd\u00fcr; tedarik\u00e7inin sorumlu olmas\u0131 durumunda, uyumsuzluktan kaynaklanan ek maliyetler tedarik\u00e7iye fatura edilir veya fatura tutar\u0131ndan d\u00fc\u015f\u00fcl\u00fcr. Konteyner hesab\u0131 tedarik\u00e7i taraf\u0131ndan tutulacak ve talep \u00fczerine HUMBACH'a g\u00f6nderilecektir.<\/p><p><strong>8. Teslimat s\u00fcreleri<\/strong><br \/>\u00c7a\u011fr\u0131 (sipari\u015f) g\u00fcn\u00fcnden teslimata kadar olan teslimat s\u00fcresi, \u00fcr\u00fcn a\u00e7\u0131klamas\u0131nda belirtilen s\u00fcredir. \u00c7a\u011fr\u0131lar (sipari\u015fler) her zaman sabit bir tarihte yap\u0131l\u0131r. Bu tarih ba\u011flay\u0131c\u0131d\u0131r. Teslimat tarihi a\u015f\u0131l\u0131rsa, tedarik\u00e7i ilk g\u00fcnden itibaren teslimatta temerr\u00fcde d\u00fc\u015fer. HUMBACH, teslimat tarihinin a\u015f\u0131lmas\u0131 nedeniyle ortaya \u00e7\u0131kan ek maliyetleri tedarik\u00e7iye yans\u0131tabilir (\u00f6rne\u011fin, sat\u0131n alma, di\u011fer \u00fcr\u00fcnlerin yeniden i\u015flenmesi vb.)<\/p><p><strong>9. \u00fcretim s\u00fcr\u00fcm\u00fc<\/strong><br \/>\u0130lk kez tedarik edilecek par\u00e7alar i\u00e7in HUMBACH taraf\u0131ndan yaz\u0131l\u0131 bir teslimat izni gereklidir (TL).<\/p><p><strong>10. faturalama<\/strong><br \/>Tek (orijinal) fatura talep ediyoruz. Sipari\u015f numaras\u0131 ba\u015f\u0131na ayr\u0131 fatura, irsaliye vb. talep ediyoruz. Toplu makbuz yok!<\/p><p><strong>11. tasar\u0131m de\u011fi\u015fiklikleri \/ standartlar\u0131<\/strong><br \/>Her t\u00fcrl\u00fc kalite ve tasar\u0131m de\u011fi\u015fikli\u011fi, s\u00f6zle\u015fme s\u00fcresi boyunca tedarik\u00e7i taraf\u0131ndan ancak HUMBACH ile g\u00f6r\u00fc\u015f\u00fcld\u00fckten ve yaz\u0131l\u0131 onay al\u0131nd\u0131ktan sonra yap\u0131labilir. Standartlar\u0131n belirtildi\u011fi durumlarda, en son bask\u0131 yetkili olacakt\u0131r. HUMBACH taraf\u0131ndan \u00e7izimlerde veya y\u00f6netmeliklerde de\u011fi\u015fiklik yap\u0131lmas\u0131 durumunda, eski versiyonun hala mevcut olan stoklar\u0131n\u0131n, 3 parti b\u00fcy\u00fckl\u00fc\u011f\u00fcne kadar (bkz. Madde 5), ancak \u00e7er\u00e7eve s\u00f6zle\u015fmesinde belirtilen toplam miktardan halihaz\u0131rda teslim edilen par\u00e7alar\u0131n miktar\u0131n\u0131n \u00e7\u0131kar\u0131lmas\u0131yla s\u0131n\u0131rl\u0131 olmak \u00fczere, ba\u011flay\u0131c\u0131 etkiye sahip olarak kabul edilece\u011fine dair bir g\u00fcvence verilir.<\/p><p><strong>12. ara\u00e7 yenilemeleri<\/strong><br \/>Baz\u0131 durumlarda, HUMBACH'a teslimatlar i\u00e7in \u00f6zel olarak \u00fcretilmi\u015f teslimat kalemlerinin \u00fcretimi i\u00e7in tak\u0131mlar kullan\u0131l\u0131r (delme tak\u0131mlar\u0131, kal\u0131plar, vb.). Bu aletlerin yenilenmesi gerekti\u011finde, teslimat kaleminde gerekli de\u011fi\u015fikliklerin aletin yeni \u00fcretimine dahil edilebilmesi i\u00e7in tedarik\u00e7i sorulmadan bilgilendirilecektir.<\/p><p><strong>13. Sertifikalar<\/strong><br \/>\u00c7al\u0131\u015fma sertifikalar\u0131n\u0131n haz\u0131rlanmas\u0131 kararla\u015ft\u0131r\u0131lm\u0131\u015fsa, bu sertifikalar mallarla birlikte g\u00f6nderilecektir. Mallar teslim al\u0131nd\u0131\u011f\u0131nda sertifikalar mevcut de\u011filse, teslimat\u0131 reddetme hakk\u0131m\u0131z\u0131 sakl\u0131 tutar\u0131z. Mallar yine de kabul edilirse, bu ihtirazi kay\u0131tla olacakt\u0131r. Bu durumda \u00e7al\u0131\u015fma sertifikas\u0131 \u00fc\u00e7 i\u015f g\u00fcn\u00fc i\u00e7inde teslim edilmelidir. Bu yap\u0131lmazsa, HUMBACH masraflar\u0131 tedarik\u00e7iye ait olmak \u00fczere bir sertifika d\u00fczenletme hakk\u0131n\u0131 sakl\u0131 tutar.<\/p><p><strong>14 \u00c7ekilme \/ Ask\u0131ya Alma<\/strong><br \/>Bu \u00e7er\u00e7eve anla\u015fmas\u0131 HUMBACH taraf\u0131ndan a\u015fa\u011f\u0131daki nedenlerle iptal edilebilir: a) Kalitenin yetersiz olmas\u0131 durumunda, yani tedarik\u00e7inin kusurlu teslimat nedeniyle bir uyar\u0131 yap\u0131ld\u0131ktan sonra tekrar kusurlu mal teslim etmesi durumunda b) Kararla\u015ft\u0131r\u0131lan teslimat tarihlerinin a\u015f\u0131lmas\u0131 durumunda, tedarik\u00e7inin son teslim tarihinin a\u015f\u0131lmas\u0131ndan sorumlu olmas\u0131 durumunda. B\u00f6yle bir durum, bu \u00e7er\u00e7eve anla\u015fman\u0131n s\u00fcresi i\u00e7inde, belirtilen tarihin \u00fc\u00e7 i\u015f g\u00fcn\u00fcnden fazla a\u015f\u0131lmas\u0131 veya \u00fc\u00e7 teslimat durumunda 5 g\u00fcn erken teslim edilmesi halinde ortaya \u00e7\u0131kacakt\u0131r. Tedarik\u00e7inin ba\u015fka \u00fcr\u00fcnler de teslim etmesi ve bu \u00fcr\u00fcnlerde de teslim tarihlerinin ka\u00e7\u0131r\u0131lmas\u0131 durumunda, HUMBACH, tedarik\u00e7inin belirtilen teslim tarihlerini \u00fc\u00e7 g\u00fcn a\u015fmas\u0131 veya t\u00fcm \u00fcr\u00fcnler i\u00e7in bir takvim y\u0131l\u0131 i\u00e7inde toplam on kez belirtilen teslim tarihlerinin be\u015f g\u00fcn alt\u0131nda kalmas\u0131 durumunda da bu \u00e7er\u00e7eve anla\u015fmadan \u00e7ekilme hakk\u0131na sahip olacakt\u0131r. c) \u00dcr\u00fcn tasar\u0131m\u0131nda de\u011fi\u015fiklik yap\u0131lmas\u0131 durumunda s\u00f6zle\u015fme ortaklar\u0131 aras\u0131nda anla\u015fma sa\u011flanamazsa. d) Teknik veya ticari nedenlerden dolay\u0131 \u00fcr\u00fcne HUMBACH taraf\u0131ndan art\u0131k ihtiya\u00e7 duyulmuyorsa. c) ve d) maddelerine ili\u015fkin olarak HUMBACH, kalan miktarlar\u0131 11. maddedeki h\u00fck\u00fcm uyar\u0131nca kabul etmeyi taahh\u00fct eder.<\/p><p><strong>15. kali\u0307te anla\u015fmasi<\/strong><br \/>Tedarik\u00e7i, belirtilen veya en uygun ve test edilmi\u015f malzemeleri kullanarak kesinlikle m\u00fckemmel kaliteyi garanti eder. Uygulama, ilgili teslimat \u015fartnamelerimize ve \u00e7izimlerimize uygun olmal\u0131d\u0131r. Teslim edilen par\u00e7alar y\u00fcksek gerilimlere maruz kalan g\u00fcvenlik bile\u015fenleridir. Kabul edildi\u011fi takdirde, ilgili sertifikalar d\u00fczenlenecektir (bkz. madde 13). Tedarik\u00e7i, \u00e7al\u0131\u015fmalar\u0131 s\u0131ras\u0131nda \u00fcr\u00fcnde g\u00fcvenli ve uygun kullan\u0131mla \u00e7eli\u015fen \u00f6zellikler fark ederse, al\u0131c\u0131ya sorulmadan bilgilendirilmelidir.<\/p><p><strong>16. kali\u0307te kusurlari<\/strong><br \/>Tedarik\u00e7i, HUMBACH'\u0131n gereksinimlerini kar\u015f\u0131lamayan par\u00e7alar\u0131 geri almay\u0131 taahh\u00fct eder. Tedarik\u00e7i, kalite kusurlar\u0131 hakk\u0131nda bir kalite sapma raporu alacakt\u0131r. Be\u015f i\u015f g\u00fcn\u00fc i\u00e7inde ilgili bir a\u00e7\u0131klama bekliyoruz. Teslimat\u0131n iade edilmesi durumunda, tedarik\u00e7iye masraflar\u0131 kendisine ait olmak \u00fczere bunu telafi etme f\u0131rsat\u0131 verilecektir. Zamanlama zorluklar\u0131 durumunda HUMBACH, tedarik\u00e7iyle g\u00f6r\u00fc\u015ft\u00fckten sonra masraflar\u0131 tedarik\u00e7iye ait olmak \u00fczere par\u00e7alar\u0131n yeniden i\u015flenmesini sa\u011flama hakk\u0131n\u0131 sakl\u0131 tutar.<\/p><p><strong>17. \u00fcr\u00fcn i\u0307yi\u0307le\u015fti\u0307rmeleri\u0307<\/strong><br \/>Tedarik\u00e7i, kendisinden talep edilmeksizin teslim edilecek \u00fcr\u00fcn\u00fcn optimizasyonuna ili\u015fkin her t\u00fcrl\u00fc potansiyeli al\u0131c\u0131ya bildirmekle y\u00fck\u00fcml\u00fcd\u00fcr.<\/p><p><strong>18. gi\u0307zli\u0307li\u0307k anla\u015fmalari<\/strong><br \/>Tedarik\u00e7i, al\u0131c\u0131 ile olan i\u015f ili\u015fkisi \u00e7er\u00e7evesinde edindi\u011fi t\u00fcm bilgileri - hem teknik hem de ticari nitelikte - sadece HUMBACH ile olan s\u00f6zle\u015fmenin yerine getirilmesi amac\u0131yla kullanmay\u0131 ve \u00fc\u00e7\u00fcnc\u00fc \u015fah\u0131slara aktarmamay\u0131 taahh\u00fct eder. Bu anla\u015fma, bu \u00e7er\u00e7eve anla\u015fmas\u0131n\u0131n s\u00fcresi boyunca da ge\u00e7erli olacakt\u0131r. \u0130hlal durumunda, tedarik\u00e7i zararlardan sorumlu olabilir.<\/p><p><strong>19 B\u00f6l\u00fcnebilirlik maddesi<\/strong><br \/>Yukar\u0131da belirtilen hususlardan birinin ge\u00e7ersiz oldu\u011fu ortaya \u00e7\u0131karsa, s\u00f6zle\u015fme bir b\u00fct\u00fcn olarak bundan etkilenmeyecektir. Her iki taraf da \u015fimdiden, muhtemelen ge\u00e7ersiz olan noktay\u0131 anlama uygun yeni bir form\u00fclasyonla de\u011fi\u015ftirmeyi taahh\u00fct eder 20. Yaz\u0131l\u0131 \u015fekil \u00c7er\u00e7eve s\u00f6zle\u015fmeye ili\u015fkin anla\u015fmalar ve ekler yaz\u0131l\u0131 olmal\u0131d\u0131r.<\/p>\t\t\t\t\t\t\t\t<\/div>\n\t\t\t\t<\/div>\n\t\t\t\t\t<\/div>\n\t\t\t\t<\/div>\n\t\t\t\t\t<\/div>\n\t\t\t\t<\/div>\n\t\t\t\t<\/div>","protected":false},"excerpt":{"rendered":"<p>Einkaufs&#038;shybedingungen Dokument als PDF 1. MengenDie genannten Mengen entsprechen dem Bedarf f\u00fcr den im Rahmenvertrag genannten Zeitraum. Es handelt sich um Circa-Angaben, die markt\u00fcblichen Schwankungen unterliegen k\u00f6nnen. Sollten Mengen zum Laufzeitende zu weniger als 90% ausgesch\u00f6pft sein, so werden hier\u00fcber Vereinbarungen getroffen, die sich an Punkt 11 orientieren. Restmengen kleiner 10% verfallen. 2. PreiseDie angegebenen [&hellip;]<\/p>\n","protected":false},"author":2,"featured_media":0,"parent":0,"menu_order":0,"comment_status":"closed","ping_status":"closed","template":"","meta":{"site-sidebar-layout":"no-sidebar","site-content-layout":"page-builder","ast-site-content-layout":"","site-content-style":"default","site-sidebar-style":"default","ast-global-header-display":"","ast-banner-title-visibility":"","ast-main-header-display":"","ast-hfb-above-header-display":"","ast-hfb-below-header-display":"","ast-hfb-mobile-header-display":"","site-post-title":"disabled","ast-breadcrumbs-content":"","ast-featured-img":"disabled","footer-sml-layout":"","theme-transparent-header-meta":"","adv-header-id-meta":"","stick-header-meta":"","header-above-stick-meta":"","header-main-stick-meta":"","header-below-stick-meta":"","astra-migrate-meta-layouts":"default","ast-page-background-enabled":"default","ast-page-background-meta":{"desktop":{"background-color":"var(--ast-global-color-4)","background-image":"","background-repeat":"repeat","background-position":"center center","background-size":"auto","background-attachment":"scroll","background-type":"","background-media":"","overlay-type":"","overlay-color":"","overlay-opacity":"","overlay-gradient":""},"tablet":{"background-color":"","background-image":"","background-repeat":"repeat","background-position":"center center","background-size":"auto","background-attachment":"scroll","background-type":"","background-media":"","overlay-type":"","overlay-color":"","overlay-opacity":"","overlay-gradient":""},"mobile":{"background-color":"","background-image":"","background-repeat":"repeat","background-position":"center center","background-size":"auto","background-attachment":"scroll","background-type":"","background-media":"","overlay-type":"","overlay-color":"","overlay-opacity":"","overlay-gradient":""}},"ast-content-background-meta":{"desktop":{"background-color":"var(--ast-global-color-5)","background-image":"","background-repeat":"repeat","background-position":"center center","background-size":"auto","background-attachment":"scroll","background-type":"","background-media":"","overlay-type":"","overlay-color":"","overlay-opacity":"","overlay-gradient":""},"tablet":{"background-color":"var(--ast-global-color-5)","background-image":"","background-repeat":"repeat","background-position":"center center","background-size":"auto","background-attachment":"scroll","background-type":"","background-media":"","overlay-type":"","overlay-color":"","overlay-opacity":"","overlay-gradient":""},"mobile":{"background-color":"var(--ast-global-color-5)","background-image":"","background-repeat":"repeat","background-position":"center center","background-size":"auto","background-attachment":"scroll","background-type":"","background-media":"","overlay-type":"","overlay-color":"","overlay-opacity":"","overlay-gradient":""}},"footnotes":""},"class_list":["post-147","page","type-page","status-publish","hentry"],"yoast_head":"<!-- This site is optimized with the Yoast SEO plugin v27.2 - https:\/\/yoast.com\/product\/yoast-seo-wordpress\/ -->\n<title>Einkaufsbedingungen | Humbach Group<\/title>\n<meta name=\"robots\" content=\"index, follow, max-snippet:-1, max-image-preview:large, max-video-preview:-1\" \/>\n<link rel=\"canonical\" href=\"https:\/\/www.humbach.de\/tr\/satin-alma-kosullari\/\" \/>\n<meta property=\"og:locale\" content=\"tr_TR\" \/>\n<meta property=\"og:type\" content=\"article\" \/>\n<meta property=\"og:title\" content=\"Einkaufsbedingungen | Humbach Group\" \/>\n<meta property=\"og:description\" content=\"Einkaufs&#038;shybedingungen Dokument als PDF 1. MengenDie genannten Mengen entsprechen dem Bedarf f\u00fcr den im Rahmenvertrag genannten Zeitraum. Es handelt sich um Circa-Angaben, die markt\u00fcblichen Schwankungen unterliegen k\u00f6nnen. Sollten Mengen zum Laufzeitende zu weniger als 90% ausgesch\u00f6pft sein, so werden hier\u00fcber Vereinbarungen getroffen, die sich an Punkt 11 orientieren. Restmengen kleiner 10% verfallen. 2. PreiseDie angegebenen [&hellip;]\" \/>\n<meta property=\"og:url\" content=\"https:\/\/www.humbach.de\/tr\/satin-alma-kosullari\/\" \/>\n<meta property=\"og:site_name\" content=\"Humbach Group\" \/>\n<meta property=\"article:publisher\" content=\"https:\/\/www.facebook.com\/people\/Humbach-GmbH-Co-KG\/100090408339232\/\" \/>\n<meta property=\"article:modified_time\" content=\"2023-03-06T09:52:19+00:00\" \/>\n<meta name=\"twitter:card\" content=\"summary_large_image\" \/>\n<meta name=\"twitter:label1\" content=\"Tahmini okuma s\u00fcresi\" \/>\n\t<meta name=\"twitter:data1\" content=\"6 dakika\" \/>\n<script type=\"application\/ld+json\" class=\"yoast-schema-graph\">{\"@context\":\"https:\/\/schema.org\",\"@graph\":[{\"@type\":\"WebPage\",\"@id\":\"https:\/\/www.humbach.de\/einkaufsbedingungen\/\",\"url\":\"https:\/\/www.humbach.de\/einkaufsbedingungen\/\",\"name\":\"Einkaufsbedingungen | Humbach Group\",\"isPartOf\":{\"@id\":\"https:\/\/www.humbach.de\/#website\"},\"datePublished\":\"2023-02-08T15:38:20+00:00\",\"dateModified\":\"2023-03-06T09:52:19+00:00\",\"breadcrumb\":{\"@id\":\"https:\/\/www.humbach.de\/einkaufsbedingungen\/#breadcrumb\"},\"inLanguage\":\"tr\",\"potentialAction\":[{\"@type\":\"ReadAction\",\"target\":[\"https:\/\/www.humbach.de\/einkaufsbedingungen\/\"]}]},{\"@type\":\"BreadcrumbList\",\"@id\":\"https:\/\/www.humbach.de\/einkaufsbedingungen\/#breadcrumb\",\"itemListElement\":[{\"@type\":\"ListItem\",\"position\":1,\"name\":\"Home\",\"item\":\"https:\/\/www.humbach.de\/\"},{\"@type\":\"ListItem\",\"position\":2,\"name\":\"Einkaufsbedingungen\"}]},{\"@type\":\"WebSite\",\"@id\":\"https:\/\/www.humbach.de\/#website\",\"url\":\"https:\/\/www.humbach.de\/\",\"name\":\"Humbach GmbH & Co. KG\",\"description\":\"Schl\u00fcsselkomponenten f\u00fcr Ihre Produkte\",\"publisher\":{\"@id\":\"https:\/\/www.humbach.de\/#organization\"},\"potentialAction\":[{\"@type\":\"SearchAction\",\"target\":{\"@type\":\"EntryPoint\",\"urlTemplate\":\"https:\/\/www.humbach.de\/?s={search_term_string}\"},\"query-input\":{\"@type\":\"PropertyValueSpecification\",\"valueRequired\":true,\"valueName\":\"search_term_string\"}}],\"inLanguage\":\"tr\"},{\"@type\":\"Organization\",\"@id\":\"https:\/\/www.humbach.de\/#organization\",\"name\":\"Humbach GmbH & Co. KG\",\"url\":\"https:\/\/www.humbach.de\/\",\"logo\":{\"@type\":\"ImageObject\",\"inLanguage\":\"tr\",\"@id\":\"https:\/\/www.humbach.de\/#\/schema\/logo\/image\/\",\"url\":\"https:\/\/www.humbach.de\/wp-content\/uploads\/2023\/02\/2023-02-15_LOGOS_HUMBACH-grau.png\",\"contentUrl\":\"https:\/\/www.humbach.de\/wp-content\/uploads\/2023\/02\/2023-02-15_LOGOS_HUMBACH-grau.png\",\"width\":600,\"height\":270,\"caption\":\"Humbach GmbH & Co. KG\"},\"image\":{\"@id\":\"https:\/\/www.humbach.de\/#\/schema\/logo\/image\/\"},\"sameAs\":[\"https:\/\/www.facebook.com\/people\/Humbach-GmbH-Co-KG\/100090408339232\/\",\"https:\/\/www.instagram.com\/humbach.group\/\",\"https:\/\/www.linkedin.com\/company\/humbach\/\"]}]}<\/script>\n<!-- \/ Yoast SEO plugin. -->","yoast_head_json":{"title":"Sat\u0131n Alma Ko\u015fullar\u0131 | Humbach Group","robots":{"index":"index","follow":"follow","max-snippet":"max-snippet:-1","max-image-preview":"max-image-preview:large","max-video-preview":"max-video-preview:-1"},"canonical":"https:\/\/www.humbach.de\/tr\/satin-alma-kosullari\/","og_locale":"tr_TR","og_type":"article","og_title":"Einkaufsbedingungen | Humbach Group","og_description":"Einkaufs&#038;shybedingungen Dokument als PDF 1. MengenDie genannten Mengen entsprechen dem Bedarf f\u00fcr den im Rahmenvertrag genannten Zeitraum. Es handelt sich um Circa-Angaben, die markt\u00fcblichen Schwankungen unterliegen k\u00f6nnen. Sollten Mengen zum Laufzeitende zu weniger als 90% ausgesch\u00f6pft sein, so werden hier\u00fcber Vereinbarungen getroffen, die sich an Punkt 11 orientieren. Restmengen kleiner 10% verfallen. 2. PreiseDie angegebenen [&hellip;]","og_url":"https:\/\/www.humbach.de\/tr\/satin-alma-kosullari\/","og_site_name":"Humbach Group","article_publisher":"https:\/\/www.facebook.com\/people\/Humbach-GmbH-Co-KG\/100090408339232\/","article_modified_time":"2023-03-06T09:52:19+00:00","twitter_card":"summary_large_image","twitter_misc":{"Tahmini okuma s\u00fcresi":"6 dakika"},"schema":{"@context":"https:\/\/schema.org","@graph":[{"@type":"WebPage","@id":"https:\/\/www.humbach.de\/einkaufsbedingungen\/","url":"https:\/\/www.humbach.de\/einkaufsbedingungen\/","name":"Sat\u0131n Alma Ko\u015fullar\u0131 | Humbach Group","isPartOf":{"@id":"https:\/\/www.humbach.de\/#website"},"datePublished":"2023-02-08T15:38:20+00:00","dateModified":"2023-03-06T09:52:19+00:00","breadcrumb":{"@id":"https:\/\/www.humbach.de\/einkaufsbedingungen\/#breadcrumb"},"inLanguage":"tr","potentialAction":[{"@type":"ReadAction","target":["https:\/\/www.humbach.de\/einkaufsbedingungen\/"]}]},{"@type":"BreadcrumbList","@id":"https:\/\/www.humbach.de\/einkaufsbedingungen\/#breadcrumb","itemListElement":[{"@type":"ListItem","position":1,"name":"Home","item":"https:\/\/www.humbach.de\/"},{"@type":"ListItem","position":2,"name":"Einkaufsbedingungen"}]},{"@type":"WebSite","@id":"https:\/\/www.humbach.de\/#website","url":"https:\/\/www.humbach.de\/","name":"Humbach GmbH &amp; Co. KG","description":"\u00dcr\u00fcnleriniz i\u00e7in temel bile\u015fenler","publisher":{"@id":"https:\/\/www.humbach.de\/#organization"},"potentialAction":[{"@type":"SearchAction","target":{"@type":"EntryPoint","urlTemplate":"https:\/\/www.humbach.de\/?s={search_term_string}"},"query-input":{"@type":"PropertyValueSpecification","valueRequired":true,"valueName":"search_term_string"}}],"inLanguage":"tr"},{"@type":"Organization","@id":"https:\/\/www.humbach.de\/#organization","name":"Humbach GmbH &amp; Co. KG","url":"https:\/\/www.humbach.de\/","logo":{"@type":"ImageObject","inLanguage":"tr","@id":"https:\/\/www.humbach.de\/#\/schema\/logo\/image\/","url":"https:\/\/www.humbach.de\/wp-content\/uploads\/2023\/02\/2023-02-15_LOGOS_HUMBACH-grau.png","contentUrl":"https:\/\/www.humbach.de\/wp-content\/uploads\/2023\/02\/2023-02-15_LOGOS_HUMBACH-grau.png","width":600,"height":270,"caption":"Humbach GmbH & Co. KG"},"image":{"@id":"https:\/\/www.humbach.de\/#\/schema\/logo\/image\/"},"sameAs":["https:\/\/www.facebook.com\/people\/Humbach-GmbH-Co-KG\/100090408339232\/","https:\/\/www.instagram.com\/humbach.group\/","https:\/\/www.linkedin.com\/company\/humbach\/"]}]}},"_links":{"self":[{"href":"https:\/\/www.humbach.de\/tr\/wp-json\/wp\/v2\/pages\/147","targetHints":{"allow":["GET"]}}],"collection":[{"href":"https:\/\/www.humbach.de\/tr\/wp-json\/wp\/v2\/pages"}],"about":[{"href":"https:\/\/www.humbach.de\/tr\/wp-json\/wp\/v2\/types\/page"}],"author":[{"embeddable":true,"href":"https:\/\/www.humbach.de\/tr\/wp-json\/wp\/v2\/users\/2"}],"replies":[{"embeddable":true,"href":"https:\/\/www.humbach.de\/tr\/wp-json\/wp\/v2\/comments?post=147"}],"version-history":[{"count":19,"href":"https:\/\/www.humbach.de\/tr\/wp-json\/wp\/v2\/pages\/147\/revisions"}],"predecessor-version":[{"id":1967,"href":"https:\/\/www.humbach.de\/tr\/wp-json\/wp\/v2\/pages\/147\/revisions\/1967"}],"wp:attachment":[{"href":"https:\/\/www.humbach.de\/tr\/wp-json\/wp\/v2\/media?parent=147"}],"curies":[{"name":"wp","href":"https:\/\/api.w.org\/{rel}","templated":true}]}}