{"id":135,"date":"2023-02-08T16:36:45","date_gmt":"2023-02-08T15:36:45","guid":{"rendered":"https:\/\/www.humbach.de\/?page_id=135"},"modified":"2023-03-08T09:51:03","modified_gmt":"2023-03-08T08:51:03","slug":"baski","status":"publish","type":"page","link":"https:\/\/www.humbach.de\/tr\/impressum\/","title":{"rendered":"K\u00fcnye"},"content":{"rendered":"<div data-elementor-type=\"wp-page\" data-elementor-id=\"135\" class=\"elementor elementor-135\" data-elementor-post-type=\"page\">\n\t\t\t\t<div class=\"elementor-element elementor-element-2018d5a e-flex e-con-boxed e-con e-parent\" data-id=\"2018d5a\" data-element_type=\"container\" data-e-type=\"container\" data-settings=\"{&quot;background_background&quot;:&quot;classic&quot;}\">\n\t\t\t\t\t<div class=\"e-con-inner\">\n\t\t<div class=\"elementor-element elementor-element-27e86ae e-flex e-con-boxed e-con e-child\" data-id=\"27e86ae\" data-element_type=\"container\" data-e-type=\"container\">\n\t\t\t\t\t<div class=\"e-con-inner\">\n\t\t\t\t\t<\/div>\n\t\t\t\t<\/div>\n\t\t\t\t\t<\/div>\n\t\t\t\t<\/div>\n\t\t<div class=\"elementor-element elementor-element-ba56c9a e-flex e-con-boxed e-con e-parent\" data-id=\"ba56c9a\" data-element_type=\"container\" data-e-type=\"container\" data-settings=\"{&quot;background_background&quot;:&quot;classic&quot;}\">\n\t\t\t\t\t<div class=\"e-con-inner\">\n\t\t<div class=\"elementor-element elementor-element-2d27974 e-flex e-con-boxed e-con e-child\" data-id=\"2d27974\" data-element_type=\"container\" data-e-type=\"container\">\n\t\t\t\t\t<div class=\"e-con-inner\">\n\t\t\t\t<div class=\"elementor-element elementor-element-bc7f025 elementor-widget elementor-widget-text-editor\" data-id=\"bc7f025\" data-element_type=\"widget\" data-e-type=\"widget\" data-widget_type=\"text-editor.default\">\n\t\t\t\t<div class=\"elementor-widget-container\">\n\t\t\t\t\t\t\t\t\t<h2>TMG Madde 5 uyar\u0131nca bilgiler<\/h2>\n<p>Humbach GmbH &amp; Co. KG<br \/>\nIm Brauke 13<br \/>\n57392 Schmallenberg<\/p>\n\n<p>Ticaret sicili: HRA 7177<br \/>\nKay\u0131t mahkemesi: Arnsberg Yerel Mahkemesi<\/p>\n\n<p><strong>Temsilci:<\/strong><br \/>\nHumbach Beteiligungs- und Verwaltungsgesellschaft mbH<br \/>\nIm Brauke 13<br \/>\n57392 Schmallenberg<\/p>\n\n<p>Bunlar taraf\u0131ndan temsil edilmektedir:<br \/>\nD\u00e9sir\u00e9e Teppich<br \/>\nPeter Teppich<\/p>\n\n<p>Ticaret sicili: HRB 9710<br \/>\nKay\u0131t mahkemesi: Arnsberg Yerel Mahkemesi<\/p>\n\n<h2>\u0130leti\u015fim<\/h2>\n<p>Telefon: + 49 (0) 29 72 - 97 847 0<br \/>\nFaks: + 49 (0) 29 72 - 97 847 70<br \/>\nE-posta: info@humbach.de<\/p>\n\n<h2>KDV KIMLI\u011eI<\/h2>\n<p>Alman Sat\u0131\u015f Vergisi Kanunu \u00a7 27 a uyar\u0131nca sat\u0131\u015f vergisi kimlik numaras\u0131:<br \/>\nDE 126 179 874<\/p>\n\n<h2>AB uyu\u015fmazl\u0131k \u00e7\u00f6z\u00fcm\u00fc<\/h2>\n<p>Avrupa Komisyonu, \u00e7evrimi\u00e7i uyu\u015fmazl\u0131k \u00e7\u00f6z\u00fcm\u00fc (ODR) i\u00e7in bir platform sa\u011flamaktad\u0131r: <a href=\"https:\/\/ec.europa.eu\/consumers\/odr\/\" target=\"_blank\" rel=\"noopener noreferrer\">https:\/\/ec.europa.eu\/consumers\/odr\/<\/a>.<br \/> E-posta adresimizi yukar\u0131daki k\u00fcnyede bulabilirsiniz.<\/p>\n\n<h2>T\u00fcketici Uyu\u015fmazl\u0131klar\u0131n\u0131n \u00c7\u00f6z\u00fcm\u00fc \/ Evrensel Tahkim Kurulu<\/h2>\n<p>Bir t\u00fcketici hakem heyeti nezdindeki uyu\u015fmazl\u0131k \u00e7\u00f6z\u00fcm i\u015flemlerine kat\u0131lmaya istekli veya y\u00fck\u00fcml\u00fc de\u011filiz.<\/p>\t\t\t\t\t\t\t\t<\/div>\n\t\t\t\t<\/div>\n\t\t\t\t\t<\/div>\n\t\t\t\t<\/div>\n\t\t\t\t\t<\/div>\n\t\t\t\t<\/div>\n\t\t\t\t<\/div>","protected":false},"excerpt":{"rendered":"<p>Angaben gem\u00e4\u00df \u00a7 5 TMG Humbach GmbH &amp; Co. KG Im Brauke 13 57392 Schmallenberg Handelsregister: HRA 7177 Registergericht: Amtsgericht Arnsberg Vertreten durch: Humbach Beteiligungs- und Verwaltungsgesellschaft mbH Im Brauke 13 57392 Schmallenberg Diese vertreten durch: D\u00e9sir\u00e9e Teppich Peter Teppich Handelsregister: HRB 9710 Registergericht: Amtsgericht Arnsberg Kontakt Telefon: + 49 (0) 29 72 &#8211; 97 [&hellip;]<\/p>\n","protected":false},"author":2,"featured_media":0,"parent":0,"menu_order":0,"comment_status":"closed","ping_status":"closed","template":"","meta":{"site-sidebar-layout":"no-sidebar","site-content-layout":"page-builder","ast-site-content-layout":"","site-content-style":"default","site-sidebar-style":"default","ast-global-header-display":"","ast-banner-title-visibility":"","ast-main-header-display":"","ast-hfb-above-header-display":"","ast-hfb-below-header-display":"","ast-hfb-mobile-header-display":"","site-post-title":"disabled","ast-breadcrumbs-content":"","ast-featured-img":"disabled","footer-sml-layout":"","theme-transparent-header-meta":"","adv-header-id-meta":"","stick-header-meta":"","header-above-stick-meta":"","header-main-stick-meta":"","header-below-stick-meta":"","astra-migrate-meta-layouts":"default","ast-page-background-enabled":"default","ast-page-background-meta":{"desktop":{"background-color":"var(--ast-global-color-4)","background-image":"","background-repeat":"repeat","background-position":"center center","background-size":"auto","background-attachment":"scroll","background-type":"","background-media":"","overlay-type":"","overlay-color":"","overlay-opacity":"","overlay-gradient":""},"tablet":{"background-color":"","background-image":"","background-repeat":"repeat","background-position":"center center","background-size":"auto","background-attachment":"scroll","background-type":"","background-media":"","overlay-type":"","overlay-color":"","overlay-opacity":"","overlay-gradient":""},"mobile":{"background-color":"","background-image":"","background-repeat":"repeat","background-position":"center center","background-size":"auto","background-attachment":"scroll","background-type":"","background-media":"","overlay-type":"","overlay-color":"","overlay-opacity":"","overlay-gradient":""}},"ast-content-background-meta":{"desktop":{"background-color":"var(--ast-global-color-5)","background-image":"","background-repeat":"repeat","background-position":"center center","background-size":"auto","background-attachment":"scroll","background-type":"","background-media":"","overlay-type":"","overlay-color":"","overlay-opacity":"","overlay-gradient":""},"tablet":{"background-color":"var(--ast-global-color-5)","background-image":"","background-repeat":"repeat","background-position":"center center","background-size":"auto","background-attachment":"scroll","background-type":"","background-media":"","overlay-type":"","overlay-color":"","overlay-opacity":"","overlay-gradient":""},"mobile":{"background-color":"var(--ast-global-color-5)","background-image":"","background-repeat":"repeat","background-position":"center center","background-size":"auto","background-attachment":"scroll","background-type":"","background-media":"","overlay-type":"","overlay-color":"","overlay-opacity":"","overlay-gradient":""}},"footnotes":""},"class_list":["post-135","page","type-page","status-publish","hentry"],"yoast_head":"<!-- This site is optimized with the Yoast SEO plugin v27.2 - https:\/\/yoast.com\/product\/yoast-seo-wordpress\/ -->\n<title>Impressum | Humbach Group<\/title>\n<meta name=\"robots\" content=\"noindex, follow\" \/>\n<meta property=\"og:locale\" content=\"tr_TR\" \/>\n<meta property=\"og:type\" content=\"article\" \/>\n<meta property=\"og:title\" content=\"Impressum | Humbach Group\" \/>\n<meta property=\"og:description\" content=\"Angaben gem\u00e4\u00df \u00a7 5 TMG Humbach GmbH &amp; Co. KG Im Brauke 13 57392 Schmallenberg Handelsregister: HRA 7177 Registergericht: Amtsgericht Arnsberg Vertreten durch: Humbach Beteiligungs- und Verwaltungsgesellschaft mbH Im Brauke 13 57392 Schmallenberg Diese vertreten durch: D\u00e9sir\u00e9e Teppich Peter Teppich Handelsregister: HRB 9710 Registergericht: Amtsgericht Arnsberg Kontakt Telefon: + 49 (0) 29 72 &#8211; 97 [&hellip;]\" \/>\n<meta property=\"og:url\" content=\"https:\/\/www.humbach.de\/tr\/baski\/\" \/>\n<meta property=\"og:site_name\" content=\"Humbach Group\" \/>\n<meta property=\"article:publisher\" content=\"https:\/\/www.facebook.com\/people\/Humbach-GmbH-Co-KG\/100090408339232\/\" \/>\n<meta property=\"article:modified_time\" content=\"2023-03-08T08:51:03+00:00\" \/>\n<meta name=\"twitter:card\" content=\"summary_large_image\" \/>\n<meta name=\"twitter:label1\" content=\"Tahmini okuma s\u00fcresi\" \/>\n\t<meta name=\"twitter:data1\" content=\"1 dakika\" \/>\n<script type=\"application\/ld+json\" class=\"yoast-schema-graph\">{\"@context\":\"https:\/\/schema.org\",\"@graph\":[{\"@type\":\"WebPage\",\"@id\":\"https:\/\/www.humbach.de\/impressum\/\",\"url\":\"https:\/\/www.humbach.de\/impressum\/\",\"name\":\"Impressum | Humbach Group\",\"isPartOf\":{\"@id\":\"https:\/\/www.humbach.de\/#website\"},\"datePublished\":\"2023-02-08T15:36:45+00:00\",\"dateModified\":\"2023-03-08T08:51:03+00:00\",\"breadcrumb\":{\"@id\":\"https:\/\/www.humbach.de\/impressum\/#breadcrumb\"},\"inLanguage\":\"tr\",\"potentialAction\":[{\"@type\":\"ReadAction\",\"target\":[\"https:\/\/www.humbach.de\/impressum\/\"]}]},{\"@type\":\"BreadcrumbList\",\"@id\":\"https:\/\/www.humbach.de\/impressum\/#breadcrumb\",\"itemListElement\":[{\"@type\":\"ListItem\",\"position\":1,\"name\":\"Home\",\"item\":\"https:\/\/www.humbach.de\/\"},{\"@type\":\"ListItem\",\"position\":2,\"name\":\"Impressum\"}]},{\"@type\":\"WebSite\",\"@id\":\"https:\/\/www.humbach.de\/#website\",\"url\":\"https:\/\/www.humbach.de\/\",\"name\":\"Humbach GmbH & Co. KG\",\"description\":\"Schl\u00fcsselkomponenten f\u00fcr Ihre Produkte\",\"publisher\":{\"@id\":\"https:\/\/www.humbach.de\/#organization\"},\"potentialAction\":[{\"@type\":\"SearchAction\",\"target\":{\"@type\":\"EntryPoint\",\"urlTemplate\":\"https:\/\/www.humbach.de\/?s={search_term_string}\"},\"query-input\":{\"@type\":\"PropertyValueSpecification\",\"valueRequired\":true,\"valueName\":\"search_term_string\"}}],\"inLanguage\":\"tr\"},{\"@type\":\"Organization\",\"@id\":\"https:\/\/www.humbach.de\/#organization\",\"name\":\"Humbach GmbH & Co. KG\",\"url\":\"https:\/\/www.humbach.de\/\",\"logo\":{\"@type\":\"ImageObject\",\"inLanguage\":\"tr\",\"@id\":\"https:\/\/www.humbach.de\/#\/schema\/logo\/image\/\",\"url\":\"https:\/\/www.humbach.de\/wp-content\/uploads\/2023\/02\/2023-02-15_LOGOS_HUMBACH-grau.png\",\"contentUrl\":\"https:\/\/www.humbach.de\/wp-content\/uploads\/2023\/02\/2023-02-15_LOGOS_HUMBACH-grau.png\",\"width\":600,\"height\":270,\"caption\":\"Humbach GmbH & Co. KG\"},\"image\":{\"@id\":\"https:\/\/www.humbach.de\/#\/schema\/logo\/image\/\"},\"sameAs\":[\"https:\/\/www.facebook.com\/people\/Humbach-GmbH-Co-KG\/100090408339232\/\",\"https:\/\/www.instagram.com\/humbach.group\/\",\"https:\/\/www.linkedin.com\/company\/humbach\/\"]}]}<\/script>\n<!-- \/ Yoast SEO plugin. -->","yoast_head_json":{"title":"K\u00fcnye | Humbach Group","robots":{"index":"noindex","follow":"follow"},"og_locale":"tr_TR","og_type":"article","og_title":"Impressum | Humbach Group","og_description":"Angaben gem\u00e4\u00df \u00a7 5 TMG Humbach GmbH &amp; Co. KG Im Brauke 13 57392 Schmallenberg Handelsregister: HRA 7177 Registergericht: Amtsgericht Arnsberg Vertreten durch: Humbach Beteiligungs- und Verwaltungsgesellschaft mbH Im Brauke 13 57392 Schmallenberg Diese vertreten durch: D\u00e9sir\u00e9e Teppich Peter Teppich Handelsregister: HRB 9710 Registergericht: Amtsgericht Arnsberg Kontakt Telefon: + 49 (0) 29 72 &#8211; 97 [&hellip;]","og_url":"https:\/\/www.humbach.de\/tr\/baski\/","og_site_name":"Humbach Group","article_publisher":"https:\/\/www.facebook.com\/people\/Humbach-GmbH-Co-KG\/100090408339232\/","article_modified_time":"2023-03-08T08:51:03+00:00","twitter_card":"summary_large_image","twitter_misc":{"Tahmini okuma s\u00fcresi":"1 dakika"},"schema":{"@context":"https:\/\/schema.org","@graph":[{"@type":"WebPage","@id":"https:\/\/www.humbach.de\/impressum\/","url":"https:\/\/www.humbach.de\/impressum\/","name":"K\u00fcnye | Humbach Group","isPartOf":{"@id":"https:\/\/www.humbach.de\/#website"},"datePublished":"2023-02-08T15:36:45+00:00","dateModified":"2023-03-08T08:51:03+00:00","breadcrumb":{"@id":"https:\/\/www.humbach.de\/impressum\/#breadcrumb"},"inLanguage":"tr","potentialAction":[{"@type":"ReadAction","target":["https:\/\/www.humbach.de\/impressum\/"]}]},{"@type":"BreadcrumbList","@id":"https:\/\/www.humbach.de\/impressum\/#breadcrumb","itemListElement":[{"@type":"ListItem","position":1,"name":"Home","item":"https:\/\/www.humbach.de\/"},{"@type":"ListItem","position":2,"name":"Impressum"}]},{"@type":"WebSite","@id":"https:\/\/www.humbach.de\/#website","url":"https:\/\/www.humbach.de\/","name":"Humbach GmbH &amp; Co. KG","description":"\u00dcr\u00fcnleriniz i\u00e7in temel bile\u015fenler","publisher":{"@id":"https:\/\/www.humbach.de\/#organization"},"potentialAction":[{"@type":"SearchAction","target":{"@type":"EntryPoint","urlTemplate":"https:\/\/www.humbach.de\/?s={search_term_string}"},"query-input":{"@type":"PropertyValueSpecification","valueRequired":true,"valueName":"search_term_string"}}],"inLanguage":"tr"},{"@type":"Organization","@id":"https:\/\/www.humbach.de\/#organization","name":"Humbach GmbH &amp; Co. KG","url":"https:\/\/www.humbach.de\/","logo":{"@type":"ImageObject","inLanguage":"tr","@id":"https:\/\/www.humbach.de\/#\/schema\/logo\/image\/","url":"https:\/\/www.humbach.de\/wp-content\/uploads\/2023\/02\/2023-02-15_LOGOS_HUMBACH-grau.png","contentUrl":"https:\/\/www.humbach.de\/wp-content\/uploads\/2023\/02\/2023-02-15_LOGOS_HUMBACH-grau.png","width":600,"height":270,"caption":"Humbach GmbH & Co. KG"},"image":{"@id":"https:\/\/www.humbach.de\/#\/schema\/logo\/image\/"},"sameAs":["https:\/\/www.facebook.com\/people\/Humbach-GmbH-Co-KG\/100090408339232\/","https:\/\/www.instagram.com\/humbach.group\/","https:\/\/www.linkedin.com\/company\/humbach\/"]}]}},"_links":{"self":[{"href":"https:\/\/www.humbach.de\/tr\/wp-json\/wp\/v2\/pages\/135","targetHints":{"allow":["GET"]}}],"collection":[{"href":"https:\/\/www.humbach.de\/tr\/wp-json\/wp\/v2\/pages"}],"about":[{"href":"https:\/\/www.humbach.de\/tr\/wp-json\/wp\/v2\/types\/page"}],"author":[{"embeddable":true,"href":"https:\/\/www.humbach.de\/tr\/wp-json\/wp\/v2\/users\/2"}],"replies":[{"embeddable":true,"href":"https:\/\/www.humbach.de\/tr\/wp-json\/wp\/v2\/comments?post=135"}],"version-history":[{"count":29,"href":"https:\/\/www.humbach.de\/tr\/wp-json\/wp\/v2\/pages\/135\/revisions"}],"predecessor-version":[{"id":2002,"href":"https:\/\/www.humbach.de\/tr\/wp-json\/wp\/v2\/pages\/135\/revisions\/2002"}],"wp:attachment":[{"href":"https:\/\/www.humbach.de\/tr\/wp-json\/wp\/v2\/media?parent=135"}],"curies":[{"name":"wp","href":"https:\/\/api.w.org\/{rel}","templated":true}]}}