{"id":580,"date":"2023-02-15T10:53:58","date_gmt":"2023-02-15T09:53:58","guid":{"rendered":"https:\/\/www.humbach.de\/?page_id=580"},"modified":"2024-06-13T15:20:55","modified_gmt":"2024-06-13T13:20:55","slug":"jakosc","status":"publish","type":"page","link":"https:\/\/www.humbach.de\/pl\/unternehmen\/qualitaet\/","title":{"rendered":"Jako\u015b\u0107"},"content":{"rendered":"<div data-elementor-type=\"wp-page\" data-elementor-id=\"580\" class=\"elementor elementor-580\" data-elementor-post-type=\"page\">\n\t\t\t\t<div class=\"elementor-element elementor-element-3b3d4ed3 e-flex e-con-boxed e-con e-parent\" data-id=\"3b3d4ed3\" data-element_type=\"container\" data-e-type=\"container\" data-settings=\"{&quot;background_background&quot;:&quot;classic&quot;}\">\n\t\t\t\t\t<div class=\"e-con-inner\">\n\t\t<div class=\"elementor-element elementor-element-313e8ea8 e-flex e-con-boxed e-con e-child\" data-id=\"313e8ea8\" data-element_type=\"container\" data-e-type=\"container\">\n\t\t\t\t\t<div class=\"e-con-inner\">\n\t\t\t\t\t<\/div>\n\t\t\t\t<\/div>\n\t\t\t\t\t<\/div>\n\t\t\t\t<\/div>\n\t\t<div class=\"elementor-element elementor-element-da8d209 e-flex e-con-boxed e-con e-parent\" data-id=\"da8d209\" data-element_type=\"container\" data-e-type=\"container\">\n\t\t\t\t\t<div class=\"e-con-inner\">\n\t\t<div class=\"elementor-element elementor-element-adcd7d3 e-flex e-con-boxed e-con e-child\" data-id=\"adcd7d3\" data-element_type=\"container\" data-e-type=\"container\">\n\t\t\t\t\t<div class=\"e-con-inner\">\n\t\t\t\t<div class=\"elementor-element elementor-element-289edb8 elementor-widget elementor-widget-heading\" data-id=\"289edb8\" data-element_type=\"widget\" data-e-type=\"widget\" data-widget_type=\"heading.default\">\n\t\t\t\t<div class=\"elementor-widget-container\">\n\t\t\t\t\t<h2 class=\"elementor-heading-title elementor-size-default\">Wysokie wymagania dla pe\u0142nej wydajno\u015bci<\/h2>\t\t\t\t<\/div>\n\t\t\t\t<\/div>\n\t\t\t\t<div class=\"elementor-element elementor-element-d6acd59 elementor-widget elementor-widget-text-editor\" data-id=\"d6acd59\" data-element_type=\"widget\" data-e-type=\"widget\" data-widget_type=\"text-editor.default\">\n\t\t\t\t<div class=\"elementor-widget-container\">\n\t\t\t\t\t\t\t\t\t<p>Kiedy obiecujemy wysok\u0105 jako\u015b\u0107, nie chodzi nam o autopromocj\u0119. Chcemy dostarcza\u0107 produkty, na kt\u00f3rych mo\u017cna polega\u0107 i kt\u00f3rych mo\u017cna u\u017cywa\u0107 z prawdziw\u0105 warto\u015bci\u0105 dodan\u0105. W\u0142a\u015bnie dlatego nasze wysokie standardy jako\u015bci obowi\u0105zuj\u0105 w ca\u0142ej firmie: Stosujemy je r\u00f3wnie\u017c na przyk\u0142ad w formie ci\u0105g\u0142ego dokszta\u0142cania naszych pracownik\u00f3w lub maksymalnego profesjonalizmu we wsp\u00f3\u0142pracy z partnerami. Produkujemy komponenty dla ka\u017cdej bran\u017cy zgodnie z normami motoryzacyjnymi i spe\u0142niamy najwy\u017csze standardy za pomoc\u0105 certyfikowanych system\u00f3w zarz\u0105dzania jako\u015bci\u0105. Dzi\u0119ki us\u0142ugom takim jak kontrole 100% (np. pod k\u0105tem szczelno\u015bci), optymalne magazynowanie i pr\u00f3bki z wyprzedzeniem oraz wst\u0119pny raport z test\u00f3w pr\u00f3bek, unikamy zwrot\u00f3w i gwarantujemy wydajno\u015b\u0107 produkt\u00f3w.<\/p><p>Nasza jako\u015b\u0107 to pow\u00f3d do dumy - czarno na bia\u0142ym: Humbach to firma z wieloma certyfikatami i spe\u0142niamy nawet najbardziej wymagaj\u0105ce kryteria.<\/p>\t\t\t\t\t\t\t\t<\/div>\n\t\t\t\t<\/div>\n\t\t\t\t\t<\/div>\n\t\t\t\t<\/div>\n\t\t<div class=\"elementor-element elementor-element-b3abda2 e-flex e-con-boxed e-con e-child\" data-id=\"b3abda2\" data-element_type=\"container\" data-e-type=\"container\">\n\t\t\t\t\t<div class=\"e-con-inner\">\n\t\t\t\t<div class=\"elementor-element elementor-element-b2c257a elementor-widget elementor-widget-heading\" data-id=\"b2c257a\" data-element_type=\"widget\" data-e-type=\"widget\" data-widget_type=\"heading.default\">\n\t\t\t\t<div class=\"elementor-widget-container\">\n\t\t\t\t\t<h2 class=\"elementor-heading-title elementor-size-default\">Wysokie wymagania dla pe\u0142nej wydajno\u015bci<\/h2>\t\t\t\t<\/div>\n\t\t\t\t<\/div>\n\t\t\t\t<div class=\"elementor-element elementor-element-480df49 elementor-widget elementor-widget-text-editor\" data-id=\"480df49\" data-element_type=\"widget\" data-e-type=\"widget\" data-widget_type=\"text-editor.default\">\n\t\t\t\t<div class=\"elementor-widget-container\">\n\t\t\t\t\t\t\t\t\t<p>Kiedy obiecujemy wysok\u0105 jako\u015b\u0107, nie chodzi nam o autopromocj\u0119. Chcemy dostarcza\u0107 produkty, na kt\u00f3rych mo\u017cna polega\u0107 i kt\u00f3rych mo\u017cna u\u017cywa\u0107 z prawdziw\u0105 warto\u015bci\u0105 dodan\u0105. W\u0142a\u015bnie dlatego nasze wysokie standardy jako\u015bci obowi\u0105zuj\u0105 w ca\u0142ej firmie: Stosujemy je r\u00f3wnie\u017c na przyk\u0142ad w formie ci\u0105g\u0142ego dokszta\u0142cania naszych pracownik\u00f3w lub maksymalnego profesjonalizmu we wsp\u00f3\u0142pracy z partnerami. Produkujemy komponenty dla ka\u017cdej bran\u017cy zgodnie z normami motoryzacyjnymi i spe\u0142niamy najwy\u017csze standardy za pomoc\u0105 certyfikowanych system\u00f3w zarz\u0105dzania jako\u015bci\u0105. Dzi\u0119ki us\u0142ugom takim jak kontrole 100% (np. pod k\u0105tem szczelno\u015bci), optymalne magazynowanie i pr\u00f3bki z wyprzedzeniem oraz wst\u0119pny raport z test\u00f3w pr\u00f3bek, unikamy zwrot\u00f3w i gwarantujemy wydajno\u015b\u0107 produkt\u00f3w.<\/p><p>Nasza jako\u015b\u0107 to pow\u00f3d do dumy - czarno na bia\u0142ym: Humbach to firma z wieloma certyfikatami i spe\u0142niamy nawet najbardziej wymagaj\u0105ce kryteria.<\/p>\t\t\t\t\t\t\t\t<\/div>\n\t\t\t\t<\/div>\n\t\t\t\t\t<\/div>\n\t\t\t\t<\/div>\n\t\t\t\t\t<\/div>\n\t\t\t\t<\/div>\n\t\t<div class=\"elementor-element elementor-element-f36480a e-flex e-con-boxed e-con e-parent\" data-id=\"f36480a\" data-element_type=\"container\" data-e-type=\"container\" data-settings=\"{&quot;background_background&quot;:&quot;classic&quot;}\">\n\t\t\t\t\t<div class=\"e-con-inner\">\n\t\t<div class=\"elementor-element elementor-element-ae477ea e-con-full e-flex elementor-invisible e-con e-child\" data-id=\"ae477ea\" data-element_type=\"container\" data-e-type=\"container\" data-settings=\"{&quot;background_background&quot;:&quot;classic&quot;,&quot;animation&quot;:&quot;fadeInUp&quot;}\">\n\t\t\t\t<div class=\"elementor-element elementor-element-9eb5a88 elementor-widget elementor-widget-image\" data-id=\"9eb5a88\" data-element_type=\"widget\" data-e-type=\"widget\" data-widget_type=\"image.default\">\n\t\t\t\t<div class=\"elementor-widget-container\">\n\t\t\t\t\t\t\t\t\t\t\t\t\t\t\t\t<a href=\"https:\/\/www.humbach.de\/wp-content\/uploads\/2024\/06\/9001_Humbach_deu.pdf\" target=\"_blank\">\n\t\t\t\t\t\t\t<img decoding=\"async\" width=\"198\" height=\"156\" src=\"https:\/\/www.humbach.de\/wp-content\/uploads\/2023\/02\/zertifikat1.png\" class=\"attachment-medium size-medium wp-image-892\" alt=\"\" srcset=\"https:\/\/www.humbach.de\/wp-content\/uploads\/2023\/02\/zertifikat1.png 198w, https:\/\/www.humbach.de\/wp-content\/uploads\/2023\/02\/zertifikat1-15x12.png 15w\" sizes=\"(max-width: 198px) 100vw, 198px\" \/>\t\t\t\t\t\t\t\t<\/a>\n\t\t\t\t\t\t\t\t\t\t\t\t\t\t\t<\/div>\n\t\t\t\t<\/div>\n\t\t\t\t<div class=\"elementor-element elementor-element-47c3f1f elementor-widget elementor-widget-heading\" data-id=\"47c3f1f\" data-element_type=\"widget\" data-e-type=\"widget\" data-widget_type=\"heading.default\">\n\t\t\t\t<div class=\"elementor-widget-container\">\n\t\t\t\t\t<p class=\"elementor-heading-title elementor-size-default\"><a href=\"https:\/\/www.humbach.de\/wp-content\/uploads\/2024\/06\/9001_Humbach_deu.pdf\" target=\"_blank\">DIN EN ISO 9001:2015<\/a><\/p>\t\t\t\t<\/div>\n\t\t\t\t<\/div>\n\t\t\t\t<\/div>\n\t\t<div class=\"elementor-element elementor-element-0cfc0ca e-con-full e-flex elementor-invisible e-con e-child\" data-id=\"0cfc0ca\" data-element_type=\"container\" data-e-type=\"container\" data-settings=\"{&quot;background_background&quot;:&quot;classic&quot;,&quot;animation&quot;:&quot;fadeInUp&quot;,&quot;animation_delay&quot;:200}\">\n\t\t\t\t<div class=\"elementor-element elementor-element-2180c09 elementor-widget elementor-widget-image\" data-id=\"2180c09\" data-element_type=\"widget\" data-e-type=\"widget\" data-widget_type=\"image.default\">\n\t\t\t\t<div class=\"elementor-widget-container\">\n\t\t\t\t\t\t\t\t\t\t\t\t\t\t\t\t<a href=\"https:\/\/www.humbach.de\/wp-content\/uploads\/2023\/02\/SZI_Zertifikat_16949_2016_deutsch.pdf\" target=\"_blank\">\n\t\t\t\t\t\t\t<img decoding=\"async\" width=\"201\" height=\"162\" src=\"https:\/\/www.humbach.de\/wp-content\/uploads\/2023\/02\/zertifikat.png\" class=\"attachment-medium size-medium wp-image-891\" alt=\"\" srcset=\"https:\/\/www.humbach.de\/wp-content\/uploads\/2023\/02\/zertifikat.png 201w, https:\/\/www.humbach.de\/wp-content\/uploads\/2023\/02\/zertifikat-15x12.png 15w\" sizes=\"(max-width: 201px) 100vw, 201px\" \/>\t\t\t\t\t\t\t\t<\/a>\n\t\t\t\t\t\t\t\t\t\t\t\t\t\t\t<\/div>\n\t\t\t\t<\/div>\n\t\t\t\t<div class=\"elementor-element elementor-element-e9f8439 elementor-widget elementor-widget-heading\" data-id=\"e9f8439\" data-element_type=\"widget\" data-e-type=\"widget\" data-widget_type=\"heading.default\">\n\t\t\t\t<div class=\"elementor-widget-container\">\n\t\t\t\t\t<p class=\"elementor-heading-title elementor-size-default\"><a href=\"https:\/\/www.humbach.de\/wp-content\/uploads\/2023\/02\/SZI_Zertifikat_16949_2016_deutsch.pdf\" target=\"_blank\">IATF 16949:2016\n<br><\/a><\/p>\t\t\t\t<\/div>\n\t\t\t\t<\/div>\n\t\t\t\t<div class=\"elementor-element elementor-element-28c0f63 elementor-widget elementor-widget-heading\" data-id=\"28c0f63\" data-element_type=\"widget\" data-e-type=\"widget\" data-widget_type=\"heading.default\">\n\t\t\t\t<div class=\"elementor-widget-container\">\n\t\t\t\t\t<p class=\"elementor-heading-title elementor-size-default\"><a href=\"https:\/\/www.humbach.de\/wp-content\/uploads\/2023\/02\/SZI_Zertifikat_16949_2016_deutsch.pdf\" target=\"_blank\">Wir wenden die Regeln und Standards der International Automotive Task Force (IATF) in unserem Unternehmen an, \num sicherzustellen, dass unsere Prozesse und Produkte den branchenweit anerkannten Qualit\u00e4tsstandards entsprechen. \nWir haben uns jedoch entschieden, derzeit keine Zertifizierung gem\u00e4\u00df den IATF-Standards zu beantragen.\n<\/a><\/p>\t\t\t\t<\/div>\n\t\t\t\t<\/div>\n\t\t\t\t<\/div>\n\t\t\t\t\t<\/div>\n\t\t\t\t<\/div>\n\t\t<div class=\"elementor-element elementor-element-9b851f4 e-flex e-con-boxed e-con e-parent\" data-id=\"9b851f4\" data-element_type=\"container\" data-e-type=\"container\">\n\t\t\t\t\t<div class=\"e-con-inner\">\n\t\t\t\t\t<\/div>\n\t\t\t\t<\/div>\n\t\t\t\t<\/div>","protected":false},"excerpt":{"rendered":"<p>Hohe Anspr\u00fcche f\u00fcr volle Leistung Wenn wir hohe Qualit\u00e4t versprechen, geht es uns nicht um Selbstdarstellung. Wir m\u00f6chten Ihnen Produkte liefern, auf die Sie sich verlassen und die Sie mit echtem Mehrwert einsetzen k\u00f6nnen. Deshalb zieht sich unser hoher Qualit\u00e4tsanspruch durchs gesamte Unternehmen: Diesen setzen wir zum Beispiel auch in Form von st\u00e4ndigen Weiterbildungen f\u00fcr [&hellip;]<\/p>\n","protected":false},"author":2,"featured_media":0,"parent":55,"menu_order":0,"comment_status":"closed","ping_status":"closed","template":"","meta":{"site-sidebar-layout":"no-sidebar","site-content-layout":"page-builder","ast-site-content-layout":"","site-content-style":"default","site-sidebar-style":"default","ast-global-header-display":"","ast-banner-title-visibility":"","ast-main-header-display":"","ast-hfb-above-header-display":"","ast-hfb-below-header-display":"","ast-hfb-mobile-header-display":"","site-post-title":"disabled","ast-breadcrumbs-content":"","ast-featured-img":"disabled","footer-sml-layout":"","theme-transparent-header-meta":"","adv-header-id-meta":"","stick-header-meta":"","header-above-stick-meta":"","header-main-stick-meta":"","header-below-stick-meta":"","astra-migrate-meta-layouts":"default","ast-page-background-enabled":"default","ast-page-background-meta":{"desktop":{"background-color":"var(--ast-global-color-4)","background-image":"","background-repeat":"repeat","background-position":"center center","background-size":"auto","background-attachment":"scroll","background-type":"","background-media":"","overlay-type":"","overlay-color":"","overlay-opacity":"","overlay-gradient":""},"tablet":{"background-color":"","background-image":"","background-repeat":"repeat","background-position":"center center","background-size":"auto","background-attachment":"scroll","background-type":"","background-media":"","overlay-type":"","overlay-color":"","overlay-opacity":"","overlay-gradient":""},"mobile":{"background-color":"","background-image":"","background-repeat":"repeat","background-position":"center center","background-size":"auto","background-attachment":"scroll","background-type":"","background-media":"","overlay-type":"","overlay-color":"","overlay-opacity":"","overlay-gradient":""}},"ast-content-background-meta":{"desktop":{"background-color":"var(--ast-global-color-5)","background-image":"","background-repeat":"repeat","background-position":"center center","background-size":"auto","background-attachment":"scroll","background-type":"","background-media":"","overlay-type":"","overlay-color":"","overlay-opacity":"","overlay-gradient":""},"tablet":{"background-color":"var(--ast-global-color-5)","background-image":"","background-repeat":"repeat","background-position":"center center","background-size":"auto","background-attachment":"scroll","background-type":"","background-media":"","overlay-type":"","overlay-color":"","overlay-opacity":"","overlay-gradient":""},"mobile":{"background-color":"var(--ast-global-color-5)","background-image":"","background-repeat":"repeat","background-position":"center center","background-size":"auto","background-attachment":"scroll","background-type":"","background-media":"","overlay-type":"","overlay-color":"","overlay-opacity":"","overlay-gradient":""}},"footnotes":""},"class_list":["post-580","page","type-page","status-publish","hentry"],"yoast_head":"<!-- This site is optimized with the Yoast SEO plugin v27.2 - https:\/\/yoast.com\/product\/yoast-seo-wordpress\/ -->\n<title>Qualit\u00e4t | Humbach Group<\/title>\n<meta name=\"robots\" content=\"index, follow, max-snippet:-1, max-image-preview:large, max-video-preview:-1\" \/>\n<link rel=\"canonical\" href=\"https:\/\/www.humbach.de\/pl\/firma\/jakosc\/\" \/>\n<meta property=\"og:locale\" content=\"pl_PL\" \/>\n<meta property=\"og:type\" content=\"article\" \/>\n<meta property=\"og:title\" content=\"Qualit\u00e4t | Humbach Group\" \/>\n<meta property=\"og:description\" content=\"Hohe Anspr\u00fcche f\u00fcr volle Leistung Wenn wir hohe Qualit\u00e4t versprechen, geht es uns nicht um Selbstdarstellung. Wir m\u00f6chten Ihnen Produkte liefern, auf die Sie sich verlassen und die Sie mit echtem Mehrwert einsetzen k\u00f6nnen. Deshalb zieht sich unser hoher Qualit\u00e4tsanspruch durchs gesamte Unternehmen: Diesen setzen wir zum Beispiel auch in Form von st\u00e4ndigen Weiterbildungen f\u00fcr [&hellip;]\" \/>\n<meta property=\"og:url\" content=\"https:\/\/www.humbach.de\/pl\/firma\/jakosc\/\" \/>\n<meta property=\"og:site_name\" content=\"Humbach Group\" \/>\n<meta property=\"article:publisher\" content=\"https:\/\/www.facebook.com\/people\/Humbach-GmbH-Co-KG\/100090408339232\/\" \/>\n<meta property=\"article:modified_time\" content=\"2024-06-13T13:20:55+00:00\" \/>\n<meta property=\"og:image\" content=\"https:\/\/www.humbach.de\/wp-content\/uploads\/2023\/02\/zertifikat1.png\" \/>\n<meta name=\"twitter:card\" content=\"summary_large_image\" \/>\n<meta name=\"twitter:label1\" content=\"Szacowany czas czytania\" \/>\n\t<meta name=\"twitter:data1\" content=\"3 minuty\" \/>\n<script type=\"application\/ld+json\" class=\"yoast-schema-graph\">{\"@context\":\"https:\/\/schema.org\",\"@graph\":[{\"@type\":\"WebPage\",\"@id\":\"https:\/\/www.humbach.de\/unternehmen\/qualitaet\/\",\"url\":\"https:\/\/www.humbach.de\/unternehmen\/qualitaet\/\",\"name\":\"Qualit\u00e4t | Humbach Group\",\"isPartOf\":{\"@id\":\"https:\/\/www.humbach.de\/#website\"},\"primaryImageOfPage\":{\"@id\":\"https:\/\/www.humbach.de\/unternehmen\/qualitaet\/#primaryimage\"},\"image\":{\"@id\":\"https:\/\/www.humbach.de\/unternehmen\/qualitaet\/#primaryimage\"},\"thumbnailUrl\":\"https:\/\/www.humbach.de\/wp-content\/uploads\/2023\/02\/zertifikat1.png\",\"datePublished\":\"2023-02-15T09:53:58+00:00\",\"dateModified\":\"2024-06-13T13:20:55+00:00\",\"breadcrumb\":{\"@id\":\"https:\/\/www.humbach.de\/unternehmen\/qualitaet\/#breadcrumb\"},\"inLanguage\":\"pl-PL\",\"potentialAction\":[{\"@type\":\"ReadAction\",\"target\":[\"https:\/\/www.humbach.de\/unternehmen\/qualitaet\/\"]}]},{\"@type\":\"ImageObject\",\"inLanguage\":\"pl-PL\",\"@id\":\"https:\/\/www.humbach.de\/unternehmen\/qualitaet\/#primaryimage\",\"url\":\"https:\/\/www.humbach.de\/wp-content\/uploads\/2023\/02\/zertifikat1.png\",\"contentUrl\":\"https:\/\/www.humbach.de\/wp-content\/uploads\/2023\/02\/zertifikat1.png\"},{\"@type\":\"BreadcrumbList\",\"@id\":\"https:\/\/www.humbach.de\/unternehmen\/qualitaet\/#breadcrumb\",\"itemListElement\":[{\"@type\":\"ListItem\",\"position\":1,\"name\":\"Home\",\"item\":\"https:\/\/www.humbach.de\/\"},{\"@type\":\"ListItem\",\"position\":2,\"name\":\"Unternehmen\",\"item\":\"https:\/\/www.humbach.de\/unternehmen\/\"},{\"@type\":\"ListItem\",\"position\":3,\"name\":\"Qualit\u00e4t\"}]},{\"@type\":\"WebSite\",\"@id\":\"https:\/\/www.humbach.de\/#website\",\"url\":\"https:\/\/www.humbach.de\/\",\"name\":\"Humbach GmbH & Co. KG\",\"description\":\"Schl\u00fcsselkomponenten f\u00fcr Ihre Produkte\",\"publisher\":{\"@id\":\"https:\/\/www.humbach.de\/#organization\"},\"potentialAction\":[{\"@type\":\"SearchAction\",\"target\":{\"@type\":\"EntryPoint\",\"urlTemplate\":\"https:\/\/www.humbach.de\/?s={search_term_string}\"},\"query-input\":{\"@type\":\"PropertyValueSpecification\",\"valueRequired\":true,\"valueName\":\"search_term_string\"}}],\"inLanguage\":\"pl-PL\"},{\"@type\":\"Organization\",\"@id\":\"https:\/\/www.humbach.de\/#organization\",\"name\":\"Humbach GmbH & Co. KG\",\"url\":\"https:\/\/www.humbach.de\/\",\"logo\":{\"@type\":\"ImageObject\",\"inLanguage\":\"pl-PL\",\"@id\":\"https:\/\/www.humbach.de\/#\/schema\/logo\/image\/\",\"url\":\"https:\/\/www.humbach.de\/wp-content\/uploads\/2023\/02\/2023-02-15_LOGOS_HUMBACH-grau.png\",\"contentUrl\":\"https:\/\/www.humbach.de\/wp-content\/uploads\/2023\/02\/2023-02-15_LOGOS_HUMBACH-grau.png\",\"width\":600,\"height\":270,\"caption\":\"Humbach GmbH & Co. KG\"},\"image\":{\"@id\":\"https:\/\/www.humbach.de\/#\/schema\/logo\/image\/\"},\"sameAs\":[\"https:\/\/www.facebook.com\/people\/Humbach-GmbH-Co-KG\/100090408339232\/\",\"https:\/\/www.instagram.com\/humbach.group\/\",\"https:\/\/www.linkedin.com\/company\/humbach\/\"]}]}<\/script>\n<!-- \/ Yoast SEO plugin. -->","yoast_head_json":{"title":"Jako\u015b\u0107 | Grupa Humbach","robots":{"index":"index","follow":"follow","max-snippet":"max-snippet:-1","max-image-preview":"max-image-preview:large","max-video-preview":"max-video-preview:-1"},"canonical":"https:\/\/www.humbach.de\/pl\/firma\/jakosc\/","og_locale":"pl_PL","og_type":"article","og_title":"Qualit\u00e4t | Humbach Group","og_description":"Hohe Anspr\u00fcche f\u00fcr volle Leistung Wenn wir hohe Qualit\u00e4t versprechen, geht es uns nicht um Selbstdarstellung. Wir m\u00f6chten Ihnen Produkte liefern, auf die Sie sich verlassen und die Sie mit echtem Mehrwert einsetzen k\u00f6nnen. Deshalb zieht sich unser hoher Qualit\u00e4tsanspruch durchs gesamte Unternehmen: Diesen setzen wir zum Beispiel auch in Form von st\u00e4ndigen Weiterbildungen f\u00fcr [&hellip;]","og_url":"https:\/\/www.humbach.de\/pl\/firma\/jakosc\/","og_site_name":"Humbach Group","article_publisher":"https:\/\/www.facebook.com\/people\/Humbach-GmbH-Co-KG\/100090408339232\/","article_modified_time":"2024-06-13T13:20:55+00:00","og_image":[{"url":"https:\/\/www.humbach.de\/wp-content\/uploads\/2023\/02\/zertifikat1.png","type":"","width":"","height":""}],"twitter_card":"summary_large_image","twitter_misc":{"Szacowany czas czytania":"3 minuty"},"schema":{"@context":"https:\/\/schema.org","@graph":[{"@type":"WebPage","@id":"https:\/\/www.humbach.de\/unternehmen\/qualitaet\/","url":"https:\/\/www.humbach.de\/unternehmen\/qualitaet\/","name":"Jako\u015b\u0107 | Grupa Humbach","isPartOf":{"@id":"https:\/\/www.humbach.de\/#website"},"primaryImageOfPage":{"@id":"https:\/\/www.humbach.de\/unternehmen\/qualitaet\/#primaryimage"},"image":{"@id":"https:\/\/www.humbach.de\/unternehmen\/qualitaet\/#primaryimage"},"thumbnailUrl":"https:\/\/www.humbach.de\/wp-content\/uploads\/2023\/02\/zertifikat1.png","datePublished":"2023-02-15T09:53:58+00:00","dateModified":"2024-06-13T13:20:55+00:00","breadcrumb":{"@id":"https:\/\/www.humbach.de\/unternehmen\/qualitaet\/#breadcrumb"},"inLanguage":"pl-PL","potentialAction":[{"@type":"ReadAction","target":["https:\/\/www.humbach.de\/unternehmen\/qualitaet\/"]}]},{"@type":"ImageObject","inLanguage":"pl-PL","@id":"https:\/\/www.humbach.de\/unternehmen\/qualitaet\/#primaryimage","url":"https:\/\/www.humbach.de\/wp-content\/uploads\/2023\/02\/zertifikat1.png","contentUrl":"https:\/\/www.humbach.de\/wp-content\/uploads\/2023\/02\/zertifikat1.png"},{"@type":"BreadcrumbList","@id":"https:\/\/www.humbach.de\/unternehmen\/qualitaet\/#breadcrumb","itemListElement":[{"@type":"ListItem","position":1,"name":"Home","item":"https:\/\/www.humbach.de\/"},{"@type":"ListItem","position":2,"name":"Unternehmen","item":"https:\/\/www.humbach.de\/unternehmen\/"},{"@type":"ListItem","position":3,"name":"Qualit\u00e4t"}]},{"@type":"WebSite","@id":"https:\/\/www.humbach.de\/#website","url":"https:\/\/www.humbach.de\/","name":"Humbach GmbH &amp; Co. KG","description":"Kluczowe komponenty dla produkt\u00f3w","publisher":{"@id":"https:\/\/www.humbach.de\/#organization"},"potentialAction":[{"@type":"SearchAction","target":{"@type":"EntryPoint","urlTemplate":"https:\/\/www.humbach.de\/?s={search_term_string}"},"query-input":{"@type":"PropertyValueSpecification","valueRequired":true,"valueName":"search_term_string"}}],"inLanguage":"pl-PL"},{"@type":"Organization","@id":"https:\/\/www.humbach.de\/#organization","name":"Humbach GmbH &amp; Co. KG","url":"https:\/\/www.humbach.de\/","logo":{"@type":"ImageObject","inLanguage":"pl-PL","@id":"https:\/\/www.humbach.de\/#\/schema\/logo\/image\/","url":"https:\/\/www.humbach.de\/wp-content\/uploads\/2023\/02\/2023-02-15_LOGOS_HUMBACH-grau.png","contentUrl":"https:\/\/www.humbach.de\/wp-content\/uploads\/2023\/02\/2023-02-15_LOGOS_HUMBACH-grau.png","width":600,"height":270,"caption":"Humbach GmbH & Co. KG"},"image":{"@id":"https:\/\/www.humbach.de\/#\/schema\/logo\/image\/"},"sameAs":["https:\/\/www.facebook.com\/people\/Humbach-GmbH-Co-KG\/100090408339232\/","https:\/\/www.instagram.com\/humbach.group\/","https:\/\/www.linkedin.com\/company\/humbach\/"]}]}},"_links":{"self":[{"href":"https:\/\/www.humbach.de\/pl\/wp-json\/wp\/v2\/pages\/580","targetHints":{"allow":["GET"]}}],"collection":[{"href":"https:\/\/www.humbach.de\/pl\/wp-json\/wp\/v2\/pages"}],"about":[{"href":"https:\/\/www.humbach.de\/pl\/wp-json\/wp\/v2\/types\/page"}],"author":[{"embeddable":true,"href":"https:\/\/www.humbach.de\/pl\/wp-json\/wp\/v2\/users\/2"}],"replies":[{"embeddable":true,"href":"https:\/\/www.humbach.de\/pl\/wp-json\/wp\/v2\/comments?post=580"}],"version-history":[{"count":55,"href":"https:\/\/www.humbach.de\/pl\/wp-json\/wp\/v2\/pages\/580\/revisions"}],"predecessor-version":[{"id":2158,"href":"https:\/\/www.humbach.de\/pl\/wp-json\/wp\/v2\/pages\/580\/revisions\/2158"}],"up":[{"embeddable":true,"href":"https:\/\/www.humbach.de\/pl\/wp-json\/wp\/v2\/pages\/55"}],"wp:attachment":[{"href":"https:\/\/www.humbach.de\/pl\/wp-json\/wp\/v2\/media?parent=580"}],"curies":[{"name":"wp","href":"https:\/\/api.w.org\/{rel}","templated":true}]}}