{"id":2114,"date":"2024-03-19T14:23:55","date_gmt":"2024-03-19T13:23:55","guid":{"rendered":"https:\/\/www.humbach.de\/?page_id=2114"},"modified":"2024-06-13T15:32:54","modified_gmt":"2024-06-13T13:32:54","slug":"elementor-2114","status":"publish","type":"page","link":"https:\/\/www.humbach.de\/pl\/elementor-2114\/","title":{"rendered":"Umwelt"},"content":{"rendered":"<div data-elementor-type=\"wp-page\" data-elementor-id=\"2114\" class=\"elementor elementor-2114\" data-elementor-post-type=\"page\">\n\t\t\t\t<div class=\"elementor-element elementor-element-36b5216 e-flex e-con-boxed e-con e-parent\" data-id=\"36b5216\" data-element_type=\"container\" data-e-type=\"container\" data-settings=\"{&quot;background_background&quot;:&quot;classic&quot;}\">\n\t\t\t\t\t<div class=\"e-con-inner\">\n\t\t<div class=\"elementor-element elementor-element-0caaab5 e-flex e-con-boxed e-con e-child\" data-id=\"0caaab5\" data-element_type=\"container\" data-e-type=\"container\">\n\t\t\t\t\t<div class=\"e-con-inner\">\n\t\t\t\t<div class=\"elementor-element elementor-element-363d401 elementor-widget elementor-widget-heading\" data-id=\"363d401\" data-element_type=\"widget\" data-e-type=\"widget\" data-widget_type=\"heading.default\">\n\t\t\t\t<div class=\"elementor-widget-container\">\n\t\t\t\t\t<h1 class=\"elementor-heading-title elementor-size-default\">Umwelt<\/h1>\t\t\t\t<\/div>\n\t\t\t\t<\/div>\n\t\t\t\t\t<\/div>\n\t\t\t\t<\/div>\n\t\t\t\t\t<\/div>\n\t\t\t\t<\/div>\n\t\t<div class=\"elementor-element elementor-element-951cbe9 e-flex e-con-boxed e-con e-parent\" data-id=\"951cbe9\" data-element_type=\"container\" data-e-type=\"container\">\n\t\t\t\t\t<div class=\"e-con-inner\">\n\t\t\t\t<div class=\"elementor-element elementor-element-dd72ae0 elementor-widget elementor-widget-heading\" data-id=\"dd72ae0\" data-element_type=\"widget\" data-e-type=\"widget\" data-widget_type=\"heading.default\">\n\t\t\t\t<div class=\"elementor-widget-container\">\n\t\t\t\t\t<h2 class=\"elementor-heading-title elementor-size-default\">Wysokie wymagania dla pe\u0142nej wydajno\u015bci<\/h2>\t\t\t\t<\/div>\n\t\t\t\t<\/div>\n\t\t\t\t\t<\/div>\n\t\t\t\t<\/div>\n\t\t<div class=\"elementor-element elementor-element-d3ee0a8 e-flex e-con-boxed e-con e-parent\" data-id=\"d3ee0a8\" data-element_type=\"container\" data-e-type=\"container\">\n\t\t\t\t\t<div class=\"e-con-inner\">\n\t\t\t\t<div class=\"elementor-element elementor-element-094804d elementor-widget elementor-widget-text-editor\" data-id=\"094804d\" data-element_type=\"widget\" data-e-type=\"widget\" data-widget_type=\"text-editor.default\">\n\t\t\t\t<div class=\"elementor-widget-container\">\n\t\t\t\t\t\t\t\t\t<p class=\"MsoPlainText\">Die Humbach GmbH freut sich bekannt zu geben, dass sie erfolgreich die ISO 14001 Zertifizierung f\u00fcr Umweltmanagement erhalten hat. Diese Auszeichnung unterstreicht unser Engagement f\u00fcr Umweltschutz und nachhaltige Gesch\u00e4ftspraktiken.<\/p><p class=\"MsoPlainText\">\u00a0<\/p><p class=\"MsoPlainText\">Die ISO 14001 Zertifizierung best\u00e4tigt, dass unser Umweltmanagementsystem den international anerkannten Standards entspricht. Durch die Implementierung effektiver Umweltmanagementpraktiken minimieren wir nicht nur unsere Umweltauswirkungen, sondern streben auch kontinuierlich nach Verbesserungen in unseren Prozessen.<\/p><p class=\"MsoPlainText\">\u00a0<\/p><p class=\"MsoPlainText\">Bei Humbach GmbH betrachten wir Umweltschutz als integrierten Bestandteil unserer Unternehmenskultur. Durch die ISO 14001 Zertifizierung verpflichten wir uns, Ressourcen effizient zu nutzen, Umweltverschmutzung zu reduzieren und umweltfreundliche Technologien zu f\u00f6rdern.<\/p><p class=\"MsoPlainText\">\u00a0<\/p><p>\u00a0<\/p><p class=\"MsoPlainText\">Unsere Kunden k\u00f6nnen sicher sein, dass Humbach GmbH nicht nur qualitativ hochwertige Produkte und Dienstleistungen liefert, sondern auch verantwortungsbewusst handelt und zur Nachhaltigkeit beitr\u00e4gt.<\/p>\t\t\t\t\t\t\t\t<\/div>\n\t\t\t\t<\/div>\n\t\t\t\t<div class=\"elementor-element elementor-element-cb6007e elementor-widget elementor-widget-image\" data-id=\"cb6007e\" data-element_type=\"widget\" data-e-type=\"widget\" data-widget_type=\"image.default\">\n\t\t\t\t<div class=\"elementor-widget-container\">\n\t\t\t\t\t\t\t\t\t\t\t\t\t\t\t\t<a href=\"https:\/\/www.humbach.de\/wp-content\/uploads\/2024\/06\/14001_Humbach_deu.pdf\" target=\"_blank\">\n\t\t\t\t\t\t\t<img decoding=\"async\" width=\"200\" height=\"155\" src=\"https:\/\/www.humbach.de\/wp-content\/uploads\/2023\/02\/zertifikat2.png\" class=\"attachment-medium size-medium wp-image-893\" alt=\"\" srcset=\"https:\/\/www.humbach.de\/wp-content\/uploads\/2023\/02\/zertifikat2.png 200w, https:\/\/www.humbach.de\/wp-content\/uploads\/2023\/02\/zertifikat2-15x12.png 15w\" sizes=\"(max-width: 200px) 100vw, 200px\" \/>\t\t\t\t\t\t\t\t<\/a>\n\t\t\t\t\t\t\t\t\t\t\t\t\t\t\t<\/div>\n\t\t\t\t<\/div>\n\t\t\t\t<div class=\"elementor-element elementor-element-9b39e98 elementor-widget elementor-widget-heading\" data-id=\"9b39e98\" data-element_type=\"widget\" data-e-type=\"widget\" data-widget_type=\"heading.default\">\n\t\t\t\t<div class=\"elementor-widget-container\">\n\t\t\t\t\t<p class=\"elementor-heading-title elementor-size-default\"><a href=\"https:\/\/www.humbach.de\/wp-content\/uploads\/2024\/06\/14001_Humbach_deu.pdf\" target=\"_blank\">DIN EN ISO 14001:2015<\/a><\/p>\t\t\t\t<\/div>\n\t\t\t\t<\/div>\n\t\t\t\t\t<\/div>\n\t\t\t\t<\/div>\n\t\t<div class=\"elementor-element elementor-element-2d8494e e-flex e-con-boxed e-con e-parent\" data-id=\"2d8494e\" data-element_type=\"container\" data-e-type=\"container\">\n\t\t\t\t\t<div class=\"e-con-inner\">\n\t\t\t\t\t<\/div>\n\t\t\t\t<\/div>\n\t\t\t\t<\/div>","protected":false},"excerpt":{"rendered":"<p>Umwelt Hohe Anspr\u00fcche f\u00fcr volle Leistung Die Humbach GmbH freut sich bekannt zu geben, dass sie erfolgreich die ISO 14001 Zertifizierung f\u00fcr Umweltmanagement erhalten hat. Diese Auszeichnung unterstreicht unser Engagement f\u00fcr Umweltschutz und nachhaltige Gesch\u00e4ftspraktiken. \u00a0 Die ISO 14001 Zertifizierung best\u00e4tigt, dass unser Umweltmanagementsystem den international anerkannten Standards entspricht. Durch die Implementierung effektiver Umweltmanagementpraktiken minimieren [&hellip;]<\/p>\n","protected":false},"author":3,"featured_media":0,"parent":0,"menu_order":0,"comment_status":"closed","ping_status":"closed","template":"","meta":{"site-sidebar-layout":"no-sidebar","site-content-layout":"page-builder","ast-site-content-layout":"full-width-container","site-content-style":"default","site-sidebar-style":"default","ast-global-header-display":"","ast-banner-title-visibility":"","ast-main-header-display":"","ast-hfb-above-header-display":"","ast-hfb-below-header-display":"","ast-hfb-mobile-header-display":"","site-post-title":"disabled","ast-breadcrumbs-content":"","ast-featured-img":"disabled","footer-sml-layout":"","theme-transparent-header-meta":"","adv-header-id-meta":"","stick-header-meta":"","header-above-stick-meta":"","header-main-stick-meta":"","header-below-stick-meta":"","astra-migrate-meta-layouts":"set","ast-page-background-enabled":"default","ast-page-background-meta":{"desktop":{"background-color":"var(--ast-global-color-4)","background-image":"","background-repeat":"repeat","background-position":"center center","background-size":"auto","background-attachment":"scroll","background-type":"","background-media":"","overlay-type":"","overlay-color":"","overlay-opacity":"","overlay-gradient":""},"tablet":{"background-color":"","background-image":"","background-repeat":"repeat","background-position":"center center","background-size":"auto","background-attachment":"scroll","background-type":"","background-media":"","overlay-type":"","overlay-color":"","overlay-opacity":"","overlay-gradient":""},"mobile":{"background-color":"","background-image":"","background-repeat":"repeat","background-position":"center center","background-size":"auto","background-attachment":"scroll","background-type":"","background-media":"","overlay-type":"","overlay-color":"","overlay-opacity":"","overlay-gradient":""}},"ast-content-background-meta":{"desktop":{"background-color":"var(--ast-global-color-5)","background-image":"","background-repeat":"repeat","background-position":"center center","background-size":"auto","background-attachment":"scroll","background-type":"","background-media":"","overlay-type":"","overlay-color":"","overlay-opacity":"","overlay-gradient":""},"tablet":{"background-color":"var(--ast-global-color-5)","background-image":"","background-repeat":"repeat","background-position":"center center","background-size":"auto","background-attachment":"scroll","background-type":"","background-media":"","overlay-type":"","overlay-color":"","overlay-opacity":"","overlay-gradient":""},"mobile":{"background-color":"var(--ast-global-color-5)","background-image":"","background-repeat":"repeat","background-position":"center center","background-size":"auto","background-attachment":"scroll","background-type":"","background-media":"","overlay-type":"","overlay-color":"","overlay-opacity":"","overlay-gradient":""}},"footnotes":""},"class_list":["post-2114","page","type-page","status-publish","hentry"],"yoast_head":"<!-- This site is optimized with the Yoast SEO plugin v27.2 - https:\/\/yoast.com\/product\/yoast-seo-wordpress\/ -->\n<title>Umwelt | Humbach Group<\/title>\n<meta name=\"robots\" content=\"index, follow, max-snippet:-1, max-image-preview:large, max-video-preview:-1\" \/>\n<link rel=\"canonical\" href=\"https:\/\/www.humbach.de\/pl\/elementor-2114\/\" \/>\n<meta property=\"og:locale\" content=\"pl_PL\" \/>\n<meta property=\"og:type\" content=\"article\" \/>\n<meta property=\"og:title\" content=\"Umwelt | Humbach Group\" \/>\n<meta property=\"og:description\" content=\"Umwelt Hohe Anspr\u00fcche f\u00fcr volle Leistung Die Humbach GmbH freut sich bekannt zu geben, dass sie erfolgreich die ISO 14001 Zertifizierung f\u00fcr Umweltmanagement erhalten hat. Diese Auszeichnung unterstreicht unser Engagement f\u00fcr Umweltschutz und nachhaltige Gesch\u00e4ftspraktiken. \u00a0 Die ISO 14001 Zertifizierung best\u00e4tigt, dass unser Umweltmanagementsystem den international anerkannten Standards entspricht. Durch die Implementierung effektiver Umweltmanagementpraktiken minimieren [&hellip;]\" \/>\n<meta property=\"og:url\" content=\"https:\/\/www.humbach.de\/pl\/elementor-2114\/\" \/>\n<meta property=\"og:site_name\" content=\"Humbach Group\" \/>\n<meta property=\"article:publisher\" content=\"https:\/\/www.facebook.com\/people\/Humbach-GmbH-Co-KG\/100090408339232\/\" \/>\n<meta property=\"article:modified_time\" content=\"2024-06-13T13:32:54+00:00\" \/>\n<meta property=\"og:image\" content=\"https:\/\/www.humbach.de\/wp-content\/uploads\/2023\/02\/zertifikat2.png\" \/>\n<meta name=\"twitter:card\" content=\"summary_large_image\" \/>\n<meta name=\"twitter:label1\" content=\"Szacowany czas czytania\" \/>\n\t<meta name=\"twitter:data1\" content=\"1 minuta\" \/>\n<script type=\"application\/ld+json\" class=\"yoast-schema-graph\">{\"@context\":\"https:\/\/schema.org\",\"@graph\":[{\"@type\":\"WebPage\",\"@id\":\"https:\/\/www.humbach.de\/elementor-2114\/\",\"url\":\"https:\/\/www.humbach.de\/elementor-2114\/\",\"name\":\"Umwelt | Humbach Group\",\"isPartOf\":{\"@id\":\"https:\/\/www.humbach.de\/#website\"},\"primaryImageOfPage\":{\"@id\":\"https:\/\/www.humbach.de\/elementor-2114\/#primaryimage\"},\"image\":{\"@id\":\"https:\/\/www.humbach.de\/elementor-2114\/#primaryimage\"},\"thumbnailUrl\":\"https:\/\/www.humbach.de\/wp-content\/uploads\/2023\/02\/zertifikat2.png\",\"datePublished\":\"2024-03-19T13:23:55+00:00\",\"dateModified\":\"2024-06-13T13:32:54+00:00\",\"breadcrumb\":{\"@id\":\"https:\/\/www.humbach.de\/elementor-2114\/#breadcrumb\"},\"inLanguage\":\"pl-PL\",\"potentialAction\":[{\"@type\":\"ReadAction\",\"target\":[\"https:\/\/www.humbach.de\/elementor-2114\/\"]}]},{\"@type\":\"ImageObject\",\"inLanguage\":\"pl-PL\",\"@id\":\"https:\/\/www.humbach.de\/elementor-2114\/#primaryimage\",\"url\":\"https:\/\/www.humbach.de\/wp-content\/uploads\/2023\/02\/zertifikat2.png\",\"contentUrl\":\"https:\/\/www.humbach.de\/wp-content\/uploads\/2023\/02\/zertifikat2.png\"},{\"@type\":\"BreadcrumbList\",\"@id\":\"https:\/\/www.humbach.de\/elementor-2114\/#breadcrumb\",\"itemListElement\":[{\"@type\":\"ListItem\",\"position\":1,\"name\":\"Home\",\"item\":\"https:\/\/www.humbach.de\/\"},{\"@type\":\"ListItem\",\"position\":2,\"name\":\"Umwelt\"}]},{\"@type\":\"WebSite\",\"@id\":\"https:\/\/www.humbach.de\/#website\",\"url\":\"https:\/\/www.humbach.de\/\",\"name\":\"Humbach GmbH & Co. KG\",\"description\":\"Schl\u00fcsselkomponenten f\u00fcr Ihre Produkte\",\"publisher\":{\"@id\":\"https:\/\/www.humbach.de\/#organization\"},\"potentialAction\":[{\"@type\":\"SearchAction\",\"target\":{\"@type\":\"EntryPoint\",\"urlTemplate\":\"https:\/\/www.humbach.de\/?s={search_term_string}\"},\"query-input\":{\"@type\":\"PropertyValueSpecification\",\"valueRequired\":true,\"valueName\":\"search_term_string\"}}],\"inLanguage\":\"pl-PL\"},{\"@type\":\"Organization\",\"@id\":\"https:\/\/www.humbach.de\/#organization\",\"name\":\"Humbach GmbH & Co. KG\",\"url\":\"https:\/\/www.humbach.de\/\",\"logo\":{\"@type\":\"ImageObject\",\"inLanguage\":\"pl-PL\",\"@id\":\"https:\/\/www.humbach.de\/#\/schema\/logo\/image\/\",\"url\":\"https:\/\/www.humbach.de\/wp-content\/uploads\/2023\/02\/2023-02-15_LOGOS_HUMBACH-grau.png\",\"contentUrl\":\"https:\/\/www.humbach.de\/wp-content\/uploads\/2023\/02\/2023-02-15_LOGOS_HUMBACH-grau.png\",\"width\":600,\"height\":270,\"caption\":\"Humbach GmbH & Co. KG\"},\"image\":{\"@id\":\"https:\/\/www.humbach.de\/#\/schema\/logo\/image\/\"},\"sameAs\":[\"https:\/\/www.facebook.com\/people\/Humbach-GmbH-Co-KG\/100090408339232\/\",\"https:\/\/www.instagram.com\/humbach.group\/\",\"https:\/\/www.linkedin.com\/company\/humbach\/\"]}]}<\/script>\n<!-- \/ Yoast SEO plugin. -->","yoast_head_json":{"title":"Umwelt | Humbach Group","robots":{"index":"index","follow":"follow","max-snippet":"max-snippet:-1","max-image-preview":"max-image-preview:large","max-video-preview":"max-video-preview:-1"},"canonical":"https:\/\/www.humbach.de\/pl\/elementor-2114\/","og_locale":"pl_PL","og_type":"article","og_title":"Umwelt | Humbach Group","og_description":"Umwelt Hohe Anspr\u00fcche f\u00fcr volle Leistung Die Humbach GmbH freut sich bekannt zu geben, dass sie erfolgreich die ISO 14001 Zertifizierung f\u00fcr Umweltmanagement erhalten hat. Diese Auszeichnung unterstreicht unser Engagement f\u00fcr Umweltschutz und nachhaltige Gesch\u00e4ftspraktiken. \u00a0 Die ISO 14001 Zertifizierung best\u00e4tigt, dass unser Umweltmanagementsystem den international anerkannten Standards entspricht. Durch die Implementierung effektiver Umweltmanagementpraktiken minimieren [&hellip;]","og_url":"https:\/\/www.humbach.de\/pl\/elementor-2114\/","og_site_name":"Humbach Group","article_publisher":"https:\/\/www.facebook.com\/people\/Humbach-GmbH-Co-KG\/100090408339232\/","article_modified_time":"2024-06-13T13:32:54+00:00","og_image":[{"url":"https:\/\/www.humbach.de\/wp-content\/uploads\/2023\/02\/zertifikat2.png","type":"","width":"","height":""}],"twitter_card":"summary_large_image","twitter_misc":{"Szacowany czas czytania":"1 minuta"},"schema":{"@context":"https:\/\/schema.org","@graph":[{"@type":"WebPage","@id":"https:\/\/www.humbach.de\/elementor-2114\/","url":"https:\/\/www.humbach.de\/elementor-2114\/","name":"Umwelt | Humbach Group","isPartOf":{"@id":"https:\/\/www.humbach.de\/#website"},"primaryImageOfPage":{"@id":"https:\/\/www.humbach.de\/elementor-2114\/#primaryimage"},"image":{"@id":"https:\/\/www.humbach.de\/elementor-2114\/#primaryimage"},"thumbnailUrl":"https:\/\/www.humbach.de\/wp-content\/uploads\/2023\/02\/zertifikat2.png","datePublished":"2024-03-19T13:23:55+00:00","dateModified":"2024-06-13T13:32:54+00:00","breadcrumb":{"@id":"https:\/\/www.humbach.de\/elementor-2114\/#breadcrumb"},"inLanguage":"pl-PL","potentialAction":[{"@type":"ReadAction","target":["https:\/\/www.humbach.de\/elementor-2114\/"]}]},{"@type":"ImageObject","inLanguage":"pl-PL","@id":"https:\/\/www.humbach.de\/elementor-2114\/#primaryimage","url":"https:\/\/www.humbach.de\/wp-content\/uploads\/2023\/02\/zertifikat2.png","contentUrl":"https:\/\/www.humbach.de\/wp-content\/uploads\/2023\/02\/zertifikat2.png"},{"@type":"BreadcrumbList","@id":"https:\/\/www.humbach.de\/elementor-2114\/#breadcrumb","itemListElement":[{"@type":"ListItem","position":1,"name":"Home","item":"https:\/\/www.humbach.de\/"},{"@type":"ListItem","position":2,"name":"Umwelt"}]},{"@type":"WebSite","@id":"https:\/\/www.humbach.de\/#website","url":"https:\/\/www.humbach.de\/","name":"Humbach GmbH &amp; Co. KG","description":"Kluczowe komponenty dla produkt\u00f3w","publisher":{"@id":"https:\/\/www.humbach.de\/#organization"},"potentialAction":[{"@type":"SearchAction","target":{"@type":"EntryPoint","urlTemplate":"https:\/\/www.humbach.de\/?s={search_term_string}"},"query-input":{"@type":"PropertyValueSpecification","valueRequired":true,"valueName":"search_term_string"}}],"inLanguage":"pl-PL"},{"@type":"Organization","@id":"https:\/\/www.humbach.de\/#organization","name":"Humbach GmbH &amp; Co. KG","url":"https:\/\/www.humbach.de\/","logo":{"@type":"ImageObject","inLanguage":"pl-PL","@id":"https:\/\/www.humbach.de\/#\/schema\/logo\/image\/","url":"https:\/\/www.humbach.de\/wp-content\/uploads\/2023\/02\/2023-02-15_LOGOS_HUMBACH-grau.png","contentUrl":"https:\/\/www.humbach.de\/wp-content\/uploads\/2023\/02\/2023-02-15_LOGOS_HUMBACH-grau.png","width":600,"height":270,"caption":"Humbach GmbH & Co. KG"},"image":{"@id":"https:\/\/www.humbach.de\/#\/schema\/logo\/image\/"},"sameAs":["https:\/\/www.facebook.com\/people\/Humbach-GmbH-Co-KG\/100090408339232\/","https:\/\/www.instagram.com\/humbach.group\/","https:\/\/www.linkedin.com\/company\/humbach\/"]}]}},"_links":{"self":[{"href":"https:\/\/www.humbach.de\/pl\/wp-json\/wp\/v2\/pages\/2114","targetHints":{"allow":["GET"]}}],"collection":[{"href":"https:\/\/www.humbach.de\/pl\/wp-json\/wp\/v2\/pages"}],"about":[{"href":"https:\/\/www.humbach.de\/pl\/wp-json\/wp\/v2\/types\/page"}],"author":[{"embeddable":true,"href":"https:\/\/www.humbach.de\/pl\/wp-json\/wp\/v2\/users\/3"}],"replies":[{"embeddable":true,"href":"https:\/\/www.humbach.de\/pl\/wp-json\/wp\/v2\/comments?post=2114"}],"version-history":[{"count":15,"href":"https:\/\/www.humbach.de\/pl\/wp-json\/wp\/v2\/pages\/2114\/revisions"}],"predecessor-version":[{"id":2164,"href":"https:\/\/www.humbach.de\/pl\/wp-json\/wp\/v2\/pages\/2114\/revisions\/2164"}],"wp:attachment":[{"href":"https:\/\/www.humbach.de\/pl\/wp-json\/wp\/v2\/media?parent=2114"}],"curies":[{"name":"wp","href":"https:\/\/api.w.org\/{rel}","templated":true}]}}