{"id":147,"date":"2023-02-08T16:38:20","date_gmt":"2023-02-08T15:38:20","guid":{"rendered":"https:\/\/www.humbach.de\/?page_id=147"},"modified":"2023-03-06T10:52:19","modified_gmt":"2023-03-06T09:52:19","slug":"warunki-zakupu","status":"publish","type":"page","link":"https:\/\/www.humbach.de\/pl\/einkaufsbedingungen\/","title":{"rendered":"Warunki zakupu"},"content":{"rendered":"<div data-elementor-type=\"wp-page\" data-elementor-id=\"147\" class=\"elementor elementor-147\" data-elementor-post-type=\"page\">\n\t\t\t\t<div class=\"elementor-element elementor-element-42a62f7 e-flex e-con-boxed e-con e-parent\" data-id=\"42a62f7\" data-element_type=\"container\" data-e-type=\"container\" data-settings=\"{&quot;background_background&quot;:&quot;classic&quot;}\">\n\t\t\t\t\t<div class=\"e-con-inner\">\n\t\t<div class=\"elementor-element elementor-element-719a79a e-flex e-con-boxed e-con e-child\" data-id=\"719a79a\" data-element_type=\"container\" data-e-type=\"container\">\n\t\t\t\t\t<div class=\"e-con-inner\">\n\t\t\t\t<div class=\"elementor-element elementor-element-fd05739 elementor-widget elementor-widget-heading\" data-id=\"fd05739\" data-element_type=\"widget\" data-e-type=\"widget\" data-widget_type=\"heading.default\">\n\t\t\t\t<div class=\"elementor-widget-container\">\n\t\t\t\t\t<h1 class=\"elementor-heading-title elementor-size-default\">Einkaufs&amp;shybedingungen<\/h1>\t\t\t\t<\/div>\n\t\t\t\t<\/div>\n\t\t\t\t<div class=\"elementor-element elementor-element-694a03c elementor-widget elementor-widget-text-editor\" data-id=\"694a03c\" data-element_type=\"widget\" data-e-type=\"widget\" data-widget_type=\"text-editor.default\">\n\t\t\t\t<div class=\"elementor-widget-container\">\n\t\t\t\t\t\t\t\t\t<p><span style=\"color: #ffffff;\"><a style=\"color: #ffffff;\" href=\"https:\/\/www.humbach.de\/wp-content\/uploads\/2023\/02\/Humbach_EKB.pdf\" target=\"_blank\" rel=\"noopener\">Dokument w formacie PDF<\/a><\/span><\/p>\t\t\t\t\t\t\t\t<\/div>\n\t\t\t\t<\/div>\n\t\t\t\t\t<\/div>\n\t\t\t\t<\/div>\n\t\t\t\t\t<\/div>\n\t\t\t\t<\/div>\n\t\t<div class=\"elementor-element elementor-element-24a8f04 e-flex e-con-boxed e-con e-parent\" data-id=\"24a8f04\" data-element_type=\"container\" data-e-type=\"container\" data-settings=\"{&quot;background_background&quot;:&quot;classic&quot;}\">\n\t\t\t\t\t<div class=\"e-con-inner\">\n\t\t<div class=\"elementor-element elementor-element-d00d6a3 e-flex e-con-boxed e-con e-child\" data-id=\"d00d6a3\" data-element_type=\"container\" data-e-type=\"container\">\n\t\t\t\t\t<div class=\"e-con-inner\">\n\t\t\t\t<div class=\"elementor-element elementor-element-99d1fcd elementor-widget elementor-widget-text-editor\" data-id=\"99d1fcd\" data-element_type=\"widget\" data-e-type=\"widget\" data-widget_type=\"text-editor.default\">\n\t\t\t\t<div class=\"elementor-widget-container\">\n\t\t\t\t\t\t\t\t\t<p><strong>1. ilo\u015bci<\/strong><br \/>Podane ilo\u015bci odpowiadaj\u0105 zapotrzebowaniu na okres okre\u015blony w umowie ramowej. S\u0105 to warto\u015bci przybli\u017cone, kt\u00f3re mog\u0105 podlega\u0107 wahaniom zwyczajowo wyst\u0119puj\u0105cym na rynku. Je\u017celi na koniec okresu obowi\u0105zywania umowy wyczerpane zostan\u0105 ilo\u015bci mniejsze ni\u017c 90%, zawarte zostan\u0105 umowy w tym zakresie, zgodnie z punktem 11. Pozosta\u0142e ilo\u015bci mniejsze ni\u017c 10% przepadaj\u0105.<\/p><p><strong>2. ceny<\/strong><br \/>Podane ceny s\u0105 cenami sta\u0142ymi, obowi\u0105zuj\u0105cymi w uzgodnionym okresie obowi\u0105zywania umowy.<\/p><p><strong>3. okres obowi\u0105zywania umowy<\/strong><br \/>Niniejsza umowa obowi\u0105zuje przez okres wskazany w odpowiedniej umowie ramowej<\/p><p><strong>4. harmonogramy dostaw<\/strong><br \/>Poszczeg\u00f3lne zam\u00f3wienia w uzgodnionej wielko\u015bci partii b\u0119d\u0105 mia\u0142y form\u0119 pisemnych zam\u00f3wie\u0144 zakupu odnosz\u0105cych si\u0119 do niniejszej umowy ramowej.<\/p><p><strong>5. wielko\u015b\u0107 dzia\u0142ki<\/strong><br \/>Wielko\u015b\u0107 partii dostawy okre\u015blona w odpowiedniej umowie ramowej jest uzgodniona dla odpowiedniego artyku\u0142u. Odchylenia ilo\u015bciowe wynikaj\u0105ce z technologii produkcji s\u0105 dopuszczalne tylko do wielko\u015bci minus 5% lub plus 10%.<\/p><p><strong>6. dostawy cz\u0119\u015bciowe<\/strong><br \/>Dostawy cz\u0119\u015bciowe, kt\u00f3re odbiegaj\u0105 od uzgodnionej wielko\u015bci partii dostawy, s\u0105 zasadniczo mo\u017cliwe tylko po zatwierdzeniu przez HUMBACH. Wszelkie dodatkowe koszty (koszty transportu itp.) wynikaj\u0105ce z dostaw cz\u0119\u015bciowych ponosi dostawca.<\/p><p><strong>7. wymiana korpus\u00f3w \/ opakowa\u0144<\/strong><br \/>O ile umowa ramowa nie przewiduje innych opakowa\u0144, dostawca jest zobowi\u0105zany do stosowania odpowiednich opakowa\u0144. Je\u017celi HUMBACH zaleca stosowanie pojemnik\u00f3w wymiennych, nale\u017cy stosowa\u0107 wy\u0142\u0105cznie takie pojemniki. Dostawca powiadomi HUMBACH o potrzebie zastosowania pojemnik\u00f3w z odpowiednim wyprzedzeniem przed dostaw\u0105. Odmienne opakowanie jest mo\u017cliwe tylko za zgod\u0105 HUMBACH; dodatkowe koszty wynikaj\u0105ce z niezgodno\u015bci, je\u015bli dostawca ponosi odpowiedzialno\u015b\u0107, zostan\u0105 zafakturowane na dostawc\u0119 lub potr\u0105cone z kwoty faktury. Rachunek za kontener b\u0119dzie prowadzony przez dostawc\u0119 i przesy\u0142any do HUMBACH na \u017c\u0105danie.<\/p><p><strong>8. czas dostawy<\/strong><br \/>Okres dostawy od dnia wezwania (zam\u00f3wienia) do dostawy jest okresem okre\u015blonym w opisie przedmiotu. Wezwania (zam\u00f3wienia) s\u0105 zawsze sk\u0142adane w ustalonym dniu. Data ta jest wi\u0105\u017c\u0105ca. W przypadku przekroczenia terminu dostawy dostawca pozostaje w zw\u0142oce z dostaw\u0105 od pierwszego dnia. HUMBACH mo\u017ce przenie\u015b\u0107 na dostawc\u0119 wszelkie dodatkowe koszty powsta\u0142e w wyniku przekroczenia terminu dostawy (np. pokrycie zakup\u00f3w, przer\u00f3bka innych artyku\u0142\u00f3w itp.).<\/p><p><strong>9. zwolnienie produkcyjne<\/strong><br \/>W przypadku cz\u0119\u015bci, kt\u00f3re maj\u0105 by\u0107 dostarczone po raz pierwszy, wymagane jest pisemne zwolnienie dostawy przez HUMBACH (TL).<\/p><p><strong>10. fakturowanie<\/strong><br \/>Wymagamy pojedynczych (oryginalnych) faktur. Wymagamy oddzielnych faktur, dowod\u00f3w dostawy itp. dla ka\u017cdego numeru zam\u00f3wienia. \u017badnych zbiorczych paragon\u00f3w!<\/p><p><strong>11. zmiany projektowe \/ standardy<\/strong><br \/>Wszelkiego rodzaju zmiany jako\u015bciowe i projektowe mog\u0105 by\u0107 wprowadzane przez dostawc\u0119 w okresie obowi\u0105zywania umowy wy\u0142\u0105cznie po konsultacji z firm\u0105 HUMBACH i po uzyskaniu jej pisemnej zgody. Tam, gdzie okre\u015blono normy, miarodajne jest najnowsze wydanie. W przypadku zmian rysunk\u00f3w lub przepis\u00f3w ze strony HUMBACH, zapewnia si\u0119, \u017ce wszelkie zapasy starej wersji, kt\u00f3re s\u0105 nadal dost\u0119pne, zostan\u0105 przyj\u0119te ze skutkiem wi\u0105\u017c\u0105cym do wysoko\u015bci 3 wielko\u015bci partii (patrz punkt 5), ale ograniczone maksymalnie do ca\u0142kowitej ilo\u015bci okre\u015blonej w umowie ramowej pomniejszonej o ilo\u015b\u0107 ju\u017c dostarczonych cz\u0119\u015bci.<\/p><p><strong>12. odnowienie narz\u0119dzi<\/strong><br \/>W niekt\u00f3rych przypadkach narz\u0119dzia s\u0105 wykorzystywane do produkcji element\u00f3w dostawy, kt\u00f3re zosta\u0142y wyprodukowane specjalnie na potrzeby dostaw do HUMBACH (narz\u0119dzia wykrawaj\u0105ce, matryce itp.). W przypadku konieczno\u015bci odnowienia tych narz\u0119dzi, dostawca zostanie o tym poinformowany bez pytania, aby wszelkie niezb\u0119dne zmiany w przedmiocie dostawy mog\u0142y zosta\u0107 uwzgl\u0119dnione w nowej produkcji narz\u0119dzia.<\/p><p><strong>13. certyfikaty<\/strong><br \/>Je\u015bli uzgodniono przygotowanie \u015bwiadectw pracy, \u015bwiadectwa te zostan\u0105 wys\u0142ane wraz z towarami. Je\u015bli certyfikaty nie s\u0105 dost\u0119pne przy odbiorze towar\u00f3w, zastrzegamy sobie prawo do odrzucenia dostawy. Je\u015bli mimo to towary zostan\u0105 przyj\u0119te, nast\u0105pi to z zastrze\u017ceniem. \u015awiadectwo pracy musi zosta\u0107 dostarczone w ci\u0105gu trzech dni roboczych. W przeciwnym razie HUMBACH zastrzega sobie prawo do wystawienia certyfikatu na koszt dostawcy.<\/p><p><strong>14 Wycofanie \/ zawieszenie<\/strong><br \/>Niniejsza umowa ramowa mo\u017ce zosta\u0107 rozwi\u0105zana przez HUMBACH z nast\u0119puj\u0105cych powod\u00f3w: a) w przypadku niezadowalaj\u0105cej jako\u015bci, tj. je\u017celi dostawca ponownie dostarczy wadliwe towary po wydaniu ostrze\u017cenia z powodu wadliwej dostawy b) w przypadku przekroczenia uzgodnionych termin\u00f3w dostaw, je\u017celi dostawca jest odpowiedzialny za przekroczenie terminu. Taki przypadek ma miejsce, je\u015bli w okresie obowi\u0105zywania niniejszej umowy ramowej okre\u015blony termin zosta\u0142 przekroczony o wi\u0119cej ni\u017c trzy dni robocze lub dostarczony o 5 dni za wcze\u015bnie w przypadku trzech dostaw. Je\u017celi dostawca dostarczy kolejne artyku\u0142y i tam r\u00f3wnie\u017c wyst\u0105pi\u0105 niedotrzymane terminy, HUMBACH b\u0119dzie r\u00f3wnie\u017c uprawniony do odst\u0105pienia od niniejszej umowy ramowej, je\u017celi dostawca przekroczy\u0142 okre\u015blone terminy dostaw o trzy dni lub nie dotrzyma\u0142 okre\u015blonych termin\u00f3w dostaw o pi\u0119\u0107 dni dla wszystkich artyku\u0142\u00f3w \u0142\u0105cznie dziesi\u0119\u0107 razy w ci\u0105gu jednego roku kalendarzowego. c) w przypadku braku porozumienia mi\u0119dzy stronami umowy w przypadku zmian w projekcie produktu. d) je\u017celi produkt nie jest ju\u017c wymagany przez HUMBACH z przyczyn technicznych lub handlowych. W odniesieniu do punkt\u00f3w c) i d) HUMBACH zobowi\u0105zuje si\u0119 do przyj\u0119cia wszelkich pozosta\u0142ych ilo\u015bci zgodnie z postanowieniem punktu 11.<\/p><p><strong>15. umowa jako\u015bciowa<\/strong><br \/>Dostawca gwarantuje absolutnie doskona\u0142\u0105 jako\u015b\u0107 przy u\u017cyciu okre\u015blonych lub najlepiej dopasowanych i przetestowanych materia\u0142\u00f3w. Konstrukcja musi by\u0107 zgodna z naszymi odpowiednimi specyfikacjami dostawy i rysunkami. Dostarczane cz\u0119\u015bci s\u0105 elementami bezpiecze\u0144stwa, kt\u00f3re podlegaj\u0105 wysokim napr\u0119\u017ceniom. Je\u015bli tak uzgodniono, zostan\u0105 wydane odpowiednie certyfikaty (patrz punkt 13). Je\u015bli w trakcie swojej pracy dostawca zauwa\u017cy w produkcie cechy, kt\u00f3re s\u0105 sprzeczne z bezpiecznym i prawid\u0142owym u\u017cytkowaniem, nabywca musi zosta\u0107 o tym poinformowany bez pytania.<\/p><p><strong>16. wady jako\u015bciowe<\/strong><br \/>Dostawca zobowi\u0105zuje si\u0119 do odbioru cz\u0119\u015bci, kt\u00f3re nie spe\u0142niaj\u0105 wymaga\u0144 firmy HUMBACH. Dostawca otrzyma raport dotycz\u0105cy wad jako\u015bciowych. Oczekujemy odpowiedniego o\u015bwiadczenia w ci\u0105gu pi\u0119ciu dni roboczych. W przypadku dostawy zwrotnej dostawca b\u0119dzie mia\u0142 mo\u017cliwo\u015b\u0107 uzupe\u0142nienia brak\u00f3w na w\u0142asny koszt. W przypadku trudno\u015bci z harmonogramem firma HUMBACH zastrzega sobie prawo do przerobienia cz\u0119\u015bci na koszt dostawcy po konsultacji z dostawc\u0105.<\/p><p><strong>17. Optymalizacja produkt\u00f3w<\/strong><br \/>Dostawca jest zobowi\u0105zany do poinformowania nabywcy o wszelkich mo\u017cliwo\u015bciach optymalizacji artyku\u0142u, kt\u00f3ry ma zosta\u0107 dostarczony, bez konieczno\u015bci bycia o to proszonym.<\/p><p><strong>18. umowy o zachowaniu poufno\u015bci<\/strong><br \/>Dostawca zobowi\u0105zuje si\u0119 wykorzystywa\u0107 ca\u0142\u0105 wiedz\u0119 zdobyt\u0105 w ramach stosunk\u00f3w handlowych z nabywc\u0105 - zar\u00f3wno o charakterze technicznym, jak i handlowym - wy\u0142\u0105cznie w celu realizacji umowy z firm\u0105 HUMBACH i nie przekazywa\u0107 jej osobom trzecim. Niniejsza umowa obowi\u0105zuje r\u00f3wnie\u017c po zako\u0144czeniu okresu obowi\u0105zywania niniejszej umowy ramowej. W przypadku naruszenia dostawca mo\u017ce zosta\u0107 poci\u0105gni\u0119ty do odpowiedzialno\u015bci odszkodowawczej.<\/p><p><strong>19 Klauzula salwatoryjna<\/strong><br \/>Je\u017celi jeden z wy\u017cej wymienionych punkt\u00f3w oka\u017ce si\u0119 niewa\u017cny, umowa jako ca\u0142o\u015b\u0107 pozostaje nienaruszona. Obie strony zobowi\u0105zuj\u0105 si\u0119 ju\u017c teraz do zast\u0105pienia ewentualnie nieskutecznego punktu nowym sformu\u0142owaniem odpowiadaj\u0105cym sensowi 20. Forma pisemna Umowy i uzupe\u0142nienia dotycz\u0105ce umowy ramowej musz\u0105 mie\u0107 form\u0119 pisemn\u0105.<\/p>\t\t\t\t\t\t\t\t<\/div>\n\t\t\t\t<\/div>\n\t\t\t\t\t<\/div>\n\t\t\t\t<\/div>\n\t\t\t\t\t<\/div>\n\t\t\t\t<\/div>\n\t\t\t\t<\/div>","protected":false},"excerpt":{"rendered":"<p>Einkaufs&#038;shybedingungen Dokument als PDF 1. MengenDie genannten Mengen entsprechen dem Bedarf f\u00fcr den im Rahmenvertrag genannten Zeitraum. Es handelt sich um Circa-Angaben, die markt\u00fcblichen Schwankungen unterliegen k\u00f6nnen. Sollten Mengen zum Laufzeitende zu weniger als 90% ausgesch\u00f6pft sein, so werden hier\u00fcber Vereinbarungen getroffen, die sich an Punkt 11 orientieren. Restmengen kleiner 10% verfallen. 2. PreiseDie angegebenen [&hellip;]<\/p>\n","protected":false},"author":2,"featured_media":0,"parent":0,"menu_order":0,"comment_status":"closed","ping_status":"closed","template":"","meta":{"site-sidebar-layout":"no-sidebar","site-content-layout":"page-builder","ast-site-content-layout":"","site-content-style":"default","site-sidebar-style":"default","ast-global-header-display":"","ast-banner-title-visibility":"","ast-main-header-display":"","ast-hfb-above-header-display":"","ast-hfb-below-header-display":"","ast-hfb-mobile-header-display":"","site-post-title":"disabled","ast-breadcrumbs-content":"","ast-featured-img":"disabled","footer-sml-layout":"","theme-transparent-header-meta":"","adv-header-id-meta":"","stick-header-meta":"","header-above-stick-meta":"","header-main-stick-meta":"","header-below-stick-meta":"","astra-migrate-meta-layouts":"default","ast-page-background-enabled":"default","ast-page-background-meta":{"desktop":{"background-color":"var(--ast-global-color-4)","background-image":"","background-repeat":"repeat","background-position":"center center","background-size":"auto","background-attachment":"scroll","background-type":"","background-media":"","overlay-type":"","overlay-color":"","overlay-opacity":"","overlay-gradient":""},"tablet":{"background-color":"","background-image":"","background-repeat":"repeat","background-position":"center center","background-size":"auto","background-attachment":"scroll","background-type":"","background-media":"","overlay-type":"","overlay-color":"","overlay-opacity":"","overlay-gradient":""},"mobile":{"background-color":"","background-image":"","background-repeat":"repeat","background-position":"center center","background-size":"auto","background-attachment":"scroll","background-type":"","background-media":"","overlay-type":"","overlay-color":"","overlay-opacity":"","overlay-gradient":""}},"ast-content-background-meta":{"desktop":{"background-color":"var(--ast-global-color-5)","background-image":"","background-repeat":"repeat","background-position":"center center","background-size":"auto","background-attachment":"scroll","background-type":"","background-media":"","overlay-type":"","overlay-color":"","overlay-opacity":"","overlay-gradient":""},"tablet":{"background-color":"var(--ast-global-color-5)","background-image":"","background-repeat":"repeat","background-position":"center center","background-size":"auto","background-attachment":"scroll","background-type":"","background-media":"","overlay-type":"","overlay-color":"","overlay-opacity":"","overlay-gradient":""},"mobile":{"background-color":"var(--ast-global-color-5)","background-image":"","background-repeat":"repeat","background-position":"center center","background-size":"auto","background-attachment":"scroll","background-type":"","background-media":"","overlay-type":"","overlay-color":"","overlay-opacity":"","overlay-gradient":""}},"footnotes":""},"class_list":["post-147","page","type-page","status-publish","hentry"],"yoast_head":"<!-- This site is optimized with the Yoast SEO plugin v27.2 - https:\/\/yoast.com\/product\/yoast-seo-wordpress\/ -->\n<title>Einkaufsbedingungen | Humbach Group<\/title>\n<meta name=\"robots\" content=\"index, follow, max-snippet:-1, max-image-preview:large, max-video-preview:-1\" \/>\n<link rel=\"canonical\" href=\"https:\/\/www.humbach.de\/pl\/warunki-zakupu\/\" \/>\n<meta property=\"og:locale\" content=\"pl_PL\" \/>\n<meta property=\"og:type\" content=\"article\" \/>\n<meta property=\"og:title\" content=\"Einkaufsbedingungen | Humbach Group\" \/>\n<meta property=\"og:description\" content=\"Einkaufs&#038;shybedingungen Dokument als PDF 1. MengenDie genannten Mengen entsprechen dem Bedarf f\u00fcr den im Rahmenvertrag genannten Zeitraum. Es handelt sich um Circa-Angaben, die markt\u00fcblichen Schwankungen unterliegen k\u00f6nnen. Sollten Mengen zum Laufzeitende zu weniger als 90% ausgesch\u00f6pft sein, so werden hier\u00fcber Vereinbarungen getroffen, die sich an Punkt 11 orientieren. Restmengen kleiner 10% verfallen. 2. PreiseDie angegebenen [&hellip;]\" \/>\n<meta property=\"og:url\" content=\"https:\/\/www.humbach.de\/pl\/warunki-zakupu\/\" \/>\n<meta property=\"og:site_name\" content=\"Humbach Group\" \/>\n<meta property=\"article:publisher\" content=\"https:\/\/www.facebook.com\/people\/Humbach-GmbH-Co-KG\/100090408339232\/\" \/>\n<meta property=\"article:modified_time\" content=\"2023-03-06T09:52:19+00:00\" \/>\n<meta name=\"twitter:card\" content=\"summary_large_image\" \/>\n<meta name=\"twitter:label1\" content=\"Szacowany czas czytania\" \/>\n\t<meta name=\"twitter:data1\" content=\"6 minut\" \/>\n<script type=\"application\/ld+json\" class=\"yoast-schema-graph\">{\"@context\":\"https:\/\/schema.org\",\"@graph\":[{\"@type\":\"WebPage\",\"@id\":\"https:\/\/www.humbach.de\/einkaufsbedingungen\/\",\"url\":\"https:\/\/www.humbach.de\/einkaufsbedingungen\/\",\"name\":\"Einkaufsbedingungen | Humbach Group\",\"isPartOf\":{\"@id\":\"https:\/\/www.humbach.de\/#website\"},\"datePublished\":\"2023-02-08T15:38:20+00:00\",\"dateModified\":\"2023-03-06T09:52:19+00:00\",\"breadcrumb\":{\"@id\":\"https:\/\/www.humbach.de\/einkaufsbedingungen\/#breadcrumb\"},\"inLanguage\":\"pl-PL\",\"potentialAction\":[{\"@type\":\"ReadAction\",\"target\":[\"https:\/\/www.humbach.de\/einkaufsbedingungen\/\"]}]},{\"@type\":\"BreadcrumbList\",\"@id\":\"https:\/\/www.humbach.de\/einkaufsbedingungen\/#breadcrumb\",\"itemListElement\":[{\"@type\":\"ListItem\",\"position\":1,\"name\":\"Home\",\"item\":\"https:\/\/www.humbach.de\/\"},{\"@type\":\"ListItem\",\"position\":2,\"name\":\"Einkaufsbedingungen\"}]},{\"@type\":\"WebSite\",\"@id\":\"https:\/\/www.humbach.de\/#website\",\"url\":\"https:\/\/www.humbach.de\/\",\"name\":\"Humbach GmbH & Co. KG\",\"description\":\"Schl\u00fcsselkomponenten f\u00fcr Ihre Produkte\",\"publisher\":{\"@id\":\"https:\/\/www.humbach.de\/#organization\"},\"potentialAction\":[{\"@type\":\"SearchAction\",\"target\":{\"@type\":\"EntryPoint\",\"urlTemplate\":\"https:\/\/www.humbach.de\/?s={search_term_string}\"},\"query-input\":{\"@type\":\"PropertyValueSpecification\",\"valueRequired\":true,\"valueName\":\"search_term_string\"}}],\"inLanguage\":\"pl-PL\"},{\"@type\":\"Organization\",\"@id\":\"https:\/\/www.humbach.de\/#organization\",\"name\":\"Humbach GmbH & Co. KG\",\"url\":\"https:\/\/www.humbach.de\/\",\"logo\":{\"@type\":\"ImageObject\",\"inLanguage\":\"pl-PL\",\"@id\":\"https:\/\/www.humbach.de\/#\/schema\/logo\/image\/\",\"url\":\"https:\/\/www.humbach.de\/wp-content\/uploads\/2023\/02\/2023-02-15_LOGOS_HUMBACH-grau.png\",\"contentUrl\":\"https:\/\/www.humbach.de\/wp-content\/uploads\/2023\/02\/2023-02-15_LOGOS_HUMBACH-grau.png\",\"width\":600,\"height\":270,\"caption\":\"Humbach GmbH & Co. KG\"},\"image\":{\"@id\":\"https:\/\/www.humbach.de\/#\/schema\/logo\/image\/\"},\"sameAs\":[\"https:\/\/www.facebook.com\/people\/Humbach-GmbH-Co-KG\/100090408339232\/\",\"https:\/\/www.instagram.com\/humbach.group\/\",\"https:\/\/www.linkedin.com\/company\/humbach\/\"]}]}<\/script>\n<!-- \/ Yoast SEO plugin. -->","yoast_head_json":{"title":"Warunki zakupu | Humbach Group","robots":{"index":"index","follow":"follow","max-snippet":"max-snippet:-1","max-image-preview":"max-image-preview:large","max-video-preview":"max-video-preview:-1"},"canonical":"https:\/\/www.humbach.de\/pl\/warunki-zakupu\/","og_locale":"pl_PL","og_type":"article","og_title":"Einkaufsbedingungen | Humbach Group","og_description":"Einkaufs&#038;shybedingungen Dokument als PDF 1. MengenDie genannten Mengen entsprechen dem Bedarf f\u00fcr den im Rahmenvertrag genannten Zeitraum. Es handelt sich um Circa-Angaben, die markt\u00fcblichen Schwankungen unterliegen k\u00f6nnen. Sollten Mengen zum Laufzeitende zu weniger als 90% ausgesch\u00f6pft sein, so werden hier\u00fcber Vereinbarungen getroffen, die sich an Punkt 11 orientieren. Restmengen kleiner 10% verfallen. 2. PreiseDie angegebenen [&hellip;]","og_url":"https:\/\/www.humbach.de\/pl\/warunki-zakupu\/","og_site_name":"Humbach Group","article_publisher":"https:\/\/www.facebook.com\/people\/Humbach-GmbH-Co-KG\/100090408339232\/","article_modified_time":"2023-03-06T09:52:19+00:00","twitter_card":"summary_large_image","twitter_misc":{"Szacowany czas czytania":"6 minut"},"schema":{"@context":"https:\/\/schema.org","@graph":[{"@type":"WebPage","@id":"https:\/\/www.humbach.de\/einkaufsbedingungen\/","url":"https:\/\/www.humbach.de\/einkaufsbedingungen\/","name":"Warunki zakupu | Humbach Group","isPartOf":{"@id":"https:\/\/www.humbach.de\/#website"},"datePublished":"2023-02-08T15:38:20+00:00","dateModified":"2023-03-06T09:52:19+00:00","breadcrumb":{"@id":"https:\/\/www.humbach.de\/einkaufsbedingungen\/#breadcrumb"},"inLanguage":"pl-PL","potentialAction":[{"@type":"ReadAction","target":["https:\/\/www.humbach.de\/einkaufsbedingungen\/"]}]},{"@type":"BreadcrumbList","@id":"https:\/\/www.humbach.de\/einkaufsbedingungen\/#breadcrumb","itemListElement":[{"@type":"ListItem","position":1,"name":"Home","item":"https:\/\/www.humbach.de\/"},{"@type":"ListItem","position":2,"name":"Einkaufsbedingungen"}]},{"@type":"WebSite","@id":"https:\/\/www.humbach.de\/#website","url":"https:\/\/www.humbach.de\/","name":"Humbach GmbH &amp; Co. KG","description":"Kluczowe komponenty dla produkt\u00f3w","publisher":{"@id":"https:\/\/www.humbach.de\/#organization"},"potentialAction":[{"@type":"SearchAction","target":{"@type":"EntryPoint","urlTemplate":"https:\/\/www.humbach.de\/?s={search_term_string}"},"query-input":{"@type":"PropertyValueSpecification","valueRequired":true,"valueName":"search_term_string"}}],"inLanguage":"pl-PL"},{"@type":"Organization","@id":"https:\/\/www.humbach.de\/#organization","name":"Humbach GmbH &amp; Co. KG","url":"https:\/\/www.humbach.de\/","logo":{"@type":"ImageObject","inLanguage":"pl-PL","@id":"https:\/\/www.humbach.de\/#\/schema\/logo\/image\/","url":"https:\/\/www.humbach.de\/wp-content\/uploads\/2023\/02\/2023-02-15_LOGOS_HUMBACH-grau.png","contentUrl":"https:\/\/www.humbach.de\/wp-content\/uploads\/2023\/02\/2023-02-15_LOGOS_HUMBACH-grau.png","width":600,"height":270,"caption":"Humbach GmbH & Co. KG"},"image":{"@id":"https:\/\/www.humbach.de\/#\/schema\/logo\/image\/"},"sameAs":["https:\/\/www.facebook.com\/people\/Humbach-GmbH-Co-KG\/100090408339232\/","https:\/\/www.instagram.com\/humbach.group\/","https:\/\/www.linkedin.com\/company\/humbach\/"]}]}},"_links":{"self":[{"href":"https:\/\/www.humbach.de\/pl\/wp-json\/wp\/v2\/pages\/147","targetHints":{"allow":["GET"]}}],"collection":[{"href":"https:\/\/www.humbach.de\/pl\/wp-json\/wp\/v2\/pages"}],"about":[{"href":"https:\/\/www.humbach.de\/pl\/wp-json\/wp\/v2\/types\/page"}],"author":[{"embeddable":true,"href":"https:\/\/www.humbach.de\/pl\/wp-json\/wp\/v2\/users\/2"}],"replies":[{"embeddable":true,"href":"https:\/\/www.humbach.de\/pl\/wp-json\/wp\/v2\/comments?post=147"}],"version-history":[{"count":19,"href":"https:\/\/www.humbach.de\/pl\/wp-json\/wp\/v2\/pages\/147\/revisions"}],"predecessor-version":[{"id":1967,"href":"https:\/\/www.humbach.de\/pl\/wp-json\/wp\/v2\/pages\/147\/revisions\/1967"}],"wp:attachment":[{"href":"https:\/\/www.humbach.de\/pl\/wp-json\/wp\/v2\/media?parent=147"}],"curies":[{"name":"wp","href":"https:\/\/api.w.org\/{rel}","templated":true}]}}