{"id":580,"date":"2023-02-15T10:53:58","date_gmt":"2023-02-15T09:53:58","guid":{"rendered":"https:\/\/www.humbach.de\/?page_id=580"},"modified":"2024-06-13T15:20:55","modified_gmt":"2024-06-13T13:20:55","slug":"qualita","status":"publish","type":"page","link":"https:\/\/www.humbach.de\/it\/unternehmen\/qualitaet\/","title":{"rendered":"Qualit\u00e0"},"content":{"rendered":"<div data-elementor-type=\"wp-page\" data-elementor-id=\"580\" class=\"elementor elementor-580\" data-elementor-post-type=\"page\">\n\t\t\t\t<div class=\"elementor-element elementor-element-3b3d4ed3 e-flex e-con-boxed e-con e-parent\" data-id=\"3b3d4ed3\" data-element_type=\"container\" data-e-type=\"container\" data-settings=\"{&quot;background_background&quot;:&quot;classic&quot;}\">\n\t\t\t\t\t<div class=\"e-con-inner\">\n\t\t<div class=\"elementor-element elementor-element-313e8ea8 e-flex e-con-boxed e-con e-child\" data-id=\"313e8ea8\" data-element_type=\"container\" data-e-type=\"container\">\n\t\t\t\t\t<div class=\"e-con-inner\">\n\t\t\t\t\t<\/div>\n\t\t\t\t<\/div>\n\t\t\t\t\t<\/div>\n\t\t\t\t<\/div>\n\t\t<div class=\"elementor-element elementor-element-da8d209 e-flex e-con-boxed e-con e-parent\" data-id=\"da8d209\" data-element_type=\"container\" data-e-type=\"container\">\n\t\t\t\t\t<div class=\"e-con-inner\">\n\t\t<div class=\"elementor-element elementor-element-adcd7d3 e-flex e-con-boxed e-con e-child\" data-id=\"adcd7d3\" data-element_type=\"container\" data-e-type=\"container\">\n\t\t\t\t\t<div class=\"e-con-inner\">\n\t\t\t\t<div class=\"elementor-element elementor-element-289edb8 elementor-widget elementor-widget-heading\" data-id=\"289edb8\" data-element_type=\"widget\" data-e-type=\"widget\" data-widget_type=\"heading.default\">\n\t\t\t\t<div class=\"elementor-widget-container\">\n\t\t\t\t\t<h2 class=\"elementor-heading-title elementor-size-default\">Requisiti elevati per prestazioni complete<\/h2>\t\t\t\t<\/div>\n\t\t\t\t<\/div>\n\t\t\t\t<div class=\"elementor-element elementor-element-d6acd59 elementor-widget elementor-widget-text-editor\" data-id=\"d6acd59\" data-element_type=\"widget\" data-e-type=\"widget\" data-widget_type=\"text-editor.default\">\n\t\t\t\t<div class=\"elementor-widget-container\">\n\t\t\t\t\t\t\t\t\t<p>Quando promettiamo alta qualit\u00e0, non intendiamo fare autopromozione. Vogliamo fornire prodotti su cui si possa fare affidamento e che si possano utilizzare con un reale valore aggiunto. Ecco perch\u00e9 i nostri elevati standard di qualit\u00e0 sono presenti in tutta l'azienda: Lo applichiamo anche, ad esempio, sotto forma di formazione continua per i nostri dipendenti o di massima professionalit\u00e0 nella collaborazione con i partner. Produciamo componenti per ogni settore secondo gli standard automobilistici e soddisfiamo i pi\u00f9 elevati standard con l'aiuto di sistemi di gestione della qualit\u00e0 certificati. Grazie a servizi come i controlli 100% (ad esempio per la tenuta), lo stoccaggio ottimale e i campioni anticipati con il rapporto di prova del campione iniziale, evitiamo i resi e garantiamo le prestazioni dei vostri prodotti.<\/p><p>La nostra qualit\u00e0 \u00e8 qualcosa di cui essere orgogliosi - nero su bianco: Humbach \u00e8 un'azienda con molte certificazioni e soddisfa anche i criteri pi\u00f9 esigenti.<\/p>\t\t\t\t\t\t\t\t<\/div>\n\t\t\t\t<\/div>\n\t\t\t\t\t<\/div>\n\t\t\t\t<\/div>\n\t\t<div class=\"elementor-element elementor-element-b3abda2 e-flex e-con-boxed e-con e-child\" data-id=\"b3abda2\" data-element_type=\"container\" data-e-type=\"container\">\n\t\t\t\t\t<div class=\"e-con-inner\">\n\t\t\t\t<div class=\"elementor-element elementor-element-b2c257a elementor-widget elementor-widget-heading\" data-id=\"b2c257a\" data-element_type=\"widget\" data-e-type=\"widget\" data-widget_type=\"heading.default\">\n\t\t\t\t<div class=\"elementor-widget-container\">\n\t\t\t\t\t<h2 class=\"elementor-heading-title elementor-size-default\">Requisiti elevati per prestazioni complete<\/h2>\t\t\t\t<\/div>\n\t\t\t\t<\/div>\n\t\t\t\t<div class=\"elementor-element elementor-element-480df49 elementor-widget elementor-widget-text-editor\" data-id=\"480df49\" data-element_type=\"widget\" data-e-type=\"widget\" data-widget_type=\"text-editor.default\">\n\t\t\t\t<div class=\"elementor-widget-container\">\n\t\t\t\t\t\t\t\t\t<p>Quando promettiamo alta qualit\u00e0, non intendiamo fare autopromozione. Vogliamo fornire prodotti su cui si possa fare affidamento e che si possano utilizzare con un reale valore aggiunto. Ecco perch\u00e9 i nostri elevati standard di qualit\u00e0 sono presenti in tutta l'azienda: Lo applichiamo anche, ad esempio, sotto forma di formazione continua per i nostri dipendenti o di massima professionalit\u00e0 nella collaborazione con i partner. Produciamo componenti per ogni settore secondo gli standard automobilistici e soddisfiamo i pi\u00f9 elevati standard con l'aiuto di sistemi di gestione della qualit\u00e0 certificati. Grazie a servizi come i controlli 100% (ad esempio per la tenuta), lo stoccaggio ottimale e i campioni anticipati con il rapporto di prova del campione iniziale, evitiamo i resi e garantiamo le prestazioni dei vostri prodotti.<\/p><p>La nostra qualit\u00e0 \u00e8 qualcosa di cui essere orgogliosi - nero su bianco: Humbach \u00e8 un'azienda con molte certificazioni e soddisfa anche i criteri pi\u00f9 esigenti.<\/p>\t\t\t\t\t\t\t\t<\/div>\n\t\t\t\t<\/div>\n\t\t\t\t\t<\/div>\n\t\t\t\t<\/div>\n\t\t\t\t\t<\/div>\n\t\t\t\t<\/div>\n\t\t<div class=\"elementor-element elementor-element-f36480a e-flex e-con-boxed e-con e-parent\" data-id=\"f36480a\" data-element_type=\"container\" data-e-type=\"container\" data-settings=\"{&quot;background_background&quot;:&quot;classic&quot;}\">\n\t\t\t\t\t<div class=\"e-con-inner\">\n\t\t<div class=\"elementor-element elementor-element-ae477ea e-con-full e-flex elementor-invisible e-con e-child\" data-id=\"ae477ea\" data-element_type=\"container\" data-e-type=\"container\" data-settings=\"{&quot;background_background&quot;:&quot;classic&quot;,&quot;animation&quot;:&quot;fadeInUp&quot;}\">\n\t\t\t\t<div class=\"elementor-element elementor-element-9eb5a88 elementor-widget elementor-widget-image\" data-id=\"9eb5a88\" data-element_type=\"widget\" data-e-type=\"widget\" data-widget_type=\"image.default\">\n\t\t\t\t<div class=\"elementor-widget-container\">\n\t\t\t\t\t\t\t\t\t\t\t\t\t\t\t\t<a href=\"https:\/\/www.humbach.de\/wp-content\/uploads\/2024\/06\/9001_Humbach_deu.pdf\" target=\"_blank\">\n\t\t\t\t\t\t\t<img decoding=\"async\" width=\"198\" height=\"156\" src=\"https:\/\/www.humbach.de\/wp-content\/uploads\/2023\/02\/zertifikat1.png\" class=\"attachment-medium size-medium wp-image-892\" alt=\"\" srcset=\"https:\/\/www.humbach.de\/wp-content\/uploads\/2023\/02\/zertifikat1.png 198w, https:\/\/www.humbach.de\/wp-content\/uploads\/2023\/02\/zertifikat1-15x12.png 15w\" sizes=\"(max-width: 198px) 100vw, 198px\" \/>\t\t\t\t\t\t\t\t<\/a>\n\t\t\t\t\t\t\t\t\t\t\t\t\t\t\t<\/div>\n\t\t\t\t<\/div>\n\t\t\t\t<div class=\"elementor-element elementor-element-47c3f1f elementor-widget elementor-widget-heading\" data-id=\"47c3f1f\" data-element_type=\"widget\" data-e-type=\"widget\" data-widget_type=\"heading.default\">\n\t\t\t\t<div class=\"elementor-widget-container\">\n\t\t\t\t\t<p class=\"elementor-heading-title elementor-size-default\"><a href=\"https:\/\/www.humbach.de\/wp-content\/uploads\/2024\/06\/9001_Humbach_deu.pdf\" target=\"_blank\">DIN EN ISO 9001:2015<\/a><\/p>\t\t\t\t<\/div>\n\t\t\t\t<\/div>\n\t\t\t\t<\/div>\n\t\t<div class=\"elementor-element elementor-element-0cfc0ca e-con-full e-flex elementor-invisible e-con e-child\" data-id=\"0cfc0ca\" data-element_type=\"container\" data-e-type=\"container\" data-settings=\"{&quot;background_background&quot;:&quot;classic&quot;,&quot;animation&quot;:&quot;fadeInUp&quot;,&quot;animation_delay&quot;:200}\">\n\t\t\t\t<div class=\"elementor-element elementor-element-2180c09 elementor-widget elementor-widget-image\" data-id=\"2180c09\" data-element_type=\"widget\" data-e-type=\"widget\" data-widget_type=\"image.default\">\n\t\t\t\t<div class=\"elementor-widget-container\">\n\t\t\t\t\t\t\t\t\t\t\t\t\t\t\t\t<a href=\"https:\/\/www.humbach.de\/wp-content\/uploads\/2023\/02\/SZI_Zertifikat_16949_2016_deutsch.pdf\" target=\"_blank\">\n\t\t\t\t\t\t\t<img decoding=\"async\" width=\"201\" height=\"162\" src=\"https:\/\/www.humbach.de\/wp-content\/uploads\/2023\/02\/zertifikat.png\" class=\"attachment-medium size-medium wp-image-891\" alt=\"\" srcset=\"https:\/\/www.humbach.de\/wp-content\/uploads\/2023\/02\/zertifikat.png 201w, https:\/\/www.humbach.de\/wp-content\/uploads\/2023\/02\/zertifikat-15x12.png 15w\" sizes=\"(max-width: 201px) 100vw, 201px\" \/>\t\t\t\t\t\t\t\t<\/a>\n\t\t\t\t\t\t\t\t\t\t\t\t\t\t\t<\/div>\n\t\t\t\t<\/div>\n\t\t\t\t<div class=\"elementor-element elementor-element-e9f8439 elementor-widget elementor-widget-heading\" data-id=\"e9f8439\" data-element_type=\"widget\" data-e-type=\"widget\" data-widget_type=\"heading.default\">\n\t\t\t\t<div class=\"elementor-widget-container\">\n\t\t\t\t\t<p class=\"elementor-heading-title elementor-size-default\"><a href=\"https:\/\/www.humbach.de\/wp-content\/uploads\/2023\/02\/SZI_Zertifikat_16949_2016_deutsch.pdf\" target=\"_blank\">IATF 16949:2016\n<br><\/a><\/p>\t\t\t\t<\/div>\n\t\t\t\t<\/div>\n\t\t\t\t<div class=\"elementor-element elementor-element-28c0f63 elementor-widget elementor-widget-heading\" data-id=\"28c0f63\" data-element_type=\"widget\" data-e-type=\"widget\" data-widget_type=\"heading.default\">\n\t\t\t\t<div class=\"elementor-widget-container\">\n\t\t\t\t\t<p class=\"elementor-heading-title elementor-size-default\"><a href=\"https:\/\/www.humbach.de\/wp-content\/uploads\/2023\/02\/SZI_Zertifikat_16949_2016_deutsch.pdf\" target=\"_blank\">Wir wenden die Regeln und Standards der International Automotive Task Force (IATF) in unserem Unternehmen an, \num sicherzustellen, dass unsere Prozesse und Produkte den branchenweit anerkannten Qualit\u00e4tsstandards entsprechen. \nWir haben uns jedoch entschieden, derzeit keine Zertifizierung gem\u00e4\u00df den IATF-Standards zu beantragen.\n<\/a><\/p>\t\t\t\t<\/div>\n\t\t\t\t<\/div>\n\t\t\t\t<\/div>\n\t\t\t\t\t<\/div>\n\t\t\t\t<\/div>\n\t\t<div class=\"elementor-element elementor-element-9b851f4 e-flex e-con-boxed e-con e-parent\" data-id=\"9b851f4\" data-element_type=\"container\" data-e-type=\"container\">\n\t\t\t\t\t<div class=\"e-con-inner\">\n\t\t\t\t\t<\/div>\n\t\t\t\t<\/div>\n\t\t\t\t<\/div>","protected":false},"excerpt":{"rendered":"<p>Hohe Anspr\u00fcche f\u00fcr volle Leistung Wenn wir hohe Qualit\u00e4t versprechen, geht es uns nicht um Selbstdarstellung. Wir m\u00f6chten Ihnen Produkte liefern, auf die Sie sich verlassen und die Sie mit echtem Mehrwert einsetzen k\u00f6nnen. Deshalb zieht sich unser hoher Qualit\u00e4tsanspruch durchs gesamte Unternehmen: Diesen setzen wir zum Beispiel auch in Form von st\u00e4ndigen Weiterbildungen f\u00fcr [&hellip;]<\/p>\n","protected":false},"author":2,"featured_media":0,"parent":55,"menu_order":0,"comment_status":"closed","ping_status":"closed","template":"","meta":{"site-sidebar-layout":"no-sidebar","site-content-layout":"page-builder","ast-site-content-layout":"","site-content-style":"default","site-sidebar-style":"default","ast-global-header-display":"","ast-banner-title-visibility":"","ast-main-header-display":"","ast-hfb-above-header-display":"","ast-hfb-below-header-display":"","ast-hfb-mobile-header-display":"","site-post-title":"disabled","ast-breadcrumbs-content":"","ast-featured-img":"disabled","footer-sml-layout":"","theme-transparent-header-meta":"","adv-header-id-meta":"","stick-header-meta":"","header-above-stick-meta":"","header-main-stick-meta":"","header-below-stick-meta":"","astra-migrate-meta-layouts":"default","ast-page-background-enabled":"default","ast-page-background-meta":{"desktop":{"background-color":"var(--ast-global-color-4)","background-image":"","background-repeat":"repeat","background-position":"center center","background-size":"auto","background-attachment":"scroll","background-type":"","background-media":"","overlay-type":"","overlay-color":"","overlay-opacity":"","overlay-gradient":""},"tablet":{"background-color":"","background-image":"","background-repeat":"repeat","background-position":"center center","background-size":"auto","background-attachment":"scroll","background-type":"","background-media":"","overlay-type":"","overlay-color":"","overlay-opacity":"","overlay-gradient":""},"mobile":{"background-color":"","background-image":"","background-repeat":"repeat","background-position":"center center","background-size":"auto","background-attachment":"scroll","background-type":"","background-media":"","overlay-type":"","overlay-color":"","overlay-opacity":"","overlay-gradient":""}},"ast-content-background-meta":{"desktop":{"background-color":"var(--ast-global-color-5)","background-image":"","background-repeat":"repeat","background-position":"center center","background-size":"auto","background-attachment":"scroll","background-type":"","background-media":"","overlay-type":"","overlay-color":"","overlay-opacity":"","overlay-gradient":""},"tablet":{"background-color":"var(--ast-global-color-5)","background-image":"","background-repeat":"repeat","background-position":"center center","background-size":"auto","background-attachment":"scroll","background-type":"","background-media":"","overlay-type":"","overlay-color":"","overlay-opacity":"","overlay-gradient":""},"mobile":{"background-color":"var(--ast-global-color-5)","background-image":"","background-repeat":"repeat","background-position":"center center","background-size":"auto","background-attachment":"scroll","background-type":"","background-media":"","overlay-type":"","overlay-color":"","overlay-opacity":"","overlay-gradient":""}},"footnotes":""},"class_list":["post-580","page","type-page","status-publish","hentry"],"yoast_head":"<!-- This site is optimized with the Yoast SEO plugin v27.2 - https:\/\/yoast.com\/product\/yoast-seo-wordpress\/ -->\n<title>Qualit\u00e4t | Humbach Group<\/title>\n<meta name=\"robots\" content=\"index, follow, max-snippet:-1, max-image-preview:large, max-video-preview:-1\" \/>\n<link rel=\"canonical\" href=\"https:\/\/www.humbach.de\/it\/azienda\/qualita\/\" \/>\n<meta property=\"og:locale\" content=\"it_IT\" \/>\n<meta property=\"og:type\" content=\"article\" \/>\n<meta property=\"og:title\" content=\"Qualit\u00e4t | Humbach Group\" \/>\n<meta property=\"og:description\" content=\"Hohe Anspr\u00fcche f\u00fcr volle Leistung Wenn wir hohe Qualit\u00e4t versprechen, geht es uns nicht um Selbstdarstellung. Wir m\u00f6chten Ihnen Produkte liefern, auf die Sie sich verlassen und die Sie mit echtem Mehrwert einsetzen k\u00f6nnen. Deshalb zieht sich unser hoher Qualit\u00e4tsanspruch durchs gesamte Unternehmen: Diesen setzen wir zum Beispiel auch in Form von st\u00e4ndigen Weiterbildungen f\u00fcr [&hellip;]\" \/>\n<meta property=\"og:url\" content=\"https:\/\/www.humbach.de\/it\/azienda\/qualita\/\" \/>\n<meta property=\"og:site_name\" content=\"Humbach Group\" \/>\n<meta property=\"article:publisher\" content=\"https:\/\/www.facebook.com\/people\/Humbach-GmbH-Co-KG\/100090408339232\/\" \/>\n<meta property=\"article:modified_time\" content=\"2024-06-13T13:20:55+00:00\" \/>\n<meta property=\"og:image\" content=\"https:\/\/www.humbach.de\/wp-content\/uploads\/2023\/02\/zertifikat1.png\" \/>\n<meta name=\"twitter:card\" content=\"summary_large_image\" \/>\n<meta name=\"twitter:label1\" content=\"Tempo di lettura stimato\" \/>\n\t<meta name=\"twitter:data1\" content=\"3 minuti\" \/>\n<script type=\"application\/ld+json\" class=\"yoast-schema-graph\">{\"@context\":\"https:\/\/schema.org\",\"@graph\":[{\"@type\":\"WebPage\",\"@id\":\"https:\/\/www.humbach.de\/unternehmen\/qualitaet\/\",\"url\":\"https:\/\/www.humbach.de\/unternehmen\/qualitaet\/\",\"name\":\"Qualit\u00e4t | Humbach Group\",\"isPartOf\":{\"@id\":\"https:\/\/www.humbach.de\/#website\"},\"primaryImageOfPage\":{\"@id\":\"https:\/\/www.humbach.de\/unternehmen\/qualitaet\/#primaryimage\"},\"image\":{\"@id\":\"https:\/\/www.humbach.de\/unternehmen\/qualitaet\/#primaryimage\"},\"thumbnailUrl\":\"https:\/\/www.humbach.de\/wp-content\/uploads\/2023\/02\/zertifikat1.png\",\"datePublished\":\"2023-02-15T09:53:58+00:00\",\"dateModified\":\"2024-06-13T13:20:55+00:00\",\"breadcrumb\":{\"@id\":\"https:\/\/www.humbach.de\/unternehmen\/qualitaet\/#breadcrumb\"},\"inLanguage\":\"it-IT\",\"potentialAction\":[{\"@type\":\"ReadAction\",\"target\":[\"https:\/\/www.humbach.de\/unternehmen\/qualitaet\/\"]}]},{\"@type\":\"ImageObject\",\"inLanguage\":\"it-IT\",\"@id\":\"https:\/\/www.humbach.de\/unternehmen\/qualitaet\/#primaryimage\",\"url\":\"https:\/\/www.humbach.de\/wp-content\/uploads\/2023\/02\/zertifikat1.png\",\"contentUrl\":\"https:\/\/www.humbach.de\/wp-content\/uploads\/2023\/02\/zertifikat1.png\"},{\"@type\":\"BreadcrumbList\",\"@id\":\"https:\/\/www.humbach.de\/unternehmen\/qualitaet\/#breadcrumb\",\"itemListElement\":[{\"@type\":\"ListItem\",\"position\":1,\"name\":\"Home\",\"item\":\"https:\/\/www.humbach.de\/\"},{\"@type\":\"ListItem\",\"position\":2,\"name\":\"Unternehmen\",\"item\":\"https:\/\/www.humbach.de\/unternehmen\/\"},{\"@type\":\"ListItem\",\"position\":3,\"name\":\"Qualit\u00e4t\"}]},{\"@type\":\"WebSite\",\"@id\":\"https:\/\/www.humbach.de\/#website\",\"url\":\"https:\/\/www.humbach.de\/\",\"name\":\"Humbach GmbH & Co. KG\",\"description\":\"Schl\u00fcsselkomponenten f\u00fcr Ihre Produkte\",\"publisher\":{\"@id\":\"https:\/\/www.humbach.de\/#organization\"},\"potentialAction\":[{\"@type\":\"SearchAction\",\"target\":{\"@type\":\"EntryPoint\",\"urlTemplate\":\"https:\/\/www.humbach.de\/?s={search_term_string}\"},\"query-input\":{\"@type\":\"PropertyValueSpecification\",\"valueRequired\":true,\"valueName\":\"search_term_string\"}}],\"inLanguage\":\"it-IT\"},{\"@type\":\"Organization\",\"@id\":\"https:\/\/www.humbach.de\/#organization\",\"name\":\"Humbach GmbH & Co. KG\",\"url\":\"https:\/\/www.humbach.de\/\",\"logo\":{\"@type\":\"ImageObject\",\"inLanguage\":\"it-IT\",\"@id\":\"https:\/\/www.humbach.de\/#\/schema\/logo\/image\/\",\"url\":\"https:\/\/www.humbach.de\/wp-content\/uploads\/2023\/02\/2023-02-15_LOGOS_HUMBACH-grau.png\",\"contentUrl\":\"https:\/\/www.humbach.de\/wp-content\/uploads\/2023\/02\/2023-02-15_LOGOS_HUMBACH-grau.png\",\"width\":600,\"height\":270,\"caption\":\"Humbach GmbH & Co. KG\"},\"image\":{\"@id\":\"https:\/\/www.humbach.de\/#\/schema\/logo\/image\/\"},\"sameAs\":[\"https:\/\/www.facebook.com\/people\/Humbach-GmbH-Co-KG\/100090408339232\/\",\"https:\/\/www.instagram.com\/humbach.group\/\",\"https:\/\/www.linkedin.com\/company\/humbach\/\"]}]}<\/script>\n<!-- \/ Yoast SEO plugin. -->","yoast_head_json":{"title":"Qualit\u00e0 | Gruppo Humbach","robots":{"index":"index","follow":"follow","max-snippet":"max-snippet:-1","max-image-preview":"max-image-preview:large","max-video-preview":"max-video-preview:-1"},"canonical":"https:\/\/www.humbach.de\/it\/azienda\/qualita\/","og_locale":"it_IT","og_type":"article","og_title":"Qualit\u00e4t | Humbach Group","og_description":"Hohe Anspr\u00fcche f\u00fcr volle Leistung Wenn wir hohe Qualit\u00e4t versprechen, geht es uns nicht um Selbstdarstellung. Wir m\u00f6chten Ihnen Produkte liefern, auf die Sie sich verlassen und die Sie mit echtem Mehrwert einsetzen k\u00f6nnen. Deshalb zieht sich unser hoher Qualit\u00e4tsanspruch durchs gesamte Unternehmen: Diesen setzen wir zum Beispiel auch in Form von st\u00e4ndigen Weiterbildungen f\u00fcr [&hellip;]","og_url":"https:\/\/www.humbach.de\/it\/azienda\/qualita\/","og_site_name":"Humbach Group","article_publisher":"https:\/\/www.facebook.com\/people\/Humbach-GmbH-Co-KG\/100090408339232\/","article_modified_time":"2024-06-13T13:20:55+00:00","og_image":[{"url":"https:\/\/www.humbach.de\/wp-content\/uploads\/2023\/02\/zertifikat1.png","type":"","width":"","height":""}],"twitter_card":"summary_large_image","twitter_misc":{"Tempo di lettura stimato":"3 minuti"},"schema":{"@context":"https:\/\/schema.org","@graph":[{"@type":"WebPage","@id":"https:\/\/www.humbach.de\/unternehmen\/qualitaet\/","url":"https:\/\/www.humbach.de\/unternehmen\/qualitaet\/","name":"Qualit\u00e0 | Gruppo Humbach","isPartOf":{"@id":"https:\/\/www.humbach.de\/#website"},"primaryImageOfPage":{"@id":"https:\/\/www.humbach.de\/unternehmen\/qualitaet\/#primaryimage"},"image":{"@id":"https:\/\/www.humbach.de\/unternehmen\/qualitaet\/#primaryimage"},"thumbnailUrl":"https:\/\/www.humbach.de\/wp-content\/uploads\/2023\/02\/zertifikat1.png","datePublished":"2023-02-15T09:53:58+00:00","dateModified":"2024-06-13T13:20:55+00:00","breadcrumb":{"@id":"https:\/\/www.humbach.de\/unternehmen\/qualitaet\/#breadcrumb"},"inLanguage":"it-IT","potentialAction":[{"@type":"ReadAction","target":["https:\/\/www.humbach.de\/unternehmen\/qualitaet\/"]}]},{"@type":"ImageObject","inLanguage":"it-IT","@id":"https:\/\/www.humbach.de\/unternehmen\/qualitaet\/#primaryimage","url":"https:\/\/www.humbach.de\/wp-content\/uploads\/2023\/02\/zertifikat1.png","contentUrl":"https:\/\/www.humbach.de\/wp-content\/uploads\/2023\/02\/zertifikat1.png"},{"@type":"BreadcrumbList","@id":"https:\/\/www.humbach.de\/unternehmen\/qualitaet\/#breadcrumb","itemListElement":[{"@type":"ListItem","position":1,"name":"Home","item":"https:\/\/www.humbach.de\/"},{"@type":"ListItem","position":2,"name":"Unternehmen","item":"https:\/\/www.humbach.de\/unternehmen\/"},{"@type":"ListItem","position":3,"name":"Qualit\u00e4t"}]},{"@type":"WebSite","@id":"https:\/\/www.humbach.de\/#website","url":"https:\/\/www.humbach.de\/","name":"Humbach GmbH &amp; Co. KG","description":"Componenti chiave per i vostri prodotti","publisher":{"@id":"https:\/\/www.humbach.de\/#organization"},"potentialAction":[{"@type":"SearchAction","target":{"@type":"EntryPoint","urlTemplate":"https:\/\/www.humbach.de\/?s={search_term_string}"},"query-input":{"@type":"PropertyValueSpecification","valueRequired":true,"valueName":"search_term_string"}}],"inLanguage":"it-IT"},{"@type":"Organization","@id":"https:\/\/www.humbach.de\/#organization","name":"Humbach GmbH &amp; Co. KG","url":"https:\/\/www.humbach.de\/","logo":{"@type":"ImageObject","inLanguage":"it-IT","@id":"https:\/\/www.humbach.de\/#\/schema\/logo\/image\/","url":"https:\/\/www.humbach.de\/wp-content\/uploads\/2023\/02\/2023-02-15_LOGOS_HUMBACH-grau.png","contentUrl":"https:\/\/www.humbach.de\/wp-content\/uploads\/2023\/02\/2023-02-15_LOGOS_HUMBACH-grau.png","width":600,"height":270,"caption":"Humbach GmbH & Co. KG"},"image":{"@id":"https:\/\/www.humbach.de\/#\/schema\/logo\/image\/"},"sameAs":["https:\/\/www.facebook.com\/people\/Humbach-GmbH-Co-KG\/100090408339232\/","https:\/\/www.instagram.com\/humbach.group\/","https:\/\/www.linkedin.com\/company\/humbach\/"]}]}},"_links":{"self":[{"href":"https:\/\/www.humbach.de\/it\/wp-json\/wp\/v2\/pages\/580","targetHints":{"allow":["GET"]}}],"collection":[{"href":"https:\/\/www.humbach.de\/it\/wp-json\/wp\/v2\/pages"}],"about":[{"href":"https:\/\/www.humbach.de\/it\/wp-json\/wp\/v2\/types\/page"}],"author":[{"embeddable":true,"href":"https:\/\/www.humbach.de\/it\/wp-json\/wp\/v2\/users\/2"}],"replies":[{"embeddable":true,"href":"https:\/\/www.humbach.de\/it\/wp-json\/wp\/v2\/comments?post=580"}],"version-history":[{"count":55,"href":"https:\/\/www.humbach.de\/it\/wp-json\/wp\/v2\/pages\/580\/revisions"}],"predecessor-version":[{"id":2158,"href":"https:\/\/www.humbach.de\/it\/wp-json\/wp\/v2\/pages\/580\/revisions\/2158"}],"up":[{"embeddable":true,"href":"https:\/\/www.humbach.de\/it\/wp-json\/wp\/v2\/pages\/55"}],"wp:attachment":[{"href":"https:\/\/www.humbach.de\/it\/wp-json\/wp\/v2\/media?parent=580"}],"curies":[{"name":"wp","href":"https:\/\/api.w.org\/{rel}","templated":true}]}}